{"id":3606,"date":"2022-04-28T17:17:41","date_gmt":"2022-04-28T15:17:41","guid":{"rendered":"https:\/\/www.hoplites.eu\/clothing-production-server-who-we-are\/"},"modified":"2025-02-03T11:06:04","modified_gmt":"2025-02-03T10:06:04","slug":"server-di-produzione-di-abbigliamento","status":"publish","type":"page","link":"https:\/\/www.hoplites.eu\/it\/server-di-produzione-di-abbigliamento\/","title":{"rendered":"Chi Siamo"},"content":{"rendered":"<div class=\"gb-container gb-container-6fac96ab\"><div class=\"gb-inside-container\">\n\n<figure class=\"wp-block-image size-full\"><img decoding=\"async\" width=\"920\" height=\"580\" src=\"https:\/\/cdn.hoplites.eu\/wp-content\/uploads\/clothing-production-hoplites-giuseppe-and-chiara.jpg?strip=all&sharp=1\" alt=\"clothing production hoplites giuseppe and chiara\" class=\"wp-image-2619\" srcset=\"https:\/\/cdn.hoplites.eu\/wp-content\/uploads\/clothing-production-hoplites-giuseppe-and-chiara.jpg?strip=all&amp;sharp=1 920w, https:\/\/cdn.hoplites.eu\/wp-content\/uploads\/clothing-production-hoplites-giuseppe-and-chiara-300x189.jpg?strip=all&amp;sharp=1 300w, https:\/\/cdn.hoplites.eu\/wp-content\/uploads\/clothing-production-hoplites-giuseppe-and-chiara-768x484.jpg?strip=all&amp;sharp=1 768w, https:\/\/cdn.hoplites.eu\/wp-content\/uploads\/clothing-production-hoplites-giuseppe-and-chiara.jpg?strip=all&amp;sharp=1&amp;w=184 184w, https:\/\/cdn.hoplites.eu\/wp-content\/uploads\/clothing-production-hoplites-giuseppe-and-chiara.jpg?strip=all&amp;sharp=1&amp;w=368 368w, https:\/\/cdn.hoplites.eu\/wp-content\/uploads\/clothing-production-hoplites-giuseppe-and-chiara.jpg?strip=all&amp;sharp=1&amp;w=552 552w, https:\/\/cdn.hoplites.eu\/wp-content\/uploads\/clothing-production-hoplites-giuseppe-and-chiara.jpg?strip=all&amp;sharp=1&amp;w=450 450w\" sizes=\"(max-width: 920px) 100vw, 920px\" \/><\/figure>\n\n\n\n<h2 class=\"gb-headline gb-headline-7225db94 gb-headline-text\"><strong><strong>Cliente&lt; &gt; Hoplites S.r.l. &lt; &gt; Produttori<\/strong><\/strong><\/h2>\n\n\n\n<p>La storia della nostra azienda nasce nel 2009 da una considerazione di base: <strong>cos\u2019\u00e8 che di solito in una produzione abbigliamento causa perdita di tempo, di denaro e l\u2019insorgere di una crescente inquietudine che a volte sfocia in vero e proprio panico da parte del committente?<\/strong><\/p>\n\n\n\n<p>La risposta \u00e8: <strong>la mancanza di una vera interazione tra&nbsp;committente<\/strong>&nbsp;e&nbsp;<strong>produttore<\/strong>; l\u2019estrema difficolt\u00e0 nel gestire a grande distanza un processo cos\u00ec delicato e complesso come la realizzazione di un capo di vestiario, ancor pi\u00f9 se la produzione implica varie tipologie di prodotto, quindi un certo numero di produttori disseminati sul territorio e ciascuno con proprie caratteristiche e dinamiche lavorative a s\u00e9 stanti.<\/p>\n\n\n\n<p><strong>Spesso il committente ha la sua sede a centinaia di chilometri di distanza dal territorio in cui avviene la produzione dei capi<\/strong>. L\u2019invio di propri tecnici sul posto implica costi elevati e, comunque, implica l\u2019impossibilit\u00e0 di avere un&nbsp;controllo quotidiano&nbsp;totale, costante ed affidabile di tutti i laboratori impiegati, tanto da assicurarsi sistematicamente<strong>&nbsp;consegne puntuali&nbsp;e di&nbsp;qualit\u00e0&nbsp;<\/strong>corrispondente ai propri dettami.&nbsp;<\/p>\n\n\n\n<p><strong>Cosa fare dunque? Come ovviare a tutto questo?<\/strong><br>La soluzione si chiama&nbsp;<strong>HOPLITES S.r.l.<\/strong><br>Dunque, noi chi siamo esattamente?<\/p>\n\n<\/div><\/div>\n\n<div class=\"gb-container gb-container-3a25b993\"><div class=\"gb-inside-container\">\n<div class=\"gb-container gb-container-9f19cf80\"><div class=\"gb-inside-container\">\n<div class=\"wp-block-image is-resized\">\n<figure class=\"aligncenter size-full\"><img decoding=\"async\" width=\"214\" height=\"167\" src=\"https:\/\/cdn.hoplites.eu\/wp-content\/uploads\/made-in-italy.png?strip=all&sharp=1\" alt=\"made in Italy\" class=\"wp-image-627\" srcset=\"https:\/\/cdn.hoplites.eu\/wp-content\/uploads\/made-in-italy.png?strip=all&amp;sharp=1 214w, https:\/\/cdn.hoplites.eu\/wp-content\/uploads\/made-in-italy.png?strip=all&amp;sharp=1&amp;w=85 85w\" sizes=\"(max-width: 214px) 100vw, 214px\" \/><\/figure>\n<\/div>\n<\/div><\/div>\n<\/div><\/div>\n\n<div class=\"gb-container gb-container-ad2b2d4a\"><div class=\"gb-inside-container\">\n\n<h2 class=\"gb-headline gb-headline-9038397d gb-headline-text\"><strong><strong>Hoplites S.r.l. = 100% Made in Italy<\/strong><\/strong><\/h2>\n\n\n\n<p>HOPLITES S.r.l. \u00e8 un\u2019azienda che, pur essendo relativamente giovane, vanta un personale con un know-how di oltre<strong>&nbsp;40 anni d\u2019esperienza<\/strong> nel settore&nbsp;<strong>abbigliamento<\/strong> di qualit\u00e0 e made in Italy.<\/p>\n\n\n\n<p>\u00c8 in grado di offrire la possibilit\u00e0 di avere un solo referente tecnico che, quotidianamente, visita i propri laboratori convenzionati, al fine di coordinare le produzioni affidate, risolvendo sul posto, rapidamente e con competenza qualsiasi problema possa venirsi a creare durante la produzione stessa, eliminando il rischio che essi possano presentarsi in fase finale, quando non si potrebbe pi\u00f9 adottare alcuna soluzione valida.<\/p>\n\n\n\n<p>Pu\u00f2 fare questo poich\u00e9 \u00e8 una struttura snella con elevatissimo grado di efficienza, convenzionata con un considerevole numero di produttori di abbigliamento, selezionati per affidabilit\u00e0, qualit\u00e0 e capacit\u00e0 collaborativa.<\/p>\n\n\n\n<p>In definitiva, HOPLITES S.r.l. \u00e8 <strong>un&nbsp;ponte di comunicazione, tra Cliente e Produttore<\/strong>, che permette lo svolgersi della produzione, senza intoppi e senza cattive sorprese.<\/p>\n\n\n\n<p>HOPLITES S.r.l. costituisce la risposta alle moderne esigenze e dinamiche di mercato cos\u00ec come si \u00e8 evoluto negli ultimi anni, focalizzata sulla soddisfazione del cliente, puntando a realizzare rapporti duraturi, con beneficio di tutte le parti in causa, piuttosto che perseguire rapporti mordi-e-fuggi di breve durata e privi di reali vantaggi per chiunque. La qualit\u00e0 e l\u2019affidabilit\u00e0 sono il nostro tratto distintivo.<\/p>\n\n\n<div class=\"gb-button-wrapper gb-button-wrapper-94bf9015\">\n\n<a class=\"gb-button gb-button-cf5f129c gb-button-text\" href=\"https:\/\/www.hoplites.eu\/contacts\/\">Contattaci<\/a>\n\n<\/div>\n<\/div><\/div>","protected":false},"excerpt":{"rendered":"<p>Cliente&lt; &gt; Hoplites S.r.l. &lt; &gt; Produttori La storia della nostra azienda nasce nel 2009 da una considerazione di base: cos\u2019\u00e8 che di solito in una produzione abbigliamento causa perdita<\/p>\n","protected":false},"author":1,"featured_media":0,"parent":0,"menu_order":0,"comment_status":"closed","ping_status":"closed","template":"","meta":{"_acf_changed":false,"inline_featured_image":false,"footnotes":""},"class_list":["post-3606","page","type-page","status-publish"],"acf":[],"_links":{"self":[{"href":"https:\/\/www.hoplites.eu\/it\/wp-json\/wp\/v2\/pages\/3606","targetHints":{"allow":["GET"]}}],"collection":[{"href":"https:\/\/www.hoplites.eu\/it\/wp-json\/wp\/v2\/pages"}],"about":[{"href":"https:\/\/www.hoplites.eu\/it\/wp-json\/wp\/v2\/types\/page"}],"author":[{"embeddable":true,"href":"https:\/\/www.hoplites.eu\/it\/wp-json\/wp\/v2\/users\/1"}],"replies":[{"embeddable":true,"href":"https:\/\/www.hoplites.eu\/it\/wp-json\/wp\/v2\/comments?post=3606"}],"version-history":[{"count":0,"href":"https:\/\/www.hoplites.eu\/it\/wp-json\/wp\/v2\/pages\/3606\/revisions"}],"wp:attachment":[{"href":"https:\/\/www.hoplites.eu\/it\/wp-json\/wp\/v2\/media?parent=3606"}],"curies":[{"name":"wp","href":"https:\/\/api.w.org\/{rel}","templated":true}]}}