{"id":3609,"date":"2022-04-29T16:30:53","date_gmt":"2022-04-29T14:30:53","guid":{"rendered":"https:\/\/www.hoplites.eu\/what-we-do-coordination-of-high-quality-clothing-manufacturing-companies\/"},"modified":"2022-10-19T12:10:48","modified_gmt":"2022-10-19T10:10:48","slug":"fasi-lavorazione-capo-sartoriale","status":"publish","type":"page","link":"https:\/\/www.hoplites.eu\/it\/fasi-lavorazione-capo-sartoriale\/","title":{"rendered":"Le fasi di lavorazione di un capo sartoriale industrializzato"},"content":{"rendered":"<div class=\"gb-container gb-container-6fac96ab\"><div class=\"gb-inside-container\">\n\n<figure class=\"wp-block-image size-full\"><img decoding=\"async\" width=\"920\" height=\"580\" src=\"https:\/\/cdn.hoplites.eu\/wp-content\/uploads\/what-we-do_hoplites.jpg?strip=all&sharp=1\" alt=\"what we do hoplites\" class=\"wp-image-3236\" srcset=\"https:\/\/cdn.hoplites.eu\/wp-content\/uploads\/what-we-do_hoplites.jpg?strip=all&amp;sharp=1 920w, https:\/\/cdn.hoplites.eu\/wp-content\/uploads\/what-we-do_hoplites-300x189.jpg?strip=all&amp;sharp=1 300w, https:\/\/cdn.hoplites.eu\/wp-content\/uploads\/what-we-do_hoplites-768x484.jpg?strip=all&amp;sharp=1 768w, https:\/\/cdn.hoplites.eu\/wp-content\/uploads\/what-we-do_hoplites.jpg?strip=all&amp;sharp=1&amp;w=184 184w, https:\/\/cdn.hoplites.eu\/wp-content\/uploads\/what-we-do_hoplites.jpg?strip=all&amp;sharp=1&amp;w=368 368w, https:\/\/cdn.hoplites.eu\/wp-content\/uploads\/what-we-do_hoplites.jpg?strip=all&amp;sharp=1&amp;w=552 552w, https:\/\/cdn.hoplites.eu\/wp-content\/uploads\/what-we-do_hoplites.jpg?strip=all&amp;sharp=1&amp;w=450 450w\" sizes=\"(max-width: 920px) 100vw, 920px\" \/><\/figure>\n\n\n\n<p><strong>Hoplites S.r.l. guida, coordina ed assiste, le fasi del lavoro di produzione<\/strong><\/p>\n\n\n\n<p>Noi ci interfacciamo quotidianamente con i<strong> nostri produttori di abbigliamento<\/strong> convenzionati, rigorosamente scelti grazie ad una lunga esperienza nell\u2019identificare i giusti partner che posseggano i giusti requisiti per soddisfare al meglio le esigenze della clientela. <\/p>\n\n\n\n<p>Forniamo al <strong>Cliente<\/strong>, in qualit\u00e0 di <strong>assistenti<\/strong> nella <strong>produzione<\/strong> di <strong>abbigliamento<\/strong> di fascia alta, un lavoro fatto con certosina cura e precisione, ottimizzando <strong>tempistica e qualit\u00e0<\/strong> del risultato finale.<\/p>\n\n\n\n<p>Inoltre, cosa molto importante, <strong>facciamo ricerca di materiale (tessuti ed accessori come bottoni. cerniere, ecc) per conto del cliente, fornendo un\u2019ampia scelta, fornendo poi direttamente i materiali che siano stati selezionati, dopo di che&nbsp;&nbsp;Hoplites S.r.l. guida, coordina ed assiste<\/strong> in modo sistematico le varie fasi del lavoro di produzione, applicando metodologie frutto di decadi d\u2019esperienza nel settore. Naturalmente, se richiesto, siamo anche in grado di fornire un servizio di puro <strong>fa\u00e7on<\/strong>.<\/p>\n\n\n\n<p>La nostra azienda&nbsp;<strong>Hoplites \u00e8 da tanti anni il punto di riferimento per i brand e i giovani stilisti<\/strong>&nbsp;che desiderano realizzare&nbsp;<strong>capi d&#8217;abbigliamento 100% made in Italy<\/strong>. Il nostro laboratorio, che ricordiamo unisce artigianalit\u00e0 e tecnologia insieme, garantisce attraverso una completa assistenza la produzione di qualsiasi capo. Maglieria, jeans, abiti, camicie, felpe e costumi da bagno sono solo alcuni indumenti che siamo in grado di realizzare con il nostro lavoro.<br><br>Il nostro lavoro non ha solo il compito di eseguire nel concreto un&#8217;idea, ma attraverso un&#8217;attenta analisi e studio del target di riferimento per cui il brand si interfaccia, seleziona con cura e suggerisce i migliori tessuti e tutti gli accessori pi\u00f9 indicati e funzionali affinch\u00e9 si possa realizzare un prodotto finito di alta qualit\u00e0.<br><br>Molti dei nostri clienti si domandano come sia possibile che una loro semplice idea stilistica da noi si possa trasformare in qualcosa di vero e unico, qualcosa di tangibile che si anima di vita propria sulle pi\u00f9 importanti passerelle di moda. Attenzione, cultura del lavoro e precisione sono ingredienti fondamentali che rendono tutto questo possibile e per cui noi ogni giorno ci prodighiamo. Il vero made in Italy \u00e8 cos\u00ec e noi<strong>&nbsp;non possiamo che essere fieri di ci\u00f2 che offriamo ai nostri clienti!<\/strong><\/p>\n\n\n\n<div style=\"height:60px\" aria-hidden=\"true\" class=\"wp-block-spacer\"><\/div>\n\n\n\n<div class=\"wp-block-group has-base-2-background-color has-background\"><div class=\"wp-block-group__inner-container is-layout-flow wp-block-group-is-layout-flow\">\n<h2 class=\"has-text-align-center wp-block-heading\"><strong>Tecnologia, Cultura del lavoro, Organizzazione innovativa<\/strong><\/h2>\n\n\n\n<p>Questi obiettivi sono ricercati e raggiunti grazie ad un continuo investimento in:<\/p>\n\n\n\n<ul class=\"wp-block-list\"><li>Tecnologia: sviluppando una capillare informatizzazione tra i nostri convenzionati, al fine di rendere rapido ed in tempo reale lo scambio di informazioni e la soluzione immediata delle svariate problematiche ottimizzando i tempi di reazione.<\/li><li>Cultura del lavoro: stimolando costantemente la ricerca dell\u2019eccellenza, il conseguimento di una professionalit\u00e0 sempre pi\u00f9 elevata e la spinta a non accontentarsi mai di risultati gi\u00e0 ottenuti.<\/li><li>Organizzazione Innovativa: capacit\u00e0 di adattare e personalizzare il servizio in base all\u2019esigenza specifica di ogni singolo Cliente.<\/li><li>Grande attenzione: affinch\u00e9 i nostri convenzionati permettano ai propri dipendenti di operare in&nbsp;ambienti sani&nbsp;e&nbsp;propositivi, al fine di elevare al massimo la predisposizione di ciascuno nell\u2019offrire prestazioni lavorative qualitative.<\/li><\/ul>\n\n\n\n<p>E\u2019 un dato di fatto che tutti i nostri convenzionati si siano costantemente migliorati nel corso del tempo e che i nostri Clienti (Brand di alto livello, di fama nazionale ed internazionale) riconfermino il rapporto di collaborazione con Hoplites, riconoscendone l\u2019indispensabilit\u00e0.<\/p>\n<\/div><\/div>\n\n\n\n<div style=\"height:60px\" aria-hidden=\"true\" class=\"wp-block-spacer\"><\/div>\n\n\n\n<h2 class=\"has-text-align-center wp-block-heading\"><strong>Un solo referente tecnico<\/strong><\/h2>\n\n\n\n<p>Tutto questo avviene dando la possibilit\u00e0 al cliente di interfacciarsi con un solo referente tecnico (Hoplites S.r.l.) sempre raggiungibile per ottenere rapidamente, e senza doversi spostare dalla propria sede, tutte le risposte alle proprie domande o esprimere qualsiasi preferenza in relazione alla totalit\u00e0 degli articoli, per tipologia, a noi affidati.<\/p>\n\n\n\n<p>Ci\u00f2, per il cliente, significa avere costantemente il polso della situazione, potendo<strong> monitorare<\/strong> a distanza la propria produzione in qualsiasi momento: inoltre noi inviamo costantemente un completo <strong>avanzamento della produzione<\/strong>, eventualmente corredato da foto ove necessario.<\/p>\n\n\n\n<p>Il nostro obiettivo \u00e8 costituire la vostra prima scelta in fatto di assistenza alla produzione di abbigliamento: la vostra soddisfazione sar\u00e0 la nostra soddisfazione.<\/p>\n\n\n\n<h2 class=\"gb-headline gb-headline-fe8279b6 gb-headline-text\">Le fasi di lavorazione di un capo sartoriale industrializzato<\/h2>\n\n\n\n<p>Se vi siete sempre chiesti come prendono forma i vestiti che indossiamo quotidianamente, in questo articolo scoprirete i segreti che si nascondono dietro l&#8217;arte della sartoria industriale e vi addentrerete nelle fasi di lavorazione di un capo sartoriale industrializzato. Creare capi d&#8217;abbigliamento \u00e8 un&#8217;operazione complessa composta da diverse fasi. <\/p>\n\n\n\n<p>I nostri clienti sanno che noi di Hoplites siamo sempre&nbsp;<strong>pronti a soddisfare<\/strong>&nbsp;<strong>le esigenze<\/strong>&nbsp;di ognuno di loro, partendo dalle risposte ai loro eventuali dubbi e richieste. Ma quali sono le fasi di lavorazione di un capo sartoriale industrializzato che partono da disegni pi\u00f9 o meno dettagliati che ci vengono forniti?<br><br>In nostro lavoro di progettazione si divide essenzialmente in<strong>&nbsp;4 importanti fasi<\/strong>:<\/p>\n\n\n\n<h2 class=\"gb-headline gb-headline-e2de698b gb-headline-text\">Studio e progettazione cartamodelli<\/h2>\n\n\n\n<p>Il cartamodello \u00e8 lo strumento base da cui si parte per dare vita a un capo d&#8217;abbigliamento: il nome deriva dal fatto che in passato i cartamodelli venivano realizzati a mano dalla figura del modellista che, con l&#8217;uso di righe e squadre, disegnava la sagoma su carta basandosi su misure standard o reali. Oltre al disegno del capo stesso, il cartamodello riportava indicazioni fondamentali necessarie per la realizzazione, quali dimensioni, forma, cuciture, strumenti da utilizzare, e molto altro. <\/p>\n\n\n\n<p>Un tempo si utilizzava il cartamodello per disegnare la sagoma del capo, oggi utilizziamo il sistema digitalizzato definito CAD (Computer Aided Design) che permette di dare forma con estrema precisione a qualcosa che prima di quel momento era solo uno schizzo\/disegno.<\/p>\n\n\n\n<p>Realizzare cartamodelli non era affatto un&#8217;operazione semplice, al contrario, si trattava di un progetto complesso che richiedeva pazienza e dedizione. Al giorno d&#8217;oggi, per aumentare l\u2019efficienza e la precisione, le aziende tendono ad utilizzare modelli digitalizzati basati su misure i cui sviluppi si basano su programmi computerizzati gestiti da modellisti in grado di valutare le giuste proporzioni in relazione alle vestibilit\u00e0 richieste da ogni marchio specifico, ma all&#8217;occorrenza sono ovviamente anche in grado di dare vita a nuovi progetti partendo proprio da disegni su cartamodelli vecchio stile proposti dal cliente stesso. In questo caso si parla di digitalizzazione del cartamodello.<\/p>\n\n\n\n<h2 class=\"wp-block-heading\">Digitalizzazione cartamodelli e sviluppo<\/h2>\n\n\n\n<p>La tecnologia ha rivoluzionato totalmente il modo di progettare i capi d&#8217;abbigliamento: le aziende moderne dispongono infatti di un avanzato software di modellistica chiamato CAD (Computer Aided Design), il quale consente di creare modelli virtuali sulla base di misure o indicazioni fornite dagli stilisti, interamente al computer, senza passare dal lavoro manuale. Nel caso in cui il cliente disponga solo di cartamodelli, si procede direttamente alla fase di digitalizzazione: in questa fase, attraverso una fotocamera, il computer \u00e9 in grado di scannerizzare e copiare le linee perimetrali del modello cartaceo e trasportare il tutto su CAD, dove il software, gestito dall\u2019esperienza del modellista, realizzer\u00e0 lo sviluppo delle taglie in base agli input che il modellista stesso decider\u00e0 di fornirgli volta per volta. Il programma CAD consente inoltre di archiviare dati e informazioni particolari a riguardo, costituendo un prezioso archivio che rimane propriet\u00e0 del cliente.<\/p>\n\n\n\n<h2 class=\"wp-block-heading\">Stesura e taglio del tessuto<\/h2>\n\n\n\n<p>Grazie ad un apposito macchinario chiamato stenditore, i rotoli di tessuto possono essere trasformati in tappeti di taglio, i quali vengono in seguito alleggeriti del loro peso dai tavoli soffianti per consentire uno spostamento pi\u00f9 agile e pratico degli stessi. L&#8217;utilizzo di questo macchinario \u00e8 sicuramente un grande vantaggio per i nostri clienti in quanto garantisce un\u2019ottimizzazione dei tempi di lavorazione, oltre che la massima precisione. <\/p>\n\n\n\n<blockquote class=\"wp-block-quote is-layout-flow wp-block-quote-is-layout-flow\"><p>A differenza per\u00f2 di molte altre aziende, noi consideriamo con attenzione quali tessuti siano adatti ad essere tagliati con questo metodo: esistono infatti dei tessuti che preferiamo tagliare manualmente a causa della tipologia dei tessuti stessi. Forbici e taglierina sono strumenti che molti tra i laboratori che noi impieghiamo sono in grado di utilizzare!<br><\/p><cite>Anche questo fa parte del fascino del vero made in Italy.<\/cite><\/blockquote>\n\n\n\n<p><br>A questo punto, i tappeti di taglio vengono lavorati dal taglio automatico, un macchinario totalmente autonomo che, dopo aver ricevuto impostazioni e comandi di lavoro, incide il tessuto con una lama robotizzata. <\/p>\n\n\n\n<p>L&#8217;impiego di macchinari tecnologici consente in questo caso di abbattere i costi di produzione e produrre grandi quantit\u00e0 di materiale in modo sicuro e infinitamente pi\u00f9 preciso. <\/p>\n\n\n\n<h2 class=\"wp-block-heading\"><strong>Cucitura<\/strong><\/h2>\n\n\n\n<p>Dopo il taglio, i laboratori si occupano della cucitura. Quest&#8217;ultima pu\u00f2 avvenire a macchina o a mano, in base all\u2019indumento specifico o a determinati passaggi nel processo di cucitura. In entrambi i casi il lavoro viene svolto con la supervisione di un nostro esperto che verifica il rispetto dei capitolati richiesti, al fine di ottenere un capo di alta qualit\u00e0. Le cuciture sono infatti uno dei dettagli che fanno la differenza e per cui si distingue un vero capo di alta sartoria.<br><br>La cucitura \u00e8 una fase delicata mirata a dare vita al capo di abbigliamento cos\u00ec come lo conosciamo e lo troviamo nelle boutiques e nei negozi. Una volta che il capo ha preso forma grazie alla cucitura, grazie a conoscenze tecniche tramandate da generazioni, si procede con il controllo di tutte le rifiniture per un lavoro accurato e a regola d\u2019arte. Tutto il personale, i laboratori e i service utilizzati da Hoplites S.r.l. sono esclusivamente italiani, anzi addirittura quasi tutti sono collocati in Puglia, ovvero la stessa regione di Hoplites S.r.l. per una gestione del lavoro accurata ed estremamente efficiente, che garantisca un prodotto al 100% made in Italy e di altissimo livello qualitativo.<\/p>\n\n\n\n<h2 class=\"wp-block-heading\"><strong>Confezionamento<\/strong><\/h2>\n\n\n\n<p>Conclusi gli ultimi dettagli in fase di cucitura, l&#8217;ultima \u00e8 quella di stiro, imbustaggio e inscatolamento. A differenza di quanto si possa credere, questa fase \u00e8 ugualmente importante in quanto lo stiro costituisce un momento di controllo finale del capo appena realizzato, e il packaging garantisce un trasporto perfetto, senza che il capo possa rovinarsi durante questa delicata fase di spedizione.<\/p>\n\n\n\n<p>Una volta pronto, il capo d\u2019abbigliamento pu\u00f2 finalmente essere confezionato in modo opportuno. Esistono per\u00f2 diverse tipologie di confezionamento: il tipo pi\u00f9 diffuso vede il capo imbustato singolarmente per poi essere riposto in una scatola dove gli articoli vengono organizzati in base alle taglie e ai modelli.<\/p>\n\n\n\n<p>A questo punto il lavoro \u00e8 terminato e il capo pronto per essere spedito!<\/p>\n\n<\/div><\/div>","protected":false},"excerpt":{"rendered":"<p>Hoplites S.r.l. guida, coordina ed assiste, le fasi del lavoro di produzione Noi ci interfacciamo quotidianamente con i nostri produttori di abbigliamento convenzionati, rigorosamente scelti grazie ad una lunga esperienza<\/p>\n","protected":false},"author":1,"featured_media":0,"parent":0,"menu_order":0,"comment_status":"closed","ping_status":"closed","template":"","meta":{"_acf_changed":false,"inline_featured_image":false,"footnotes":""},"class_list":["post-3609","page","type-page","status-publish"],"acf":[],"_links":{"self":[{"href":"https:\/\/www.hoplites.eu\/it\/wp-json\/wp\/v2\/pages\/3609","targetHints":{"allow":["GET"]}}],"collection":[{"href":"https:\/\/www.hoplites.eu\/it\/wp-json\/wp\/v2\/pages"}],"about":[{"href":"https:\/\/www.hoplites.eu\/it\/wp-json\/wp\/v2\/types\/page"}],"author":[{"embeddable":true,"href":"https:\/\/www.hoplites.eu\/it\/wp-json\/wp\/v2\/users\/1"}],"replies":[{"embeddable":true,"href":"https:\/\/www.hoplites.eu\/it\/wp-json\/wp\/v2\/comments?post=3609"}],"version-history":[{"count":0,"href":"https:\/\/www.hoplites.eu\/it\/wp-json\/wp\/v2\/pages\/3609\/revisions"}],"wp:attachment":[{"href":"https:\/\/www.hoplites.eu\/it\/wp-json\/wp\/v2\/media?parent=3609"}],"curies":[{"name":"wp","href":"https:\/\/api.w.org\/{rel}","templated":true}]}}