{"id":3611,"date":"2022-04-29T17:17:46","date_gmt":"2022-04-29T15:17:46","guid":{"rendered":"https:\/\/www.hoplites.eu\/high-quality-clothing-production\/"},"modified":"2022-06-13T11:40:53","modified_gmt":"2022-06-13T09:40:53","slug":"perche-sceglierci-aziende-di-produzione-abbigliamento","status":"publish","type":"page","link":"https:\/\/www.hoplites.eu\/it\/perche-sceglierci-aziende-di-produzione-abbigliamento\/","title":{"rendered":"Perch\u00e9 sceglierci"},"content":{"rendered":"<div class=\"gb-container gb-container-6fac96ab\"><div class=\"gb-inside-container\">\n\n<figure class=\"wp-block-image size-full\"><img decoding=\"async\" width=\"920\" height=\"580\" src=\"https:\/\/cdn.hoplites.eu\/wp-content\/uploads\/why-choose-us_hoplites.jpg?strip=all&sharp=1\" alt=\"why choose us hoplites\" class=\"wp-image-3237\" srcset=\"https:\/\/cdn.hoplites.eu\/wp-content\/uploads\/why-choose-us_hoplites.jpg?strip=all&amp;sharp=1 920w, https:\/\/cdn.hoplites.eu\/wp-content\/uploads\/why-choose-us_hoplites-300x189.jpg?strip=all&amp;sharp=1 300w, https:\/\/cdn.hoplites.eu\/wp-content\/uploads\/why-choose-us_hoplites-768x484.jpg?strip=all&amp;sharp=1 768w, https:\/\/cdn.hoplites.eu\/wp-content\/uploads\/why-choose-us_hoplites.jpg?strip=all&amp;sharp=1&amp;w=184 184w, https:\/\/cdn.hoplites.eu\/wp-content\/uploads\/why-choose-us_hoplites.jpg?strip=all&amp;sharp=1&amp;w=368 368w, https:\/\/cdn.hoplites.eu\/wp-content\/uploads\/why-choose-us_hoplites.jpg?strip=all&amp;sharp=1&amp;w=552 552w, https:\/\/cdn.hoplites.eu\/wp-content\/uploads\/why-choose-us_hoplites.jpg?strip=all&amp;sharp=1&amp;w=450 450w\" sizes=\"(max-width: 920px) 100vw, 920px\" \/><\/figure>\n\n\n\n<h2 class=\"has-text-align-center wp-block-heading\">Perch\u00e9 sceglierci?<\/h2>\n\n\n\n<p>In un periodo come questo, caratterizzato da forti incertezze ed instabilit\u00e0 nel contesto economico e sociale,HOPLITES s.r.l. costituisce un fattore fortemente&nbsp;<strong>stabilizzante<\/strong>&nbsp;garantendo una tranquillit\u00e0 e solidit\u00e0 produttiva altrimenti molto difficile da ottenere: la nostra ragion d\u2019essere trae ispirazione da una volont\u00e0 di&nbsp;<strong>collaborazione<\/strong>&nbsp;totale con i nostri clienti, tale da poterla definire una vera e propria alleanza volta a liberare da tutte le problematiche inerenti la produzione, coloro che ci affidano le proprie commesse.<\/p>\n\n\n\n<div style=\"height:60px\" aria-hidden=\"true\" class=\"wp-block-spacer\"><\/div>\n\n\n\n<div class=\"wp-block-group has-base-2-background-color has-background\"><div class=\"wp-block-group__inner-container is-layout-flow wp-block-group-is-layout-flow\">\n<h2 class=\"has-text-align-center wp-block-heading\">Ottimizzare le proprie risorse<\/h2>\n\n\n\n<p>Di questi tempi, la chiave per poter rimanere molto <strong>competitivi<\/strong> sul mercato consiste nel poter <strong>ottimizzare<\/strong> le proprie risorse in compiti specifici: HOPLITES S.r.l. consente ai suoi clienti di concentrare le proprie forze nel <strong>commercializzare<\/strong> i propri capi di <strong>alta moda<\/strong>, sollevandoli dall\u2019onere di dover anche gestire la relativa produzione. Inoltre la nostra collaborazione \u00e8 <strong>budget oriented<\/strong>: HOPLITES S.r.l. gestisce la produzione considerando il <strong>target del cliente<\/strong>, impostando una produzione rispettosa del budget stabilito dal cliente stesso, selezionando tra i propri produttori convenzionati coloro che risultano i pi\u00f9 adatti al compito: per una produzione di capi di <strong>prima linea<\/strong>, ci avvaliamo di<strong> aziende di produzione abbigliamento<\/strong> che hanno una grande esperienza e manualit\u00e0 in merito a capi preziosi o rifiniti a mano.<\/p>\n\n\n\n<p>Per un prodotto medio\/alto in cui ci siano quantit\u00e0 pi\u00f9 corpose che giustifichino un budget pi\u00f9 contenuto, mettiamo in campo aziende che sono in grado di fornire una qualit\u00e0 eccellente unita alla capacit\u00e0 di elaborare quotidianamente quantit\u00e0 considerevoli di capi. Il nostro sforzo rimane comunque quello di conseguire costantemente e per qualsiasi tipologia di produzione il <strong>miglior rapporto qualit\u00e0\/prezzo<\/strong>.<\/p>\n<\/div><\/div>\n\n\n\n<div style=\"height:60px\" aria-hidden=\"true\" class=\"wp-block-spacer\"><\/div>\n\n\n\n<h2 class=\"has-text-align-center wp-block-heading\">Perch\u00e9 voi?<\/h2>\n\n\n\n<p>Il fatto che siate sul nostro sito \u00e8 indice del vostro desiderio di ottimizzare le vostre modalit\u00e0 produttive, nonch\u00e9 della vostra propensione a tenersi costantemente aggiornati su tutto ci\u00f2 che potrebbe dimostrarsi un <strong>vantaggio<\/strong> nei confronti della <strong>concorrenza<\/strong>.<\/p>\n\n\n\n<p>Oppure siete in procinto di lanciare un nuovo brand.<br>Inoltre, se state cercando nell\u2019ambito dell\u2019assistenza alla produzione \u00e8 sintomatico del fatto che vogliate potervi dedicare al meglio nel commercializzare i vostri capi, sgravandosi dell\u2019onere organizzativo della gestione della<strong> produzione<\/strong> dei <strong>capi<\/strong> stessi.<\/p>\n\n\n\n<p>Bene: la vostra ricerca \u00e8 stata fruttuosa; noi possiamo fornire la giusta collaborazione che riesca a soddisfare le vostre esigenze.<\/p>\n\n<\/div><\/div>","protected":false},"excerpt":{"rendered":"<p>Perch\u00e9 sceglierci? In un periodo come questo, caratterizzato da forti incertezze ed instabilit\u00e0 nel contesto economico e sociale,HOPLITES s.r.l. costituisce un fattore fortemente&nbsp;stabilizzante&nbsp;garantendo una tranquillit\u00e0 e solidit\u00e0 produttiva altrimenti molto<\/p>\n","protected":false},"author":1,"featured_media":0,"parent":0,"menu_order":0,"comment_status":"closed","ping_status":"closed","template":"","meta":{"_acf_changed":false,"inline_featured_image":false,"footnotes":""},"class_list":["post-3611","page","type-page","status-publish"],"acf":[],"_links":{"self":[{"href":"https:\/\/www.hoplites.eu\/it\/wp-json\/wp\/v2\/pages\/3611","targetHints":{"allow":["GET"]}}],"collection":[{"href":"https:\/\/www.hoplites.eu\/it\/wp-json\/wp\/v2\/pages"}],"about":[{"href":"https:\/\/www.hoplites.eu\/it\/wp-json\/wp\/v2\/types\/page"}],"author":[{"embeddable":true,"href":"https:\/\/www.hoplites.eu\/it\/wp-json\/wp\/v2\/users\/1"}],"replies":[{"embeddable":true,"href":"https:\/\/www.hoplites.eu\/it\/wp-json\/wp\/v2\/comments?post=3611"}],"version-history":[{"count":0,"href":"https:\/\/www.hoplites.eu\/it\/wp-json\/wp\/v2\/pages\/3611\/revisions"}],"wp:attachment":[{"href":"https:\/\/www.hoplites.eu\/it\/wp-json\/wp\/v2\/media?parent=3611"}],"curies":[{"name":"wp","href":"https:\/\/api.w.org\/{rel}","templated":true}]}}