{"id":3613,"date":"2022-05-09T11:46:02","date_gmt":"2022-05-09T09:46:02","guid":{"rendered":"https:\/\/www.hoplites.eu\/patterns\/"},"modified":"2022-10-06T11:19:12","modified_gmt":"2022-10-06T09:19:12","slug":"sviluppo-cartamodelli-sartoria-industriale","status":"publish","type":"page","link":"https:\/\/www.hoplites.eu\/it\/sviluppo-cartamodelli-sartoria-industriale\/","title":{"rendered":"Sviluppo Cartamodelli Sartoria industriale"},"content":{"rendered":"<div class=\"gb-container gb-container-6fac96ab\"><div class=\"gb-inside-container\">\n\n<figure class=\"wp-block-image size-full\"><img decoding=\"async\" width=\"920\" height=\"580\" src=\"https:\/\/cdn.hoplites.eu\/wp-content\/uploads\/cartamodelli-1.jpg?strip=all&sharp=1\" alt=\"\" class=\"wp-image-3601\" srcset=\"https:\/\/cdn.hoplites.eu\/wp-content\/uploads\/cartamodelli-1.jpg?strip=all&amp;sharp=1 920w, https:\/\/cdn.hoplites.eu\/wp-content\/uploads\/cartamodelli-1-300x189.jpg?strip=all&amp;sharp=1 300w, https:\/\/cdn.hoplites.eu\/wp-content\/uploads\/cartamodelli-1-768x484.jpg?strip=all&amp;sharp=1 768w, https:\/\/cdn.hoplites.eu\/wp-content\/uploads\/cartamodelli-1.jpg?strip=all&amp;sharp=1&amp;w=184 184w, https:\/\/cdn.hoplites.eu\/wp-content\/uploads\/cartamodelli-1.jpg?strip=all&amp;sharp=1&amp;w=368 368w, https:\/\/cdn.hoplites.eu\/wp-content\/uploads\/cartamodelli-1.jpg?strip=all&amp;sharp=1&amp;w=552 552w, https:\/\/cdn.hoplites.eu\/wp-content\/uploads\/cartamodelli-1.jpg?strip=all&amp;sharp=1&amp;w=450 450w\" sizes=\"(max-width: 920px) 100vw, 920px\" \/><\/figure>\n\n\n\n<p>Hoplites \u00e8 un&#8217;azienda italiana specializzata nella produzione di abbigliamento conto terzi e Made in Italy. Aiutiamo e supportiamo giovani stilisti e designer a sviluppare la loro collezione di capi di alta qualit\u00e0. La produzione di ogni capo inizia con lo sviluppo del cartamodello e la definiziione delle taglie.<\/p>\n\n\n\n<p>Il cartamodello, chiamato anche sagoma o base, \u00e8 una rappresentazione su carta dei ritagli di tessuto che compongono un abito, ed \u00e8 usato per tagliare la stoffa. <\/p>\n\n\n\n<p>La creazione del cartamodello \u00e8 la fase in cui l\u2019idea e il figurino (o schizzo) dello stilista iniziano a prendere forma; quindi, \u00e8 un passaggio indispensabile per la realizzazione di una collezione. Infatti, gli abiti si confezionano sulla base delle misure e rapporti definiti nei cartamodelli.<\/p>\n\n\n\n<h2 class=\"wp-block-heading\">Cos\u2019\u00e8 un cartamodello?<\/h2>\n\n\n\n<p>Il cartamodello \u00e8 un tracciato, stampato su carta, che indica il profilo di tutti i pezzi che dovranno essere ricavati, mediante il taglio, dal tessuto. I pezzi saranno poi assemblati per realizzare il capo di vestiario.<\/p>\n\n\n\n<h2 class=\"wp-block-heading\">Come si realizzava un cartamodello in passato<\/h2>\n\n\n\n<p>In passato il cartamodello veniva creato manualmente dal modellista che, grazie all\u2019ausilio di righe e squadre, disegnava direttamente la sagoma dei vari pezzi per la composizione del capo di abbigliamento su carta o cartoncino, basandosi su tabelle misure standard per le produzioni industriali oppure sulle specifiche misure di una persona, nel caso del su misura.<\/p>\n\n\n\n<p>Con quel primo cartamodello si realizzava un prototipo che veniva \u201c sdifettato\u201d , cio\u00e8 se ne verificava la corretta vestibilit\u00e0, indossandolo ad un manichino o meglio ad una persona con misure e proporzioni compatibili con la taglia e vestibilit\u00e0 del capo realizzato<\/p>\n\n\n\n<p>Il successivo step per il modellista era quello di effettuare lo sviluppo modellistico nelle varie taglie da produrre (in genere dalla Small alla Large, ma ci sono anche le extra Small e le extra Large), un lavoro lungo e certosino che poteva richiedere parecchie ore o giorni di lavoro<\/p>\n\n\n\n<p>L\u2019ultimo passaggio era quello di prendere tutti i pezzi del cartamodello di cartoncino, nelle varie taglie, e posizionarle su un foglio di carta termoadesiva al fine di realizzare il \u201c<strong>piazzamento<\/strong>\u201d che consisteva nell\u2019incastrare fra di loro tutti i pezzi per poter sfruttare al massimo il tessuto avendo meno spreco possibile. In pratica equivaleva a creare una specie di puzzle ma molto pi\u00f9 complesso. Solo per fare un esempio, una giacca pu\u00f2 essere composta anche da pi\u00f9 di 50 pezzi fra tessuto, fodera ed interfodere e, se moltiplicate questo per almeno 4 taglie, il modellista si ritrovava a dover incastrare una quantit\u00e0 enorme di pezzi!<\/p>\n\n\n\n<p>Ultimato anche quest\u2019ultimo step, finalmente il \u201cpiazzamento o tracciato\u201d veniva dato al tagliatore che si occupava di posizionarlo sopra il \u201cmaterasso\u201d (vari strati di tessuto sovrapposti) per poter finalmente procedere col taglio<\/p>\n\n\n\n<h2 class=\"wp-block-heading\">Come si realizza un cartamodello ai nostri giorni<\/h2>\n\n\n\n<p>Oggi la tecnologia ha velocizzato di molto le varie fasi di creazione del cartamodello sartoriale industriale; infatti, grazie a speciali Software di Modellistica sistema CAD (Computer Aided Design) \u00e8 possibile<\/p>\n\n\n\n<ol class=\"wp-block-list\"><li>La Creazione di modelli virtuali seguendo le misure fornite o le indicazioni circa il tipo di vestibilit\u00e0 indicata dallo stilista sui figurini tecnici<\/li><li>Nel caso ci siano gi\u00e0 dei modelli cartacei si procede alla Digitalizzazione, controllo ed industrializzazione dei vari pezzi<\/li><li>Successivamente alle fasi A oppure B, si passa al piazzamento automatico in cui il computer si occupa di fare varie simulazioni di piazzamento in modo da raggiungere la maggiore efficienza possibile; spesso accade che il modellista intervenga dando dei comandi manuali al fine di aumentare ulteriormente l\u2019efficienza e ridurre al massimo gli sprechi di tessuto<\/li><li>Con il sistema CAD \u00e8 possibile anche modificare a schermo i pezzi che compongono il cartamodello, aggiungere margini di cucitura, scritte e tutte le informazioni che saranno necessarie in fase di assemblaggio e cucitura del capo il tutto grazie all\u2019inserimento di una serie di informazioni che il modellista inserisce nel programma.<\/li><li>Quando il piazzamento \u00e8 pronto, viene stampato con una grande stampate, detta plotter, e a questo punto quello che era un modello virtuale diviene a tutti gli effetti un cartamodello da fornire al tagliatore per il taglio del tessuto.<\/li><\/ol>\n\n\n\n<h2 class=\"wp-block-heading\">Quali sono i formati dei file generati con CAD?<\/h2>\n\n\n\n<p>Con il sistema CAD si possono generare vari files per diversi utilizzi:<\/p>\n\n\n\n<ul class=\"wp-block-list\"><li>Il file in formato DXF (Drawing Exchange Format ) viene utilizzato come soluzione per scambiare dati fra vari programmi di AutoCAD. Per esempio, il modellista crea il modello e poi lo invia via mail ad un altro operatore in un\u2019altra azienda che pu\u00f2 importarlo e modificarlo a piacimento senza limitazioni<\/li><li>Un file ISO \u00e8 un singolo file che riproduce interamente e perfettamente il contenuto di un file inviato, viene utilizzato quando si utilizza il taglio automatico per il taglio del tessuto<\/li><li>Il file in formato HPGL \u00e8 il principale linguaggio di controllo per stampanti usato dai plotter Hewlett-Packard. Il nome \u00e8 la sigla di Hewlett-Packard Graphics Language. Successivamente \u00e8 diventato uno standard per la maggior parte dei plotter.<\/li><\/ul>\n\n\n\n<h2 class=\"wp-block-heading\">Hoplites ti pu\u00f2 supportare nello sviluppo di:<\/h2>\n\n\n\n<ul class=\"wp-block-list\"><li>cartamodello camicia uomo<\/li><li>cartamodello giacca donna<\/li><li>cartamodello giacca uomo<\/li><li>cartamodello t shirt<\/li><li>cartamodello pantaloni uomo<\/li><li>cartamodello cappotto<\/li><li>cartamodello camicia donna<\/li><li>cartamodello cappotto donna<\/li><li>cartamodello gilet donna<\/li><li>cartamodello gilet uomo<\/li><li>cartamodello caftano<\/li><li>cartamodello cappotto uomo<\/li><li>cartamodello felpa uomo<\/li><li>cartamodello abito donna<\/li><li>cartamodello felpa donna<\/li><li>cartamodello pigiama<\/li><li>cartamodello vestaglia<\/li><li>cartamodello bermuda donna<\/li><li>cartamodello vestito dritto<\/li><\/ul>\n\n<\/div><\/div>","protected":false},"excerpt":{"rendered":"<p>Hoplites \u00e8 un&#8217;azienda italiana specializzata nella produzione di abbigliamento conto terzi e Made in Italy. Aiutiamo e supportiamo giovani stilisti e designer a sviluppare la loro collezione di capi di<\/p>\n","protected":false},"author":1,"featured_media":0,"parent":0,"menu_order":0,"comment_status":"closed","ping_status":"closed","template":"","meta":{"_acf_changed":false,"inline_featured_image":false,"footnotes":""},"class_list":["post-3613","page","type-page","status-publish"],"acf":[],"_links":{"self":[{"href":"https:\/\/www.hoplites.eu\/it\/wp-json\/wp\/v2\/pages\/3613","targetHints":{"allow":["GET"]}}],"collection":[{"href":"https:\/\/www.hoplites.eu\/it\/wp-json\/wp\/v2\/pages"}],"about":[{"href":"https:\/\/www.hoplites.eu\/it\/wp-json\/wp\/v2\/types\/page"}],"author":[{"embeddable":true,"href":"https:\/\/www.hoplites.eu\/it\/wp-json\/wp\/v2\/users\/1"}],"replies":[{"embeddable":true,"href":"https:\/\/www.hoplites.eu\/it\/wp-json\/wp\/v2\/comments?post=3613"}],"version-history":[{"count":0,"href":"https:\/\/www.hoplites.eu\/it\/wp-json\/wp\/v2\/pages\/3613\/revisions"}],"wp:attachment":[{"href":"https:\/\/www.hoplites.eu\/it\/wp-json\/wp\/v2\/media?parent=3613"}],"curies":[{"name":"wp","href":"https:\/\/api.w.org\/{rel}","templated":true}]}}