{"id":3615,"date":"2022-05-02T14:21:13","date_gmt":"2022-05-02T12:21:13","guid":{"rendered":"https:\/\/www.hoplites.eu\/useful-suggestions\/"},"modified":"2022-10-19T12:01:17","modified_gmt":"2022-10-19T10:01:17","slug":"consulenza-tessuti","status":"publish","type":"page","link":"https:\/\/www.hoplites.eu\/it\/consulenza-tessuti\/","title":{"rendered":"Consulenza tecnica e stilistica per capi e tessuti"},"content":{"rendered":"<div class=\"gb-container gb-container-6fac96ab\"><div class=\"gb-inside-container\">\n\n<figure class=\"wp-block-image size-full\"><img decoding=\"async\" width=\"920\" height=\"580\" src=\"https:\/\/cdn.hoplites.eu\/wp-content\/uploads\/useful-suggestions.jpg?strip=all&sharp=1\" alt=\"Useful Suggestions\" class=\"wp-image-3246\" srcset=\"https:\/\/cdn.hoplites.eu\/wp-content\/uploads\/useful-suggestions.jpg?strip=all&amp;sharp=1 920w, https:\/\/cdn.hoplites.eu\/wp-content\/uploads\/useful-suggestions-300x189.jpg?strip=all&amp;sharp=1 300w, https:\/\/cdn.hoplites.eu\/wp-content\/uploads\/useful-suggestions-768x484.jpg?strip=all&amp;sharp=1 768w, https:\/\/cdn.hoplites.eu\/wp-content\/uploads\/useful-suggestions.jpg?strip=all&amp;sharp=1&amp;w=184 184w, https:\/\/cdn.hoplites.eu\/wp-content\/uploads\/useful-suggestions.jpg?strip=all&amp;sharp=1&amp;w=368 368w, https:\/\/cdn.hoplites.eu\/wp-content\/uploads\/useful-suggestions.jpg?strip=all&amp;sharp=1&amp;w=552 552w, https:\/\/cdn.hoplites.eu\/wp-content\/uploads\/useful-suggestions.jpg?strip=all&amp;sharp=1&amp;w=450 450w\" sizes=\"(max-width: 920px) 100vw, 920px\" \/><\/figure>\n\n\n\n<p>Hoplites offre consulenza professionale e specializzata per la stampa su tessuti e la fornitura di tessuti biologici e speciali.<\/p>\n\n\n\n<h2 class=\"wp-block-heading\">Stampa all-over su Tessuti (ovvero sull\u2019intero rotolo o pezza)<\/h2>\n\n\n\n<p>In base alla tipologia di tessuto, noi possiamo consigliare il cliente al fine di ottenere il miglior risultato. Le tecniche che possiamo utilizzare nella stampa all-over sono: Digitale e Sublimatica.<\/p>\n\n\n\n<p>Ora pi\u00f9 che mai \u00e8 necessario adottare tecniche lavorative che contribuiscano a ridurre il pi\u00f9 possibile i danni che l\u2019essere umano sta infliggendo alla Terra: anche i settori legati all\u2019abbigliamento stanno muovendosi in tale direzione, verso prodotti e tecniche eco-sostenibili.<\/p>\n\n\n\n<p>Se parliamo di stampa, possiamo considerare una tecnologia che segue esattamente questa direzione: il suo nome \u00e8 \u201cGreen Drop Technology\u201d che consiste in una stampa digitale a pigmento.<\/p>\n\n\n\n<p>Tra le caratteristiche che rendono non solo conveniente ma anche ecologica questa tecnica di stampa ci sono le seguenti:<\/p>\n\n\n\n<ul class=\"wp-block-list\"><li>\u00c9 possibile stampare su tessuti con composizione mista di fibre come Poliestere\/Cotone, Poliammide\/Cotone, Acetato\/Seta, ecc.<\/li><li>Il processo produttivo non necessita n\u00e9 di vaporizzo n\u00e9 di lavaggio, per cui risulta maggiormente eco-sostenibile.<\/li><li>Tempi di lavorazione pi\u00f9 brevi, quindi con ridotti consumi di risorse<\/li><\/ul>\n\n\n\n<p>Tutto questo significa dare al proprio marchio, a giusta ragione, una connotazione \u201cVerde\u201d che sar\u00e0 sicuramente apprezzata, oltre che dall\u2019ambiente, anche dai propri clienti finali, poich\u00e9 \u00e8 sempre pi\u00f9 diffusa la consapevolezza della necessit\u00e0 di fare passi concreti per salvare il pianeta in cui viviamo.<\/p>\n\n\n\n<h2 class=\"wp-block-heading\">Fornitura Tessuti Biologici<\/h2>\n\n\n\n<p>Nell\u2019ottica di ottenere una realizzazione dei capi che rispetti il pi\u00f9 possibile l\u2019ambiente, grazie ai nostri contatti con moltissimi fornitori di tessuti, possiamo fornire ai clienti tessuti in possesso di tutte le certificazioni di eco-sostenibilit\u00e0, relative sia alle fibre che costituiscono il tessuto stesso, che ai trattamenti a cui \u00e8 sottoposto, incluse le colorazioni. Tutto questo va considerato anche assieme alla fondamentale caratteristica di poter fornire tessuti che rispettano anche la fisiologia del corpo umano, con la certezza che non possa arrecare alcun danno, utilizzando tessuti che rispettano le rigidissime e intransigenti normative vigenti in Italia a tale riguardo. Ci\u00f2 \u00e8 molto importante perch\u00e9 i tessuti vanno spesso a contatto diretto con la pelle, e i pori, allargandosi per mantenere stabile la temperatura del corpo, tendono anche ad assorbire le molecole di ci\u00f2 che si deposita provenendo dagli indumenti; per cui se il materiale non rilascia nulla di dannoso, la salute sar\u00e0 preservata. Noi di Hoplites S.r.l. abbiamo molto a cuore non solo l\u2019estetica di ci\u00f2 che produciamo, ma anche la salute di chi indosser\u00e0 quegli indumenti.<\/p>\n\n\n\n<h2 class=\"wp-block-heading\">Ricerca Tessuti Speciali<\/h2>\n\n\n\n<p>Nell\u2019ambito dei tessuti speciali rientrano sicuramente quelli definiti \u201ctessuti tecnici\u201d, che sono realizzarti con fibre sintetiche all\u2019avanguardia, frutto di accurate ricerche, al fine di ottenere dei tessuti che possano fornire risultati calibrati in base all\u2019attivit\u00e0 a cui saranno sottoposti i capi che con essi saranno realizzarti, con particolari doti di elasticit\u00e0, traspirazione, resistenza a stress meccanici, che possano ben proteggere dall\u2019umidit\u00e0 dal freddo estremo o dal calore elevato. Sono tessuti molto presenti su indumenti destinati sia ad un utilizzo in campo sportivo, che nel tempo libero. Il fine ultimo di questi materiali \u00e8 quello di rendere molto piacevole indossare un capo di vestiario, anche ove ci siano particolari condizioni climatiche o di utilizzo.<\/p>\n\n\n\n<p><\/p>\n\n\n\n<h2 class=\"wp-block-heading\">Come funziona una consulenza tecnico-stilistica?<\/h2>\n\n\n\n<p>La\u00a0<strong>consulenza tecnico-stilistica<\/strong>\u00a0\u00e8 rivolta sia ad aziende affermate che a nuove generazioni di stilisti che hanno bisogno di\u00a0<strong>supporto<\/strong>\u00a0e\u00a0<strong>consulenza<\/strong>\u00a0per la migliore e pi\u00f9 sicura realizzazione dei loro capi d&#8217;abbigliamento di alta moda.<br><br><strong>Come funziona esattamente una consulenza tecnico-stilistica?<\/strong>\u00a0Diciamo subito che sono poche le aziende che offrono questo contribuito ai loro clienti ed \u00e8 per questo che noi del team di Hoplites siamo orgogliosi del nostro operato, svolto tramite la nostra responsabile di produzione che pu\u00f2 vantare ben 40 anni di esperienza in questo complesso e delicato campo. Tutto nasce da un&#8217;idea di un capo\/linea d&#8217;abbigliamento che il cliente ci propone, e il tutto condurr\u00e0 ad un prototipo che prende forma solo grazie al lavoro minuzioso dei nostri consulenti. Niente \u00e8 lasciato al caso!<br><br>La consulenza tecnico-stilistica inizia da una<strong> pianificazione del progetto<\/strong>, mediante ricerca e analisi del materiale pi\u00f9 indicato in base a vari parametri quali: tipologia del capo, caratteristiche estetiche e di resa dei tessuti ed accessori, tempistiche e, non ultimo, il budget disponibile. Dopo aver operato in tal senso, e aver messo a punto la modellistica, si procede con la realizzazione dei prototipi da mostrare al cliente, per eventuali modifiche di alcuni dettagli; solo dopo l\u2019approvazione del cliente, si potr\u00e0 procedere con la realizzazione del campione definitivo.<br><br><\/p>\n\n\n\n<h2 class=\"wp-block-heading\"><br>Vantaggi di una consulenza stilistica per l\u2019abbigliamento<br><\/h2>\n\n\n\n<p>Come anticipato sono pochi i gruppi di produzione che offrono\u00a0<strong>consulenza tecnico-stilistica<\/strong>\u00a0ai loro clienti, ma noi di Hoplites sappiamo bene quanto importante sia questo tipo di supporto, che diventa addirittura vitale nel caso di giovani stilisti che si affacciano al mondo della moda con le prime collezioni.<br><\/p>\n\n\n\n<p>I\u00a0<strong>benefici di una consulenza tecnico-stilistica<\/strong>\u00a0come la nostra, permettono non solo di puntare ad ottenere produzioni di qualit\u00e0 comparabile a quella dei principali brand leader di livello mondiale, ma anche a ridurre i rischi legati al doversi interfacciare in modo coordinato con un gran numero di figure professionali (fornitori, laboratori, modellisti, tagliatori, ricamatori, stampatori, ecc.). Essendo condotti per mano da noi, con la massima professionalit\u00e0 e sicurezza, tramite un solo referente tecnico che stabilir\u00e0 con il cliente un rapporto lavorativo molto soddisfacente dal punto di vista sia umano che tecnico, ci si avvia con serenit\u00e0 e certezza del risultato in un percorso che, se altrimenti affrontato da soli, rischierebbe di trasformarsi in un labirinto senza uscita. Significa avere alleati sul campo che controllano e gestiscono costantemente tutti i passi del processo produttivo relativo ai propri capi.<\/p>\n\n<\/div><\/div>","protected":false},"excerpt":{"rendered":"<p>Hoplites offre consulenza professionale e specializzata per la stampa su tessuti e la fornitura di tessuti biologici e speciali. Stampa all-over su Tessuti (ovvero sull\u2019intero rotolo o pezza) In base<\/p>\n","protected":false},"author":1,"featured_media":0,"parent":0,"menu_order":0,"comment_status":"closed","ping_status":"closed","template":"","meta":{"_acf_changed":false,"inline_featured_image":false,"footnotes":""},"class_list":["post-3615","page","type-page","status-publish"],"acf":[],"_links":{"self":[{"href":"https:\/\/www.hoplites.eu\/it\/wp-json\/wp\/v2\/pages\/3615","targetHints":{"allow":["GET"]}}],"collection":[{"href":"https:\/\/www.hoplites.eu\/it\/wp-json\/wp\/v2\/pages"}],"about":[{"href":"https:\/\/www.hoplites.eu\/it\/wp-json\/wp\/v2\/types\/page"}],"author":[{"embeddable":true,"href":"https:\/\/www.hoplites.eu\/it\/wp-json\/wp\/v2\/users\/1"}],"replies":[{"embeddable":true,"href":"https:\/\/www.hoplites.eu\/it\/wp-json\/wp\/v2\/comments?post=3615"}],"version-history":[{"count":0,"href":"https:\/\/www.hoplites.eu\/it\/wp-json\/wp\/v2\/pages\/3615\/revisions"}],"wp:attachment":[{"href":"https:\/\/www.hoplites.eu\/it\/wp-json\/wp\/v2\/media?parent=3615"}],"curies":[{"name":"wp","href":"https:\/\/api.w.org\/{rel}","templated":true}]}}