{"id":3617,"date":"2022-05-02T17:48:51","date_gmt":"2022-05-02T15:48:51","guid":{"rendered":"https:\/\/www.hoplites.eu\/fashion-designers\/"},"modified":"2022-06-15T10:35:23","modified_gmt":"2022-06-15T08:35:23","slug":"assistenza-produzione-abbigliamento-per-giovani-stilisti-o-fashion-designer","status":"publish","type":"page","link":"https:\/\/www.hoplites.eu\/it\/assistenza-produzione-abbigliamento-per-giovani-stilisti-o-fashion-designer\/","title":{"rendered":"Assistenza produzione abbigliamento per giovani stilisti o fashion designer"},"content":{"rendered":"<div class=\"gb-container gb-container-6fac96ab\"><div class=\"gb-inside-container\">\n\n<figure class=\"wp-block-image size-full\"><img decoding=\"async\" width=\"920\" height=\"580\" src=\"https:\/\/cdn.hoplites.eu\/wp-content\/uploads\/fashion_designer_clothing_production.jpg?strip=all&sharp=1\" alt=\"\" class=\"wp-image-3256\" srcset=\"https:\/\/cdn.hoplites.eu\/wp-content\/uploads\/fashion_designer_clothing_production.jpg?strip=all&amp;sharp=1 920w, https:\/\/cdn.hoplites.eu\/wp-content\/uploads\/fashion_designer_clothing_production-300x189.jpg?strip=all&amp;sharp=1 300w, https:\/\/cdn.hoplites.eu\/wp-content\/uploads\/fashion_designer_clothing_production-768x484.jpg?strip=all&amp;sharp=1 768w, https:\/\/cdn.hoplites.eu\/wp-content\/uploads\/fashion_designer_clothing_production.jpg?strip=all&amp;sharp=1&amp;w=184 184w, https:\/\/cdn.hoplites.eu\/wp-content\/uploads\/fashion_designer_clothing_production.jpg?strip=all&amp;sharp=1&amp;w=368 368w, https:\/\/cdn.hoplites.eu\/wp-content\/uploads\/fashion_designer_clothing_production.jpg?strip=all&amp;sharp=1&amp;w=552 552w, https:\/\/cdn.hoplites.eu\/wp-content\/uploads\/fashion_designer_clothing_production.jpg?strip=all&amp;sharp=1&amp;w=450 450w\" sizes=\"(max-width: 920px) 100vw, 920px\" \/><\/figure>\n\n\n\n<p>Offriamo un servizio di&nbsp;<strong>assistenza tecnica<\/strong>&nbsp;ai&nbsp;<strong>giovani stilisti&nbsp;<\/strong>o<strong>&nbsp;fashion designers<\/strong>: baster\u00e0 proporci disegni e preferenze riguardo a&nbsp;<strong>modello<\/strong>&nbsp;|&nbsp;<strong>tessuti&nbsp;<\/strong>|&nbsp;<strong>colori<\/strong>&nbsp;e noi ci occuperemmo di tutto: dalla ricerca del tessuto e accessori qui in Italia, alla&nbsp;<strong>creazione del modello<\/strong>&nbsp;e successivamente del&nbsp;<strong>prototipo<\/strong>, alla realizzazione delle&nbsp;<strong>ripetizioni<\/strong>&nbsp;per la collezione, fino alla consegna finale.<\/p>\n\n\n\n<p>Questo permette ai giovani stilisti che non hanno una grande esperienza produttiva, di realizzare&nbsp;<strong>abiti<\/strong>&nbsp;anche molto<strong>elaborati<\/strong>, compreso il&nbsp;<strong>sartoriale<\/strong>, conoscendo tutte le difficolt\u00e0 che una produzione comporta, grazie alla nostra trentennale esperienza.<\/p>\n\n\n\n<p>La nostra collaborazione permetter\u00e0 di avere a disposizione pi\u00f9 tempo e la serenit\u00e0 di concentrarsi sulla <strong>ideazione<\/strong>, <strong>promozione<\/strong> e <strong>commercializzazione<\/strong> dei <strong>capi<\/strong>.<\/p>\n\n\n\n<p>Inoltre forniamo preziosi suggerimenti su\u00a0<strong>materiali<\/strong>\u00a0e<strong>\u00a0tecniche<\/strong>\u00a0da utilizzare per avere<strong>\u00a0prezzi<\/strong>\u00a0pi\u00f9\u00a0<strong>competitivi<\/strong>\u00a0alla\u00a0<strong>vendita<\/strong>: concretamente significa avere l\u2019opportunit\u00e0 di fruire da subito di un\u2019esperienza di 30 anni nel settore, ottimizzando al massimo l\u2019investimento del proprio capitale iniziale a disposizione.<\/p>\n\n\n\n<h2 class=\"gb-headline gb-headline-219acccb gb-headline-text\"><strong>Consulenza per produzione capi di abbigliamento<\/strong><\/h2>\n\n\n\n<p>Affidabilit\u00e0 e qualit\u00e0 sono i maggiori punti di forza di&nbsp;<strong>Hoplites S.r.l.<\/strong>, azienda pugliese nata nel 2009 alle cui dipendenze pu\u00f2 vantare di&nbsp;<strong>personale qualificato<\/strong>&nbsp;con oltre 40 anni di esperienza, maturati nel campo dell\u2019abbigliamento di alta qualit\u00e0 e, soprattutto, made in Italy.<br><br>In un mercato sempre pi\u00f9 dinamico come quello dell\u2019abbigliamento, Hoplites S.r.l. rappresenta la&nbsp;<strong>soluzione ideale<\/strong>&nbsp;per affrontare le nuove esigenze emerse soprattutto negli ultimi anni: soddisfazione del cliente e realizzazione di rapporti duraturi sono solo alcuni esempi.<br><br>Il suo obiettivo principale \u00e8 quello di fornire&nbsp;<strong>consulenza per la produzione di capi di abbigliamento<\/strong>, cercando di ridurre al massimo la distanza che inevitabilmente si crea tra committente e produttore.<br><br>Riuscire ad avere un controllo completo del&nbsp;<strong>processo di realizzazione<\/strong>&nbsp;dei capi di vestiario non \u00e8 un\u2019operazione semplice per il committente. Ci\u00f2 accade soprattutto quando i prodotti da realizzare sono molteplici e diversi tra di loro e, quindi, sorge la necessit\u00e0 di rivolgersi a&nbsp;<strong>numerosi produttori<\/strong>, ognuno con dinamiche e caratteristiche proprie. Accade sempre pi\u00f9 spesso, inoltre, che il committente abbia la propria sede&nbsp;<strong>in un territorio distante<\/strong>&nbsp;molti chilometri da quello di realizzazione dei capi, o anche risieda in una nazione estera: l\u2019invio di propri tecnici nei laboratori di produzione implicherebbe perdita di tempo, limitata efficacia &nbsp;e aumento dei costi.<br><br>Hoplites S.r.l. offre un&nbsp;<strong>supporto professionale<\/strong>&nbsp;proprio per ovviare a questi problemi, produciamo capi d\u2019abbigliamento affidabili e di qualit\u00e0.<br><br>L\u2019assistenza offerta da Hoplites S.r.l. \u00e8 rivolta sia alle aziende gi\u00e0 ampiamente&nbsp;<strong>affermate<\/strong>&nbsp;sia a quelle&nbsp;<strong>emergenti<\/strong>&nbsp;e consiste nel dare supporto in tutte le fasi della produzione: una volta ricevuti i disegni e le preferenze dei propri clienti, l\u2019azienda si occuper\u00e0 della&nbsp;<strong>ricerca dei tessuti e dei filati<\/strong>, della&nbsp;<strong>realizzazione del modello<\/strong>&nbsp;e, infine, della&nbsp;<strong>consegna<\/strong>&nbsp;<strong>finale<\/strong>. Ci\u00f2 permette non solo di realizzare abiti unici nel loro genere e di ottima qualit\u00e0 ma anche di disporre di pi\u00f9 tempo da dedicare alla&nbsp;<strong>creazione<\/strong>,&nbsp;<strong>promozione<\/strong>&nbsp;e&nbsp;<strong>vendita<\/strong>&nbsp;dei capi d\u2019abbigliamento del proprio marchio.<br><br>Hoplites S.r.l. fornisce, infine, ottimi&nbsp;<strong>suggerimenti<\/strong>&nbsp;in merito ai tessuti e alle tecniche da adottare per massimizzare le proprie vendite con prezzi competitivi. Il personale messo a disposizione, infatti, grazie alle competenze e all\u2019esperienza maturate nel corso degli anni, \u00e8 in grado di analizzare il mercato dell\u2019abbigliamento,&nbsp;<strong>anticipando esigenze e necessit\u00e0<\/strong>&nbsp;dei consumatori. In questo modo si ha la possibilit\u00e0 di essere sempre aggiornati sulle&nbsp;<strong>nuove tendenze<\/strong>&nbsp;del momento.<\/p>\n\n<\/div><\/div>\n\n<div class=\"gb-container gb-container-187e85be\"><div class=\"gb-inside-container\">\n<div class=\"list-post\"><\/div>\n\n<\/div><\/div>","protected":false},"excerpt":{"rendered":"<p>Offriamo un servizio di&nbsp;assistenza tecnica&nbsp;ai&nbsp;giovani stilisti&nbsp;o&nbsp;fashion designers: baster\u00e0 proporci disegni e preferenze riguardo a&nbsp;modello&nbsp;|&nbsp;tessuti&nbsp;|&nbsp;colori&nbsp;e noi ci occuperemmo di tutto: dalla ricerca del tessuto e accessori qui in Italia, alla&nbsp;creazione del<\/p>\n","protected":false},"author":1,"featured_media":0,"parent":0,"menu_order":0,"comment_status":"closed","ping_status":"closed","template":"","meta":{"_acf_changed":false,"inline_featured_image":false,"footnotes":""},"class_list":["post-3617","page","type-page","status-publish"],"acf":[],"_links":{"self":[{"href":"https:\/\/www.hoplites.eu\/it\/wp-json\/wp\/v2\/pages\/3617","targetHints":{"allow":["GET"]}}],"collection":[{"href":"https:\/\/www.hoplites.eu\/it\/wp-json\/wp\/v2\/pages"}],"about":[{"href":"https:\/\/www.hoplites.eu\/it\/wp-json\/wp\/v2\/types\/page"}],"author":[{"embeddable":true,"href":"https:\/\/www.hoplites.eu\/it\/wp-json\/wp\/v2\/users\/1"}],"replies":[{"embeddable":true,"href":"https:\/\/www.hoplites.eu\/it\/wp-json\/wp\/v2\/comments?post=3617"}],"version-history":[{"count":0,"href":"https:\/\/www.hoplites.eu\/it\/wp-json\/wp\/v2\/pages\/3617\/revisions"}],"wp:attachment":[{"href":"https:\/\/www.hoplites.eu\/it\/wp-json\/wp\/v2\/media?parent=3617"}],"curies":[{"name":"wp","href":"https:\/\/api.w.org\/{rel}","templated":true}]}}