{"id":3648,"date":"2022-05-02T15:09:14","date_gmt":"2022-05-02T13:09:14","guid":{"rendered":"https:\/\/www.hoplites.eu\/made-in-italy-clothing-production-pole-in-apulia\/"},"modified":"2022-05-11T11:58:57","modified_gmt":"2022-05-11T09:58:57","slug":"polo-produttivo-italiano-di-abbigliamento-in-puglia-dove-trovarci","status":"publish","type":"page","link":"https:\/\/www.hoplites.eu\/it\/polo-produttivo-italiano-di-abbigliamento-in-puglia-dove-trovarci\/","title":{"rendered":"Polo produttivo di abbigliamento made in Italy in Puglia."},"content":{"rendered":"<div class=\"gb-container gb-container-6fac96ab\"><div class=\"gb-inside-container\">\n\n<figure class=\"wp-block-image size-full\"><img decoding=\"async\" width=\"920\" height=\"580\" src=\"https:\/\/cdn.hoplites.eu\/wp-content\/uploads\/AGENCY-where-Castel-del-monte.jpg?strip=all&sharp=1\" alt=\"AGENCY where Castel del monte\" class=\"wp-image-3248\" srcset=\"https:\/\/cdn.hoplites.eu\/wp-content\/uploads\/AGENCY-where-Castel-del-monte.jpg?strip=all&amp;sharp=1 920w, https:\/\/cdn.hoplites.eu\/wp-content\/uploads\/AGENCY-where-Castel-del-monte-300x189.jpg?strip=all&amp;sharp=1 300w, https:\/\/cdn.hoplites.eu\/wp-content\/uploads\/AGENCY-where-Castel-del-monte-768x484.jpg?strip=all&amp;sharp=1 768w, https:\/\/cdn.hoplites.eu\/wp-content\/uploads\/AGENCY-where-Castel-del-monte.jpg?strip=all&amp;sharp=1&amp;w=184 184w, https:\/\/cdn.hoplites.eu\/wp-content\/uploads\/AGENCY-where-Castel-del-monte.jpg?strip=all&amp;sharp=1&amp;w=368 368w, https:\/\/cdn.hoplites.eu\/wp-content\/uploads\/AGENCY-where-Castel-del-monte.jpg?strip=all&amp;sharp=1&amp;w=552 552w, https:\/\/cdn.hoplites.eu\/wp-content\/uploads\/AGENCY-where-Castel-del-monte.jpg?strip=all&amp;sharp=1&amp;w=450 450w\" sizes=\"(max-width: 920px) 100vw, 920px\" \/><\/figure>\n\n\n\n<p><strong>La sede di Hoplites S.r.l. \u00e8 ad Andria, Puglia<\/strong>, Italia. Situata in centro, in<strong> via Catullo 52<\/strong>.&nbsp;&nbsp;<\/p>\n\n\n\n<p>Hoplites S.r.l. e il suo territorio di antiche tradizioni<\/p>\n\n\n\n<p>Le radici su cui Hoplites S.r.l. fonda la propria ragion d\u2019essere riportano ad <strong>antiche tradizioni<\/strong> collegate, a partire dall\u2019VIII secolo A.C., alla cultura sviluppata nell\u2019area geografica storicamente identificabile come Magna Grecia.<\/p>\n\n\n\n<p>L\u2019arte, il gusto per l\u2019estetica, la <strong>naturale propensione al bello<\/strong> sono presenti in questa terra da secoli, frutto di una riuscita fusione tra i colori e le dolci forme del territorio con <strong>la tradizionale abilit\u00e0 della popolazione locale<\/strong> nel saper plasmare questa bellezza in <strong>prodotti di sublime fattura<\/strong>, che sono andati ad arricchire e consolidare la giusta fama che le&nbsp;produzioni Italiane&nbsp;si sono conquistate nel mondo, in tantissimi campi: probabilmente l\u2019abbigliamento \u00e8 ancora oggi il campo d\u2019elezione in cui pi\u00f9 forte pulsa questa felice <strong>vena creativa, espressione del migliore&nbsp;made in Italy<\/strong>.<\/p>\n\n\n\n<div class=\"wp-block-image\"><figure class=\"aligncenter size-full\"><img decoding=\"async\" width=\"900\" height=\"600\" src=\"https:\/\/cdn.hoplites.eu\/wp-content\/uploads\/AGENCY-where-Polignano.jpg?strip=all&sharp=1\" alt=\"AGENCY where Polignano\" class=\"wp-image-3249\" srcset=\"https:\/\/cdn.hoplites.eu\/wp-content\/uploads\/AGENCY-where-Polignano.jpg?strip=all&amp;sharp=1 900w, https:\/\/cdn.hoplites.eu\/wp-content\/uploads\/AGENCY-where-Polignano-300x200.jpg?strip=all&amp;sharp=1 300w, https:\/\/cdn.hoplites.eu\/wp-content\/uploads\/AGENCY-where-Polignano-768x512.jpg?strip=all&amp;sharp=1 768w, https:\/\/cdn.hoplites.eu\/wp-content\/uploads\/AGENCY-where-Polignano.jpg?strip=all&amp;sharp=1&amp;w=180 180w, https:\/\/cdn.hoplites.eu\/wp-content\/uploads\/AGENCY-where-Polignano.jpg?strip=all&amp;sharp=1&amp;w=360 360w, https:\/\/cdn.hoplites.eu\/wp-content\/uploads\/AGENCY-where-Polignano.jpg?strip=all&amp;sharp=1&amp;w=540 540w, https:\/\/cdn.hoplites.eu\/wp-content\/uploads\/AGENCY-where-Polignano.jpg?strip=all&amp;sharp=1&amp;w=450 450w\" sizes=\"(max-width: 900px) 100vw, 900px\" \/><\/figure><\/div>\n\n\n\n<p>Sappiamo che per realizzare il bello, al di l\u00e0 della genialit\u00e0 inventiva e della creativit\u00e0, serve una&nbsp;tecnica produttiva&nbsp;che renda giustizia e concretizzi le idee in prodotti curati, <strong>di assoluta&nbsp;eccellenza qualitativa<\/strong>.<\/p>\n\n\n\n<p>Qui si inserisce l\u2019opera di Hoplites, che riesce a porre al vostro servizio queste capacit\u00e0, convogliando tale forza creativa in un percorso <strong>perfettamente organizzato<\/strong>, in cui tutte le fasi siano mirabilmente <strong>ottimizzate<\/strong> e in grado di esprimere al meglio le&nbsp;vostre idee, concretizzandole in&nbsp;capi d\u2019abbigliamento&nbsp;che sappiano imporsi con la forza della <strong>pura classe<\/strong>.<\/p>\n\n\n\n<p>La&nbsp;nostra Terra, tramite Hoplites S.r.l., \u00e8 orgogliosa di proporsi come forte e leale alleata al vostro fianco.<\/p>\n\n<\/div><\/div>","protected":false},"excerpt":{"rendered":"<p>La sede di Hoplites S.r.l. \u00e8 ad Andria, Puglia, Italia. Situata in centro, in via Catullo 52.&nbsp;&nbsp; Hoplites S.r.l. e il suo territorio di antiche tradizioni Le radici su cui<\/p>\n","protected":false},"author":1,"featured_media":0,"parent":0,"menu_order":0,"comment_status":"closed","ping_status":"closed","template":"","meta":{"_acf_changed":false,"inline_featured_image":false,"footnotes":""},"class_list":["post-3648","page","type-page","status-publish"],"acf":[],"_links":{"self":[{"href":"https:\/\/www.hoplites.eu\/it\/wp-json\/wp\/v2\/pages\/3648","targetHints":{"allow":["GET"]}}],"collection":[{"href":"https:\/\/www.hoplites.eu\/it\/wp-json\/wp\/v2\/pages"}],"about":[{"href":"https:\/\/www.hoplites.eu\/it\/wp-json\/wp\/v2\/types\/page"}],"author":[{"embeddable":true,"href":"https:\/\/www.hoplites.eu\/it\/wp-json\/wp\/v2\/users\/1"}],"replies":[{"embeddable":true,"href":"https:\/\/www.hoplites.eu\/it\/wp-json\/wp\/v2\/comments?post=3648"}],"version-history":[{"count":0,"href":"https:\/\/www.hoplites.eu\/it\/wp-json\/wp\/v2\/pages\/3648\/revisions"}],"wp:attachment":[{"href":"https:\/\/www.hoplites.eu\/it\/wp-json\/wp\/v2\/media?parent=3648"}],"curies":[{"name":"wp","href":"https:\/\/api.w.org\/{rel}","templated":true}]}}