{"id":3651,"date":"2022-04-15T15:55:17","date_gmt":"2022-04-15T13:55:17","guid":{"rendered":"https:\/\/www.hoplites.eu\/home-test\/"},"modified":"2024-09-05T18:41:45","modified_gmt":"2024-09-05T16:41:45","slug":"home-test","status":"publish","type":"page","link":"https:\/\/www.hoplites.eu\/it\/","title":{"rendered":"Home good"},"content":{"rendered":"<div class=\"gb-container gb-container-7effbf62\"><div class=\"gb-inside-container\">\n\n<h1 class=\"gb-headline gb-headline-afd76b9d gb-headline-text\">Laboratorio Sartoriale Artigianale e Industriale<\/h1>\n\n\n\n<p class=\"has-text-align-center\">Scopri il nostro network<\/p>\n\n\n<div class=\"gb-button-wrapper gb-button-wrapper-ba49f438\">\n\n<a class=\"gb-button gb-button-27349c2b gb-button-text\" href=\"https:\/\/www.hoplites.eu\/it\/contatti\/\">Contattaci<\/a>\n\n<\/div>\n<\/div><\/div>\n\n<div class=\"gb-container gb-container-8f623a81\"><div class=\"gb-inside-container\">\n\n<h2 class=\"gb-headline gb-headline-0c155506 gb-headline-text\">Cosa possiamo fare per te<\/h2>\n\n\n\n<p class=\"has-text-align-center\">Ti aiutiamo a produrre la tua collezione di capi di abbigliamento alta moda 100% made in Italy.<\/p>\n\n\n\n<p class=\"has-text-align-center\">Abbiamo la tecnologia, cultura del lavoro, ed organizzazione innovativa: <a href=\"https:\/\/www.hoplites.eu\/it\/contatti\/\">contattaci ora!<\/a><\/p>\n\n<\/div><div class=\"gb-shapes\"><div class=\"gb-shape gb-shape-1\"><svg xmlns=\"http:\/\/www.w3.org\/2000\/svg\" viewBox=\"0 0 1200 130.3\" preserveAspectRatio=\"none\"><path d=\"M0 107.9l40-22.2c40-21.9 120-66.9 200-62.2 80 4.4 160 57.8 240 53.3C560 72 640 10.4 720 1.2S880 37 960 59c80 22.3 160 22.3 200 22.3h40v49H0v-22.4z\"\/><\/svg><\/div><\/div><\/div>\n\n<div class=\"gb-container gb-container-4f77004d transition-block\"><div class=\"gb-inside-container\">\n<div class=\"gb-grid-wrapper gb-grid-wrapper-e645d954\">\n<div class=\"gb-grid-column gb-grid-column-3922faac\"><div class=\"gb-container gb-container-3922faac\"><div class=\"gb-inside-container\">\n<div class=\"wp-block-image is-style-rounded oval-copy\">\n<figure class=\"aligncenter size-full\"><img decoding=\"async\" width=\"340\" height=\"340\" src=\"https:\/\/cdn.hoplites.eu\/wp-content\/uploads\/laboratorio-1.jpg?strip=all&sharp=1\" alt=\"laboratorio sartoriale\" class=\"wp-image-3224\" srcset=\"https:\/\/cdn.hoplites.eu\/wp-content\/uploads\/laboratorio-1.jpg?strip=all&amp;sharp=1 340w, https:\/\/cdn.hoplites.eu\/wp-content\/uploads\/laboratorio-1-300x300.jpg?strip=all&amp;sharp=1 300w, https:\/\/cdn.hoplites.eu\/wp-content\/uploads\/laboratorio-1-150x150.jpg?strip=all&amp;sharp=1 150w, https:\/\/cdn.hoplites.eu\/wp-content\/uploads\/laboratorio-1.jpg?strip=all&amp;sharp=1&amp;w=68 68w, https:\/\/cdn.hoplites.eu\/wp-content\/uploads\/laboratorio-1.jpg?strip=all&amp;sharp=1&amp;w=204 204w\" sizes=\"(max-width: 340px) 100vw, 340px\" \/><\/figure>\n<\/div>\n\n\n<h3 class=\"gb-headline gb-headline-84eac371 gb-headline-text\">Laboratorio<\/h3>\n\n\n\n<div class=\"gb-headline gb-headline-48eb38e1 gb-headline-text\"><\/div>\n\n\n<div class=\"gb-button-wrapper gb-button-wrapper-8c2979a4\">\n\n<a class=\"gb-button gb-button-a9866080 gb-button-text\" href=\"\/it\/laboratorio-sartoriale\/\">Scopri di pi\u00f9<\/a>\n\n<\/div>\n<\/div><\/div><\/div>\n\n<div class=\"gb-grid-column gb-grid-column-4b8470b2\"><div class=\"gb-container gb-container-4b8470b2\"><div class=\"gb-inside-container\">\n<div class=\"wp-block-image is-style-rounded oval-copy\">\n<figure class=\"aligncenter size-full\"><img decoding=\"async\" width=\"340\" height=\"340\" src=\"https:\/\/cdn.hoplites.eu\/wp-content\/uploads\/abbigliamento-conto-terzi.jpg?strip=all&sharp=1\" alt=\"Produzione abbigliamento conto terzi\" class=\"wp-image-3225\" srcset=\"https:\/\/cdn.hoplites.eu\/wp-content\/uploads\/abbigliamento-conto-terzi.jpg?strip=all&amp;sharp=1 340w, https:\/\/cdn.hoplites.eu\/wp-content\/uploads\/abbigliamento-conto-terzi-300x300.jpg?strip=all&amp;sharp=1 300w, https:\/\/cdn.hoplites.eu\/wp-content\/uploads\/abbigliamento-conto-terzi-150x150.jpg?strip=all&amp;sharp=1 150w, https:\/\/cdn.hoplites.eu\/wp-content\/uploads\/abbigliamento-conto-terzi.jpg?strip=all&amp;sharp=1&amp;w=68 68w, https:\/\/cdn.hoplites.eu\/wp-content\/uploads\/abbigliamento-conto-terzi.jpg?strip=all&amp;sharp=1&amp;w=204 204w\" sizes=\"(max-width: 340px) 100vw, 340px\" \/><\/figure>\n<\/div>\n\n\n<h3 class=\"gb-headline gb-headline-ff5f94fb gb-headline-text\">Abbigliamento conto terzi<\/h3>\n\n\n\n<div class=\"gb-headline gb-headline-f8f9ffd5 gb-headline-text\"><\/div>\n\n\n<div class=\"gb-button-wrapper gb-button-wrapper-147a7b27\">\n\n<a class=\"gb-button gb-button-38baa893 gb-button-text\" href=\"\/it\/produzione-abbigliamento-conto-terzi\/\">Scopri di pi\u00f9<\/a>\n\n<\/div>\n<\/div><\/div><\/div>\n\n<div class=\"gb-grid-column gb-grid-column-7d01f28c\"><div class=\"gb-container gb-container-7d01f28c\"><div class=\"gb-inside-container\">\n<div class=\"wp-block-image is-style-rounded oval-copy\">\n<figure class=\"aligncenter size-full\"><img decoding=\"async\" width=\"340\" height=\"340\" src=\"https:\/\/cdn.hoplites.eu\/wp-content\/uploads\/cartamodelli.jpg?strip=all&sharp=1\" alt=\"Sviluppo cartamodelli\" class=\"wp-image-3226\" srcset=\"https:\/\/cdn.hoplites.eu\/wp-content\/uploads\/cartamodelli.jpg?strip=all&amp;sharp=1 340w, https:\/\/cdn.hoplites.eu\/wp-content\/uploads\/cartamodelli-300x300.jpg?strip=all&amp;sharp=1 300w, https:\/\/cdn.hoplites.eu\/wp-content\/uploads\/cartamodelli-150x150.jpg?strip=all&amp;sharp=1 150w, https:\/\/cdn.hoplites.eu\/wp-content\/uploads\/cartamodelli.jpg?strip=all&amp;sharp=1&amp;w=68 68w, https:\/\/cdn.hoplites.eu\/wp-content\/uploads\/cartamodelli.jpg?strip=all&amp;sharp=1&amp;w=204 204w\" sizes=\"(max-width: 340px) 100vw, 340px\" \/><\/figure>\n<\/div>\n\n\n<h3 class=\"gb-headline gb-headline-047932c9 gb-headline-text\">Cartamodelli<\/h3>\n\n\n\n<div class=\"gb-headline gb-headline-e3352916 gb-headline-text\"><\/div>\n\n\n<div class=\"gb-button-wrapper gb-button-wrapper-41e48806\">\n\n<a class=\"gb-button gb-button-28702b0d gb-button-text\" href=\"\/it\/sviluppo-cartamodelli-sartoria-industriale\/\">Scopri di pi\u00f9<\/a>\n\n<\/div>\n<\/div><\/div><\/div>\n\n<div class=\"gb-grid-column gb-grid-column-8a674047\"><div class=\"gb-container gb-container-8a674047\"><div class=\"gb-inside-container\">\n<div class=\"wp-block-image is-style-rounded oval-copy\">\n<figure class=\"aligncenter size-full\"><img decoding=\"async\" width=\"340\" height=\"340\" src=\"https:\/\/cdn.hoplites.eu\/wp-content\/uploads\/consulenza.jpg?strip=all&sharp=1\" alt=\"Consulenza a giovani stilisti\" class=\"wp-image-3227\" srcset=\"https:\/\/cdn.hoplites.eu\/wp-content\/uploads\/consulenza.jpg?strip=all&amp;sharp=1 340w, https:\/\/cdn.hoplites.eu\/wp-content\/uploads\/consulenza-300x300.jpg?strip=all&amp;sharp=1 300w, https:\/\/cdn.hoplites.eu\/wp-content\/uploads\/consulenza-150x150.jpg?strip=all&amp;sharp=1 150w, https:\/\/cdn.hoplites.eu\/wp-content\/uploads\/consulenza.jpg?strip=all&amp;sharp=1&amp;w=68 68w, https:\/\/cdn.hoplites.eu\/wp-content\/uploads\/consulenza.jpg?strip=all&amp;sharp=1&amp;w=204 204w\" sizes=\"(max-width: 340px) 100vw, 340px\" \/><\/figure>\n<\/div>\n\n\n<h3 class=\"gb-headline gb-headline-601bf753 gb-headline-text\">Consulenza<\/h3>\n\n\n\n<div class=\"gb-headline gb-headline-41aa2822 gb-headline-text\"><\/div>\n\n\n<div class=\"gb-button-wrapper gb-button-wrapper-137b4b67\">\n\n<a class=\"gb-button gb-button-f8418683 gb-button-text\" href=\"\/it\/consulenza-tessuti\/\">Scopri di pi\u00f9<\/a>\n\n<\/div>\n<\/div><\/div><\/div>\n<\/div>\n<\/div><\/div>\n\n<div class=\"gb-container gb-container-fb1efcd2\"><div class=\"gb-inside-container\">\n<div class=\"gb-grid-wrapper gb-grid-wrapper-458c6f40\">\n<div class=\"gb-grid-column gb-grid-column-014dbc97\"><div class=\"gb-container gb-container-014dbc97\"><div class=\"gb-inside-container\">\n\n<h3 class=\"gb-headline gb-headline-1accdb87 gb-headline-text\">Made in Italy, qualit\u00e0 senza compromesso<\/h3>\n\n\n\n<p class=\"has-text-align-left has-base-3-color has-text-color\">Hoplites produce abbigliamento conto terzi di lusso imteramente made in Italy.<\/p>\n\n\n\n<p class=\"has-text-align-left has-base-3-color has-text-color\">Siamo un Laboratorio Sartoriale Artigianale e Industriale. La <strong>certificazione<\/strong> della produzione completamente made in Italy deve soddisfare requisiti imprescindibili come la manifattura completamente italiana, o il rispetto della tradizione lavorativa del nostro paese che caratterizzano l&#8217;artigianato italiano (saper fare) .<\/p>\n\n\n\n<p class=\"has-text-align-left has-base-3-color has-text-color\">Ma non \u00e8 solo una questione di leggi, perch\u00e9 quando si parla di made in Italy si parla di originalit\u00e0 e di persone.<\/p>\n\n\n<div class=\"gb-button-wrapper gb-button-wrapper-d1e9edfc\">\n\n<a class=\"gb-button gb-button-3944e3c0 gb-button-text\" href=\"\/it\/il-nostro-made-in-italy\/\">Scopri il nostro Made in Italy<\/a>\n\n<\/div>\n<\/div><\/div><\/div>\n\n<div class=\"gb-grid-column gb-grid-column-e4c80ca1\"><div class=\"gb-container gb-container-e4c80ca1\"><div class=\"gb-inside-container\">\n<div class=\"wp-block-image\">\n<figure class=\"aligncenter size-full is-resized\"><img decoding=\"async\" width=\"214\" height=\"167\" src=\"https:\/\/cdn.hoplites.eu\/wp-content\/uploads\/made-in-italy.png?strip=all&sharp=1\" alt=\"Produzione abbigliamento Made in Italy\" class=\"wp-image-3216\" style=\"width:214px;height:167px\" srcset=\"https:\/\/cdn.hoplites.eu\/wp-content\/uploads\/made-in-italy.png?strip=all&amp;sharp=1 214w, https:\/\/cdn.hoplites.eu\/wp-content\/uploads\/made-in-italy.png?strip=all&amp;sharp=1&amp;w=85 85w\" sizes=\"(max-width: 214px) 100vw, 214px\" \/><\/figure>\n<\/div>\n<\/div><\/div><\/div>\n<\/div>\n<\/div><\/div>\n\n<div class=\"gb-container gb-container-c443aac5\"><div class=\"gb-inside-container\">\n\n<h2 class=\"gb-headline gb-headline-2e5b0abf gb-headline-text\">Chi siamo<\/h2>\n\n\n<div class=\"gb-container gb-container-db061cbf\"><div class=\"gb-inside-container\">\n<div class=\"gb-grid-wrapper gb-grid-wrapper-8d7d9875\">\n<div class=\"gb-grid-column gb-grid-column-d2b36cd4\"><div class=\"gb-container gb-container-d2b36cd4\"><div class=\"gb-inside-container\">\n\n<figure class=\"wp-block-image size-full is-style-rounded oval-copy\"><a href=\"https:\/\/www.hoplites.eu\/chiara-giannandrea\/\"><img decoding=\"async\" width=\"400\" height=\"400\" src=\"https:\/\/cdn.hoplites.eu\/wp-content\/uploads\/chiara-giannandrea-clothing-production-italy.jpg?strip=all&sharp=1\" alt=\"Chiara Giannandrea - Product manager\" class=\"wp-image-3218\" srcset=\"https:\/\/cdn.hoplites.eu\/wp-content\/uploads\/chiara-giannandrea-clothing-production-italy.jpg?strip=all&amp;sharp=1 400w, https:\/\/cdn.hoplites.eu\/wp-content\/uploads\/chiara-giannandrea-clothing-production-italy-300x300.jpg?strip=all&amp;sharp=1 300w, https:\/\/cdn.hoplites.eu\/wp-content\/uploads\/chiara-giannandrea-clothing-production-italy-150x150.jpg?strip=all&amp;sharp=1 150w, https:\/\/cdn.hoplites.eu\/wp-content\/uploads\/chiara-giannandrea-clothing-production-italy.jpg?strip=all&amp;sharp=1&amp;w=80 80w, https:\/\/cdn.hoplites.eu\/wp-content\/uploads\/chiara-giannandrea-clothing-production-italy.jpg?strip=all&amp;sharp=1&amp;w=240 240w\" sizes=\"(max-width: 400px) 100vw, 400px\" \/><\/a><\/figure>\n\n\n\n<div style=\"height:30px\" aria-hidden=\"true\" class=\"wp-block-spacer\"><\/div>\n\n\n\n<p class=\"gb-headline gb-headline-2382d1fd gb-headline-text\"><a href=\"\/it\/chiara-giannandrea\/\">Chiara Giannandrea<\/a><\/p>\n\n\n\n<p>Production manager<\/p>\n\n<\/div><\/div><\/div>\n\n<div class=\"gb-grid-column gb-grid-column-bcf572d8\"><div class=\"gb-container gb-container-bcf572d8\"><div class=\"gb-inside-container\">\n\n<figure class=\"wp-block-image size-full is-style-rounded oval-copy\"><a href=\"https:\/\/www.hoplites.eu\/giuseppe-di-nanni\/\"><img decoding=\"async\" width=\"400\" height=\"400\" src=\"https:\/\/cdn.hoplites.eu\/wp-content\/uploads\/giuseppe-di-nanni-clothing-production-italy.jpg?strip=all&sharp=1\" alt=\"Giuseppe di Nanni - Amministratore\" class=\"wp-image-3217\" srcset=\"https:\/\/cdn.hoplites.eu\/wp-content\/uploads\/giuseppe-di-nanni-clothing-production-italy.jpg?strip=all&amp;sharp=1 400w, https:\/\/cdn.hoplites.eu\/wp-content\/uploads\/giuseppe-di-nanni-clothing-production-italy-300x300.jpg?strip=all&amp;sharp=1 300w, https:\/\/cdn.hoplites.eu\/wp-content\/uploads\/giuseppe-di-nanni-clothing-production-italy-150x150.jpg?strip=all&amp;sharp=1 150w, https:\/\/cdn.hoplites.eu\/wp-content\/uploads\/giuseppe-di-nanni-clothing-production-italy.jpg?strip=all&amp;sharp=1&amp;w=80 80w, https:\/\/cdn.hoplites.eu\/wp-content\/uploads\/giuseppe-di-nanni-clothing-production-italy.jpg?strip=all&amp;sharp=1&amp;w=240 240w\" sizes=\"(max-width: 400px) 100vw, 400px\" \/><\/a><\/figure>\n\n\n\n<div style=\"height:30px\" aria-hidden=\"true\" class=\"wp-block-spacer\"><\/div>\n\n\n\n<p class=\"gb-headline gb-headline-0713e892 gb-headline-text\"><a href=\"\/it\/giuseppe-di-nanni\/\">Giuseppe di Nanni<\/a><\/p>\n\n\n\n<p>Amministratore<\/p>\n\n<\/div><\/div><\/div>\n<\/div>\n<\/div><\/div>\n<\/div><\/div>\n\n<div class=\"gb-container gb-container-d51be45e\"><div class=\"gb-inside-container\">\n<div class=\"gb-grid-wrapper gb-grid-wrapper-87fc281b\">\n<div class=\"gb-grid-column gb-grid-column-12749742\"><div class=\"gb-container gb-container-12749742\"><div class=\"gb-inside-container\">\n<div class=\"gb-grid-wrapper gb-grid-wrapper-ce6b9654\">\n<div class=\"gb-grid-column gb-grid-column-10819122\"><div class=\"gb-container gb-container-10819122\"><div class=\"gb-inside-container\">\n\n<h5 class=\"gb-headline gb-headline-44151d0d gb-headline-text\">Oltre 40 anni nel settore dell&#8217;abbigliamento<\/h5>\n\n\n\n<p class=\"has-text-align-center\">HOPLITES S.r.l. \u00e8 un&#8217;azienda che, pur essendo relativamente giovane, vanta uno staff<br>con un know-how di oltre 40 anni di esperienza nel settore dell&#8217;abbigliamento di qualit\u00e0 e made in Italy.<\/p>\n\n\n\n<div style=\"height:64px\" aria-hidden=\"true\" class=\"wp-block-spacer\"><\/div>\n\n<\/div><\/div><\/div>\n<\/div>\n\n<div class=\"gb-container gb-container-2bda8237\"><div class=\"gb-inside-container\">\n<div class=\"wp-block-image red\">\n<figure class=\"aligncenter size-large is-resized\"><img decoding=\"async\" width=\"1000\" height=\"1000\" src=\"https:\/\/cdn.hoplites.eu\/wp-content\/uploads\/\/forbice-red.svg\" alt=\"Produzione abbigliamento\" class=\"wp-image-3223\" style=\"width:95px;height:95px\"\/><\/figure>\n<\/div>\n<\/div><\/div>\n\n<div class=\"gb-container gb-container-c77be2a9 rectangle-4\"><div class=\"gb-inside-container\">\n\n<p>La storia della nostra azienda parte nel 2009 da una considerazione di base: durante una produzione di abbigliamento, qual \u00e8 solitamente la principale ragione di spreco di tempo e denaro, e di aumento di ansia che a volte porta al vero panico da parte del cliente?<\/p>\n\n\n\n<p>La risposta \u00e8: la mancanza di una reale interazione tra cliente e produttore; questo per l&#8217;estrema difficolt\u00e0 nel gestire a grande distanza un processo delicato e complesso come la realizzazione di un capo (ancora pi\u00f9 complesso se la produzione prevede diverse topologie di prodotto come un total look), e l&#8217;impegno a seguire molti produttori sparsi sul territorio ed ognuno con le proprie caratteristiche e dinamiche di lavoro.<\/p>\n\n\n\n<div style=\"height:25px\" aria-hidden=\"true\" class=\"wp-block-spacer\"><\/div>\n\n\n\n<p class=\"gb-headline gb-headline-5480698a gb-headline-text linkRed\"><a href=\"\/it\/polo-produttivo-italiano-di-abbigliamento-in-puglia-dove-trovarci\/\">Scopri di pi\u00f9 sulla nostra azienda<\/a><\/p>\n\n<\/div><\/div>\n<\/div><div class=\"gb-shapes\"><div class=\"gb-shape gb-shape-1\"><svg xmlns=\"http:\/\/www.w3.org\/2000\/svg\" viewBox=\"0 0 1200 137.6\" preserveAspectRatio=\"none\"><path d=\"M0 137.6h1200V21.9l-66.7 26.7c-66.7 26.7-200 80-333.3 66.7S533.3 21.9 400 4.2C266.7-13.9 133.3 31.1 66.7 53L0 75.3v62.3z\"\/><\/svg><\/div><\/div><\/div><\/div>\n<\/div>\n<\/div><\/div>\n\n<div class=\"gb-container gb-container-709d2df1\"><div class=\"gb-inside-container\">\n\n<h3 class=\"gb-headline gb-headline-b8f1472c gb-headline-text\">Il blog di Hoplites<\/h3>\n\n\n\n<p class=\"has-text-align-center linkRed\"><a href=\"\/it\/blog\/\"><strong>Vai al blog<\/strong><\/a><\/p>\n\n<\/div><div class=\"gb-shapes\"><div class=\"gb-shape gb-shape-1\"><svg xmlns=\"http:\/\/www.w3.org\/2000\/svg\" viewBox=\"0 0 1200 130.3\" preserveAspectRatio=\"none\"><path d=\"M0 107.9l40-22.2c40-21.9 120-66.9 200-62.2 80 4.4 160 57.8 240 53.3C560 72 640 10.4 720 1.2S880 37 960 59c80 22.3 160 22.3 200 22.3h40v49H0v-22.4z\"\/><\/svg><\/div><\/div><\/div>\n\n<div class=\"gb-container gb-container-a29ba0ee transition-block\"><div class=\"gb-inside-container\">\n<div class=\"list-post\"><div class=\"container-post\"><a href=\"https:\/\/www.hoplites.eu\/it\/blog\/quanta-acqua-serve-produzione-jeans\/\"><img decoding=\"async\" width=\"560\" height=\"300\" src=\"https:\/\/cdn.hoplites.eu\/wp-content\/uploads\/Quanta-acqua-serve-per-fare-un-paio-di-jeans-560x300.jpg?strip=all&amp;sharp=1\" class=\"attachment-blog-img-mobile size-blog-img-mobile wp-post-image\" alt=\"Quanta acqua serve per fare un paio di jeans\" srcset=\"https:\/\/cdn.hoplites.eu\/wp-content\/uploads\/Quanta-acqua-serve-per-fare-un-paio-di-jeans-560x300.jpg?strip=all&amp;sharp=1 560w, https:\/\/cdn.hoplites.eu\/wp-content\/uploads\/Quanta-acqua-serve-per-fare-un-paio-di-jeans-scaled.jpg?strip=all&amp;sharp=1&amp;zoom=0.2&amp;resize=560%2C300 112w, https:\/\/cdn.hoplites.eu\/wp-content\/uploads\/Quanta-acqua-serve-per-fare-un-paio-di-jeans-scaled.jpg?strip=all&amp;sharp=1&amp;zoom=0.4&amp;resize=560%2C300 224w, https:\/\/cdn.hoplites.eu\/wp-content\/uploads\/Quanta-acqua-serve-per-fare-un-paio-di-jeans-scaled.jpg?strip=all&amp;sharp=1&amp;zoom=0.6&amp;resize=560%2C300 336w, https:\/\/cdn.hoplites.eu\/wp-content\/uploads\/Quanta-acqua-serve-per-fare-un-paio-di-jeans-scaled.jpg?strip=all&amp;sharp=1&amp;zoom=0.8&amp;resize=560%2C300 448w, https:\/\/cdn.hoplites.eu\/wp-content\/uploads\/Quanta-acqua-serve-per-fare-un-paio-di-jeans-scaled.jpg?strip=all&amp;sharp=1&amp;zoom=2&amp;resize=560%2C300 1120w, https:\/\/cdn.hoplites.eu\/wp-content\/uploads\/Quanta-acqua-serve-per-fare-un-paio-di-jeans-scaled.jpg?strip=all&amp;sharp=1&amp;zoom=3&amp;resize=560%2C300 1680w\" sizes=\"(max-width: 560px) 100vw, 560px\" \/><\/a><h3><a href=\"https:\/\/www.hoplites.eu\/it\/blog\/quanta-acqua-serve-produzione-jeans\/\">Quanta acqua serve per fare un paio di jeans?<\/a><\/h3><span class=\"data-post\">30 Novembre 2022<\/span><a href=\"https:\/\/www.hoplites.eu\/it\/blog\/quanta-acqua-serve-produzione-jeans\/\" class=\"read-more\">Leggi di pi\u00f9<\/a><\/div><div class=\"container-post\"><a href=\"https:\/\/www.hoplites.eu\/it\/blog\/come-calcolare-prezzo-vendita-prodotto-abbigliamento\/\"><img decoding=\"async\" width=\"560\" height=\"300\" src=\"https:\/\/cdn.hoplites.eu\/wp-content\/uploads\/Come-calcolare-il-prezzo-di-vendita-di-un-prodotto-di-abbigliamento-560x300.jpg?strip=all&amp;sharp=1\" class=\"attachment-blog-img-mobile size-blog-img-mobile wp-post-image\" alt=\"Come calcolare il prezzo di vendita di un prodotto di abbigliamento\" srcset=\"https:\/\/cdn.hoplites.eu\/wp-content\/uploads\/Come-calcolare-il-prezzo-di-vendita-di-un-prodotto-di-abbigliamento-560x300.jpg?strip=all&amp;sharp=1 560w, https:\/\/cdn.hoplites.eu\/wp-content\/uploads\/Come-calcolare-il-prezzo-di-vendita-di-un-prodotto-di-abbigliamento.jpg?strip=all&amp;sharp=1&amp;zoom=0.2&amp;resize=560%2C300 112w, https:\/\/cdn.hoplites.eu\/wp-content\/uploads\/Come-calcolare-il-prezzo-di-vendita-di-un-prodotto-di-abbigliamento.jpg?strip=all&amp;sharp=1&amp;zoom=0.4&amp;resize=560%2C300 224w, https:\/\/cdn.hoplites.eu\/wp-content\/uploads\/Come-calcolare-il-prezzo-di-vendita-di-un-prodotto-di-abbigliamento.jpg?strip=all&amp;sharp=1&amp;zoom=0.6&amp;resize=560%2C300 336w, https:\/\/cdn.hoplites.eu\/wp-content\/uploads\/Come-calcolare-il-prezzo-di-vendita-di-un-prodotto-di-abbigliamento.jpg?strip=all&amp;sharp=1&amp;zoom=0.8&amp;resize=560%2C300 448w\" sizes=\"(max-width: 560px) 100vw, 560px\" \/><\/a><h3><a href=\"https:\/\/www.hoplites.eu\/it\/blog\/come-calcolare-prezzo-vendita-prodotto-abbigliamento\/\">Come calcolare il prezzo di vendita di un prodotto di...<\/a><\/h3><span class=\"data-post\">30 Novembre 2022<\/span><a href=\"https:\/\/www.hoplites.eu\/it\/blog\/come-calcolare-prezzo-vendita-prodotto-abbigliamento\/\" class=\"read-more\">Leggi di pi\u00f9<\/a><\/div><div class=\"container-post\"><a href=\"https:\/\/www.hoplites.eu\/it\/blog\/abbigliamento-made-in-italy\/\"><img decoding=\"async\" width=\"560\" height=\"300\" src=\"https:\/\/cdn.hoplites.eu\/wp-content\/uploads\/Quando-un-capo-di-abbigliamento-e-Made-in-Italy-e-come-riconoscerlo-560x300.png?strip=all&amp;sharp=1\" class=\"attachment-blog-img-mobile size-blog-img-mobile wp-post-image\" alt=\"Quando un capo di abbigliamento \u00e8 Made in Italy e come riconoscerlo\" srcset=\"https:\/\/cdn.hoplites.eu\/wp-content\/uploads\/Quando-un-capo-di-abbigliamento-e-Made-in-Italy-e-come-riconoscerlo-560x300.png?strip=all&amp;sharp=1 560w, https:\/\/cdn.hoplites.eu\/wp-content\/uploads\/Quando-un-capo-di-abbigliamento-e-Made-in-Italy-e-come-riconoscerlo.png?strip=all&amp;sharp=1&amp;zoom=0.2&amp;resize=560%2C300 112w, https:\/\/cdn.hoplites.eu\/wp-content\/uploads\/Quando-un-capo-di-abbigliamento-e-Made-in-Italy-e-come-riconoscerlo.png?strip=all&amp;sharp=1&amp;zoom=0.4&amp;resize=560%2C300 224w, https:\/\/cdn.hoplites.eu\/wp-content\/uploads\/Quando-un-capo-di-abbigliamento-e-Made-in-Italy-e-come-riconoscerlo.png?strip=all&amp;sharp=1&amp;zoom=0.6&amp;resize=560%2C300 336w, https:\/\/cdn.hoplites.eu\/wp-content\/uploads\/Quando-un-capo-di-abbigliamento-e-Made-in-Italy-e-come-riconoscerlo.png?strip=all&amp;sharp=1&amp;zoom=0.8&amp;resize=560%2C300 448w\" sizes=\"(max-width: 560px) 100vw, 560px\" \/><\/a><h3><a href=\"https:\/\/www.hoplites.eu\/it\/blog\/abbigliamento-made-in-italy\/\">Quando un capo di abbigliamento \u00e8 Made in Italy e...<\/a><\/h3><span class=\"data-post\">10 Novembre 2022<\/span><a href=\"https:\/\/www.hoplites.eu\/it\/blog\/abbigliamento-made-in-italy\/\" class=\"read-more\">Leggi di pi\u00f9<\/a><\/div><\/div>\n\n<\/div><\/div>","protected":false},"excerpt":{"rendered":"<p>Laboratorio Sartoriale Artigianale e Industriale Scopri il nostro network Cosa possiamo fare per te Ti aiutiamo a produrre la tua collezione di capi di abbigliamento alta moda 100% made in<\/p>\n","protected":false},"author":1,"featured_media":0,"parent":0,"menu_order":0,"comment_status":"closed","ping_status":"closed","template":"","meta":{"_acf_changed":false,"inline_featured_image":false,"footnotes":""},"class_list":["post-3651","page","type-page","status-publish","hentry","generate-columns","tablet-grid-50","mobile-grid-100","grid-parent","grid-33"],"acf":[],"_links":{"self":[{"href":"https:\/\/www.hoplites.eu\/it\/wp-json\/wp\/v2\/pages\/3651","targetHints":{"allow":["GET"]}}],"collection":[{"href":"https:\/\/www.hoplites.eu\/it\/wp-json\/wp\/v2\/pages"}],"about":[{"href":"https:\/\/www.hoplites.eu\/it\/wp-json\/wp\/v2\/types\/page"}],"author":[{"embeddable":true,"href":"https:\/\/www.hoplites.eu\/it\/wp-json\/wp\/v2\/users\/1"}],"replies":[{"embeddable":true,"href":"https:\/\/www.hoplites.eu\/it\/wp-json\/wp\/v2\/comments?post=3651"}],"version-history":[{"count":0,"href":"https:\/\/www.hoplites.eu\/it\/wp-json\/wp\/v2\/pages\/3651\/revisions"}],"wp:attachment":[{"href":"https:\/\/www.hoplites.eu\/it\/wp-json\/wp\/v2\/media?parent=3651"}],"curies":[{"name":"wp","href":"https:\/\/api.w.org\/{rel}","templated":true}]}}