{"id":3682,"date":"2022-05-10T10:48:04","date_gmt":"2022-05-10T08:48:04","guid":{"rendered":"https:\/\/www.hoplites.eu\/produzione-abbigliamento-conto-terzi\/how-to-produce-womens-dresses\/"},"modified":"2022-06-15T10:50:11","modified_gmt":"2022-06-15T08:50:11","slug":"vestiti-da-donna","status":"publish","type":"page","link":"https:\/\/www.hoplites.eu\/it\/produzione-abbigliamento-conto-terzi\/vestiti-da-donna\/","title":{"rendered":"Produzione Abiti da donna made in Italy"},"content":{"rendered":"<div class=\"gb-container gb-container-6fac96ab\"><div class=\"gb-inside-container\">\n\n<figure class=\"wp-block-image size-full\"><img decoding=\"async\" width=\"920\" height=\"580\" src=\"https:\/\/cdn.hoplites.eu\/wp-content\/uploads\/How-to-produce-Womens-Dresses.jpg?strip=all&sharp=1\" alt=\"How to produce Women's Dresses\" class=\"wp-image-3254\" srcset=\"https:\/\/cdn.hoplites.eu\/wp-content\/uploads\/How-to-produce-Womens-Dresses.jpg?strip=all&amp;sharp=1 920w, https:\/\/cdn.hoplites.eu\/wp-content\/uploads\/How-to-produce-Womens-Dresses-300x189.jpg?strip=all&amp;sharp=1 300w, https:\/\/cdn.hoplites.eu\/wp-content\/uploads\/How-to-produce-Womens-Dresses-768x484.jpg?strip=all&amp;sharp=1 768w, https:\/\/cdn.hoplites.eu\/wp-content\/uploads\/How-to-produce-Womens-Dresses.jpg?strip=all&amp;sharp=1&amp;w=184 184w, https:\/\/cdn.hoplites.eu\/wp-content\/uploads\/How-to-produce-Womens-Dresses.jpg?strip=all&amp;sharp=1&amp;w=368 368w, https:\/\/cdn.hoplites.eu\/wp-content\/uploads\/How-to-produce-Womens-Dresses.jpg?strip=all&amp;sharp=1&amp;w=552 552w, https:\/\/cdn.hoplites.eu\/wp-content\/uploads\/How-to-produce-Womens-Dresses.jpg?strip=all&amp;sharp=1&amp;w=450 450w\" sizes=\"(max-width: 920px) 100vw, 920px\" \/><\/figure>\n\n\n<div class=\"wp-block-image img-mobile\">\n<figure class=\"alignright size-medium\"><img decoding=\"async\" width=\"300\" height=\"300\" src=\"https:\/\/cdn.hoplites.eu\/wp-content\/uploads\/\/21980753_1546742672052120_5949880334735638528_n-300x300.jpg?strip=all&sharp=1\" alt=\"\" class=\"wp-image-3574\" srcset=\"https:\/\/cdn.hoplites.eu\/wp-content\/uploads\/21980753_1546742672052120_5949880334735638528_n-300x300.jpg?strip=all&amp;sharp=1 300w, https:\/\/cdn.hoplites.eu\/wp-content\/uploads\/21980753_1546742672052120_5949880334735638528_n-150x150.jpg?strip=all&amp;sharp=1 150w, https:\/\/cdn.hoplites.eu\/wp-content\/uploads\/21980753_1546742672052120_5949880334735638528_n.jpg?strip=all&amp;sharp=1 600w, https:\/\/cdn.hoplites.eu\/wp-content\/uploads\/21980753_1546742672052120_5949880334735638528_n.jpg?strip=all&amp;sharp=1&amp;w=240 240w, https:\/\/cdn.hoplites.eu\/wp-content\/uploads\/21980753_1546742672052120_5949880334735638528_n.jpg?strip=all&amp;sharp=1&amp;w=360 360w, https:\/\/cdn.hoplites.eu\/wp-content\/uploads\/21980753_1546742672052120_5949880334735638528_n.jpg?strip=all&amp;sharp=1&amp;w=480 480w\" sizes=\"(max-width: 300px) 100vw, 300px\" \/><\/figure>\n<\/div>\n\n\n<p><strong>Creativit\u00e0 e femminilit\u00e0&nbsp;<\/strong><\/p>\n\n\n\n<p>Quando parliamo di fantasia, gli abiti da donna si possono considerare i fiori pi\u00f9 attraenti del giardino costituito dal mondo dell\u2019abbigliamento femminile. Sono tra i capi di vestiario che maggiormente consentono maggiore libert\u00e0 creativa da parte dello\/della stilista. Possiamo suddividerli in tre grandi gruppi, ovvero: <strong>Abiti da Cerimonia<\/strong>; <strong>abiti da ambito lavorativo <\/strong>per la donna in carriera; <strong>abiti informali<\/strong> per occasioni legate comunque al tempo libero e alla socializzazione.<\/p>\n\n\n\n<h3 class=\"wp-block-heading\"><strong>Come si presentano gli Abiti da cerimonia<\/strong>:<\/h3>\n\n\n\n<p>si presentano tendenzialmente con dettagli<strong> ricchi<\/strong> e <strong>sontuosi<\/strong>. Sostanzialmente sono utilizzati in occasioni particolari e celebrative, in cui si conferma il gusto per il lusso e, spesso, per affermare uno status sociale. Possono essere realizzati con tessuti pregiati come la <strong>seta<\/strong>, impreziositi da <strong>pizzi<\/strong>, <strong>macram\u00e8<\/strong>, <strong>drappeggi<\/strong>, <strong>linee sinuose<\/strong> e <strong>scollature vertiginose<\/strong>. Spesso sono scintillanti grazie all\u2019utilizzo di tessuto <strong>lurex<\/strong> o <strong>lam\u00e8<\/strong>; oppure mediante l\u2019applicazione di <strong>cristalli pregiati<\/strong> come i famosi Swarovski. Ovviamente anche gli accessori (borsa, collana, bracciale, scarpe, ecc.) seguono la stessa logica.<\/p>\n\n\n\n<h3 class=\"wp-block-heading\"><strong>Chi indossa gli Abiti in ambito lavorativo<\/strong>:<\/h3>\n\n\n\n<p>sono utilizzati da donne che svolgono un <strong>lavoro di tipo gestionale o organizzativo<\/strong>, dall\u2019<strong>impiegata in ufficio<\/strong> alla <strong>manager di alto livello<\/strong>. Sono indumenti caratterizzati di solito da <strong>sobriet\u00e0 stilistica<\/strong> ed <strong>elevata praticit\u00e0<\/strong>, il tutto abbinato ad un\u2019<strong>eleganza<\/strong> che non richiede inutili fronzoli. Una nota di maggiore spensieratezza pu\u00f2 essere conferita dagli accessori che si decide di abbinare all\u2019abito stesso.<\/p>\n\n\n\n<h3 class=\"wp-block-heading\"><strong>Quando indossare Abiti informali<\/strong>:<\/h3>\n\n\n\n<p>questa \u00e8 la tipologia che pi\u00f9 d\u00e0 allo stilista la possibilit\u00e0 di creare fuori da qualsiasi schema precostituito. Questo per due buoni motivi: innanzitutto le occasioni per socializzare sono le pi\u00f9 varie (<strong>shopping<\/strong> \u2013 <strong>incontro con amici<\/strong> \u2013 <strong>serata galante<\/strong>); l\u2019altro motivo \u00e8 determinato dalla collocazione in un momento specifico della giornata (mattina \u2013 pomeriggio \u2013 sera) che pu\u00f2 influenzare molto il progetto stilistico a livello di dettagli, di complessit\u00e0 strutturale e di impatto estetico. Potremmo arbitrariamente delineare almeno tre distinte tipologie di abiti informali: <strong>da shopping<\/strong>; <strong>da cocktail<\/strong>; <strong>da sera<\/strong>. Ognuno di essi risponder\u00e0 a necessit\u00e0 differenti, ma il bello \u00e8 che non necessariamente le differenze debbano essere profonde, per esempio, si potrebbe ottenere un abito da sera derivandolo da uno da cocktail, semplicemente lavorando sulle <strong>lunghezze<\/strong> delle varie parti dell\u2019abito e su <strong>piccoli dettagli<\/strong>, senza rivoluzionarne drasticamente l\u2019estetica. Come potete vedere, quello dell\u2019abito femminile \u00e8 un universo ampio e sfaccettato, in cui la creativit\u00e0 dello stilista ha modo di agire indisturbata.<\/p>\n\n\n\n<h3 class=\"gb-headline gb-headline-b81a5f25 gb-headline-text\"><strong>Vuoi inserire Abiti da donna nel tuo Marchio?<\/strong><\/h3>\n\n\n\n<p>Ovviamente, a prescindere dalla tipologia e struttura dell\u2019abito, Hoplites S.r.l. sar\u00e0 in grado di fornire al vostro marchio sempre <strong>la migliore interpretazione realizzativa<\/strong>, seguendo fedelmente <strong>la vena creativa<\/strong> elaborata da voi o dal vostro stilista di fiducia. Tutto questo, occupandoci della <strong>ricerca<\/strong> e della<strong> fornitura dei tessuti e accessori<\/strong> pi\u00f9 adatti e coerenti con l\u2019esigenza del Brand stesso. Siamo anche disponibili ad <strong>elaborare gratuitamente un preventivo dei costi<\/strong>, al fine di cercare di rimanere all\u2019interno del <strong>budget stabilito dal cliente<\/strong>.\u00a0<\/p>\n\n\n\n<h2 class=\"wp-block-heading\">Creare un brand di abbigliamento da donna<\/h2>\n\n\n\n<p>Sviluppare una linea di abbigliamento da donna di successo passa senza dubbio dall&#8217;individuazione di un&#8217;idea nuova, insolita e personale di capo da indossare, che possa rappresentare un punto di unicit\u00e0 del marchio rispetto alla concorrenza.<\/p>\n\n\n\n<p>Rinnovare lo stile di un capo &#8220;tradizionale&#8221;, rileggerlo in chiave originale, magari con l&#8217;uso di materiali nuovi, possono essere alcuni degli elementi di successo di una linea di abbigliamento.<\/p>\n\n\n\n<p>Molti celebri brand legano il proprio nome a particolari elementi grafici ricorrenti, loghi e motivi grafici, che ne fanno un tratto distintivo e facilmente distinguibile nelle vetrine dei negozi; altri rappresentano la propria firma attraverso l&#8217;uso di materiali insoliti, o ancora con trame di colore estremamente riconoscibili.<\/p>\n\n\n\n<p>Vi sono poi aziende che si specializzano nella produzione di un solo genere di prodotto, ad esempio per l&#8217;intimo costumi da bagno, facendo della iper-specificit\u00e0 il proprio &#8220;bollino di qualit\u00e0&#8221;.<\/p>\n\n\n\n<p>\u00c8 importante capire se la clientela \u00e8 pronta al prodotto che si intende lanciare e se il mercato non sia gi\u00e0 provvisto di numerose offerte; \u00e8 necessario quindi effettuare delle analisi e ricerche di mercato, per capire cosa gli acquirenti preferiscono comprare, quali sono i loro gusti e se altre aziende commercializzano capi o accessori simili. Occorre poi volgere uno sguardo attento proprio alla concorrenza.<\/p>\n\n\n\n<p>Il settore moda abbraccia talmente tanti generi e prodotti da risultare estremamente ampio e variegato; nonostante ci\u00f2, l\u2019altrettanto grande e capillare presenza di aziende di abbigliamento sul territorio, dalle grandi fabbriche ai laboratori artigianali, fa s\u00ec che i competitor siano molti. Conoscerli significa poter ideare prodotti di cui gli scaffali non siano gi\u00e0 pieni.<\/p>\n\n\n\n<p>Mantenersi aggiornati sulle novit\u00e0 che riguardano moda e abbigliamento anche fuori dai nostri confini pu\u00f2 essere utile per anticipare le tendenze future, accontentare per primi le richieste della clientela e arrivare in anticipo sugli altri marchi.<\/p>\n\n\n\n<p>Tornando ora al punto di partenza, cosa pu\u00f2 rappresentare il punto di forza della nostra azienda? Cosa pu\u00f2 distinguerla dalle altre e renderla unica?<\/p>\n\n\n\n<p>Gli elementi vincenti per potersi ritagliare la propria clientela nel mercato dell&#8217;abbigliamento sono di varia natura.<\/p>\n\n\n\n<p>Creare un capo di abbigliamento totalmente nuovo, per design, rifiniture, usare fantasie mai utilizzate prima, sono senza dubbio gli assi nella manica di chi produce abbigliamento.<\/p>\n\n\n\n<p>Sicuramente anche un prezzo competitivo rende allettante l&#8217;acquisto dei capi proposti; questa filosofia commerciale pu\u00f2 essere per\u00f2 un&#8217;arma a doppio taglio, in quanto avere prezzi di vendita bassi pu\u00f2 dover significare tagliare sui costi di produzione e utilizzare materiali di bassa qualit\u00e0.<\/p>\n\n\n\n<p>Riassumendo, una linea di abbigliamento low cost pu\u00f2 garantire un buon successo commerciale nel breve periodo, ma se la si produce a discapito della qualit\u00e0, il rischio di non fidelizzare i consumatori a lungo termine \u00e8 molto alto.<\/p>\n\n\n\n<p>Di contro, invece, l&#8217;impiego di tessuti di alta qualit\u00e0 e una manifattura di eccellente livello non potr\u00e0 che contribuire a diffondere il buon nome del marchio.<\/p>\n\n\n\n<p><strong>Come contattare Hoplites S.r.l. per chiedere una collaborazione?<\/strong><\/p>\n\n\n\n<p>Scrivici a&nbsp;<strong>info@hoplites.it<\/strong>&nbsp;illustrandoci&nbsp;<strong>il tuo progetto di produzione seriale o di campionario<\/strong>, e la nostra responsabile di produzione sar\u00e0 felice di risponderti.<\/p>\n\n\n\n<figure class=\"wp-block-gallery has-nested-images columns-default is-cropped wp-block-gallery-1 is-layout-flex wp-block-gallery-is-layout-flex\">\n<figure class=\"wp-block-image size-large\"><img decoding=\"async\" width=\"600\" height=\"800\" data-id=\"3575\" src=\"https:\/\/cdn.hoplites.eu\/wp-content\/uploads\/HOME-service-2.jpg?strip=all&sharp=1\" alt=\"\" class=\"wp-image-3575\" srcset=\"https:\/\/cdn.hoplites.eu\/wp-content\/uploads\/HOME-service-2.jpg?strip=all&amp;sharp=1 600w, https:\/\/cdn.hoplites.eu\/wp-content\/uploads\/HOME-service-2-225x300.jpg?strip=all&amp;sharp=1 225w, https:\/\/cdn.hoplites.eu\/wp-content\/uploads\/HOME-service-2.jpg?strip=all&amp;sharp=1&amp;w=120 120w, https:\/\/cdn.hoplites.eu\/wp-content\/uploads\/HOME-service-2.jpg?strip=all&amp;sharp=1&amp;w=360 360w, https:\/\/cdn.hoplites.eu\/wp-content\/uploads\/HOME-service-2.jpg?strip=all&amp;sharp=1&amp;w=480 480w\" sizes=\"(max-width: 600px) 100vw, 600px\" \/><\/figure>\n\n\n\n<figure class=\"wp-block-image size-large\"><img decoding=\"async\" width=\"533\" height=\"800\" data-id=\"3576\" src=\"https:\/\/cdn.hoplites.eu\/wp-content\/uploads\/15110319_1157124494324141_2945901548219479457_o.jpg?strip=all&sharp=1\" alt=\"\" class=\"wp-image-3576\" srcset=\"https:\/\/cdn.hoplites.eu\/wp-content\/uploads\/15110319_1157124494324141_2945901548219479457_o.jpg?strip=all&amp;sharp=1 533w, https:\/\/cdn.hoplites.eu\/wp-content\/uploads\/15110319_1157124494324141_2945901548219479457_o-200x300.jpg?strip=all&amp;sharp=1 200w, https:\/\/cdn.hoplites.eu\/wp-content\/uploads\/15110319_1157124494324141_2945901548219479457_o.jpg?strip=all&amp;sharp=1&amp;w=106 106w, https:\/\/cdn.hoplites.eu\/wp-content\/uploads\/15110319_1157124494324141_2945901548219479457_o.jpg?strip=all&amp;sharp=1&amp;w=319 319w, https:\/\/cdn.hoplites.eu\/wp-content\/uploads\/15110319_1157124494324141_2945901548219479457_o.jpg?strip=all&amp;sharp=1&amp;w=426 426w\" sizes=\"(max-width: 533px) 100vw, 533px\" \/><\/figure>\n<\/figure>\n\n<\/div><\/div>","protected":false},"excerpt":{"rendered":"<p>Creativit\u00e0 e femminilit\u00e0&nbsp; Quando parliamo di fantasia, gli abiti da donna si possono considerare i fiori pi\u00f9 attraenti del giardino costituito dal mondo dell\u2019abbigliamento femminile. Sono tra i capi di<\/p>\n","protected":false},"author":1,"featured_media":0,"parent":3666,"menu_order":0,"comment_status":"closed","ping_status":"closed","template":"","meta":{"_acf_changed":false,"inline_featured_image":false,"footnotes":""},"class_list":["post-3682","page","type-page","status-publish"],"acf":[],"_links":{"self":[{"href":"https:\/\/www.hoplites.eu\/it\/wp-json\/wp\/v2\/pages\/3682","targetHints":{"allow":["GET"]}}],"collection":[{"href":"https:\/\/www.hoplites.eu\/it\/wp-json\/wp\/v2\/pages"}],"about":[{"href":"https:\/\/www.hoplites.eu\/it\/wp-json\/wp\/v2\/types\/page"}],"author":[{"embeddable":true,"href":"https:\/\/www.hoplites.eu\/it\/wp-json\/wp\/v2\/users\/1"}],"replies":[{"embeddable":true,"href":"https:\/\/www.hoplites.eu\/it\/wp-json\/wp\/v2\/comments?post=3682"}],"version-history":[{"count":0,"href":"https:\/\/www.hoplites.eu\/it\/wp-json\/wp\/v2\/pages\/3682\/revisions"}],"up":[{"embeddable":true,"href":"https:\/\/www.hoplites.eu\/it\/wp-json\/wp\/v2\/pages\/3666"}],"wp:attachment":[{"href":"https:\/\/www.hoplites.eu\/it\/wp-json\/wp\/v2\/media?parent=3682"}],"curies":[{"name":"wp","href":"https:\/\/api.w.org\/{rel}","templated":true}]}}