{"id":3684,"date":"2022-05-10T11:18:47","date_gmt":"2022-05-10T09:18:47","guid":{"rendered":"https:\/\/www.hoplites.eu\/produzione-abbigliamento-conto-terzi\/outerwear-mobile\/"},"modified":"2022-07-12T14:40:23","modified_gmt":"2022-07-12T12:40:23","slug":"capospalla","status":"publish","type":"page","link":"https:\/\/www.hoplites.eu\/it\/produzione-abbigliamento-conto-terzi\/capospalla\/","title":{"rendered":"Produzione di Capospalla made in Italy"},"content":{"rendered":"<div class=\"gb-container gb-container-6fac96ab\"><div class=\"gb-inside-container\">\n\n<figure class=\"wp-block-image size-full\"><img decoding=\"async\" width=\"920\" height=\"580\" src=\"https:\/\/cdn.hoplites.eu\/wp-content\/uploads\/10957760_794678943902033_5165701108632897643_n-1.jpg?strip=all&sharp=1\" alt=\"\" class=\"wp-image-3603\" srcset=\"https:\/\/cdn.hoplites.eu\/wp-content\/uploads\/10957760_794678943902033_5165701108632897643_n-1.jpg?strip=all&amp;sharp=1 920w, https:\/\/cdn.hoplites.eu\/wp-content\/uploads\/10957760_794678943902033_5165701108632897643_n-1-300x189.jpg?strip=all&amp;sharp=1 300w, https:\/\/cdn.hoplites.eu\/wp-content\/uploads\/10957760_794678943902033_5165701108632897643_n-1-768x484.jpg?strip=all&amp;sharp=1 768w, https:\/\/cdn.hoplites.eu\/wp-content\/uploads\/10957760_794678943902033_5165701108632897643_n-1.jpg?strip=all&amp;sharp=1&amp;w=184 184w, https:\/\/cdn.hoplites.eu\/wp-content\/uploads\/10957760_794678943902033_5165701108632897643_n-1.jpg?strip=all&amp;sharp=1&amp;w=368 368w, https:\/\/cdn.hoplites.eu\/wp-content\/uploads\/10957760_794678943902033_5165701108632897643_n-1.jpg?strip=all&amp;sharp=1&amp;w=552 552w, https:\/\/cdn.hoplites.eu\/wp-content\/uploads\/10957760_794678943902033_5165701108632897643_n-1.jpg?strip=all&amp;sharp=1&amp;w=450 450w\" sizes=\"(max-width: 920px) 100vw, 920px\" \/><\/figure>\n\n\n\n<p><strong>Il capospalla e il suo valore aggiunto<\/strong><\/p>\n\n\n\n<p>Il capospalla, essendo prettamente un&nbsp;<strong>indumento esterno<\/strong>&nbsp;(giacca, cappotto, montgomery, ecc.), costituisce l\u2019elemento che forse pi\u00f9 contribuisce a&nbsp;<strong>comunicare<\/strong>&nbsp;immediatamente&nbsp;<strong>l\u2019immagine&nbsp;che noi abbiamo di&nbsp;noi stessi<\/strong> al mondo esterno. In questo caso \u00e8 imperativa la <strong>scelta della qualit\u00e0<\/strong>, dal momento che questo prodotto costituisce il fondamento per la <strong>costruzione dello stile personale<\/strong>: risultano quindi molto <strong>importanti i tessuti utilizzati<\/strong>, <strong>il taglio<\/strong> e <strong>dettagli di pregio<\/strong> che hanno la capacit\u00e0 di valorizzare l\u2019individuo che li indossa. Ci sono <strong>caratteristiche irrinunciabili che fanno la differenza<\/strong>: dalla sensazione tattile alle rifiniture, dal taglio di un tessuto alla sua capacit\u00e0 di adattarsi ai movimenti e mantenere la forma nel tempo; tutti questi dettagli determinano, insieme al prezzo, <strong>la vera qualit\u00e0<\/strong>. Il denaro utilizzato in tal senso risulta un <strong>efficace investimento<\/strong>, assicurando <strong>sia una maggiore durata del capo che un notevole va<\/strong><strong>lore aggiunto in termini di immagine<\/strong>.<\/p>\n\n\n\n<p><strong>Buona progettazione e lunga esperienza<\/strong><\/p>\n\n\n\n<p>Nell\u2019ambito dell\u2019abbigliamento, ogni marchio ha in mente una certa tipologia fisica di cliente ideale, e ci\u00f2<\/p>\n\n\n\n<p>&nbsp;si esprime attraverso la vestibilit\u00e0 che si sceglie di adottare: da una linea grintosa, ad una classica. Alla base di una buona progettazione dei capi, rimane d\u2019importanza capitale <strong>la perfezione esecutiva nella costruzione del capo stesso<\/strong>. Servono laboratori che abbiano <strong>una lunga esperienza<\/strong> nel saper sfruttare al massimo le caratteristiche ed i pregi di un tessuto, affinch\u00e9 il capo assecondi ed esalti al meglio le proporzioni del cliente che lo indosser\u00e0. La sapienza nella costruzione di un buon capospalla si ottiene grazie alla <strong>capacit\u00e0 del laboratorio di saper assecondare le esigenze dell\u2019azienda committente<\/strong>, mantenendo viva l\u2019abilit\u00e0 che permette di reinterpretare costantemente i gusti del momento, donando al capo finito una classe ed una perfezione senza tempo.<\/p>\n\n\n\n<figure class=\"wp-block-image size-medium\"><img decoding=\"async\" width=\"240\" height=\"300\" src=\"https:\/\/cdn.hoplites.eu\/wp-content\/uploads\/\/121071110_833794630723427_1217213188109024978_n-240x300.jpg?strip=all&sharp=1\" alt=\"\" class=\"wp-image-3594\" srcset=\"https:\/\/cdn.hoplites.eu\/wp-content\/uploads\/121071110_833794630723427_1217213188109024978_n-240x300.jpg?strip=all&amp;sharp=1 240w, https:\/\/cdn.hoplites.eu\/wp-content\/uploads\/121071110_833794630723427_1217213188109024978_n.jpg?strip=all&amp;sharp=1 640w, https:\/\/cdn.hoplites.eu\/wp-content\/uploads\/121071110_833794630723427_1217213188109024978_n.jpg?strip=all&amp;sharp=1&amp;w=128 128w, https:\/\/cdn.hoplites.eu\/wp-content\/uploads\/121071110_833794630723427_1217213188109024978_n.jpg?strip=all&amp;sharp=1&amp;w=384 384w, https:\/\/cdn.hoplites.eu\/wp-content\/uploads\/121071110_833794630723427_1217213188109024978_n.jpg?strip=all&amp;sharp=1&amp;w=512 512w\" sizes=\"(max-width: 240px) 100vw, 240px\" \/><\/figure>\n\n\n\n<p><strong>Perch\u00e9 un capospalla made in Italy?<\/strong><\/p>\n\n\n\n<p>Il made in Italy non conosce rivali grazie a <strong>secoli di perfezionamento ai massimi livelli<\/strong> in questo campo: noi della Hoplites abbiamo selezionato per voi<strong> le maestranze pi\u00f9 qualificate<\/strong> che sappiano rendere al meglio le vostre creazioni, aggiungendo quella mescolanza di sensibilit\u00e0 e know-how capaci di conferire ai capi una loro distinta personalit\u00e0 che, come usiamo dire in gergo, \u201cfaccia parlare il capo\u201d. Le parole non sono sufficienti a rendere questo concetto, poich\u00e9 esso si esplica attraverso <strong>qualit\u00e0<\/strong> difficilmente descriv<\/p>\n\n\n\n<p>ibili, ma <strong>che si manifestano con immediatezza nel momento in cui si entra in contatto con un manufatto del genere<\/strong>: basta vederlo, toccarlo.\u2026 indossarlo.<\/p>\n\n\n\n<p><strong>La Hoplites S.r.l. vigila costantemente<\/strong> affinch\u00e9 le vostre <strong>aspettative vengano pienamente esaudite<\/strong>, selezionando, coordinando, verificando quotidianamente i laboratori che saranno destinati a servirvi nel migliore dei modi, secondo lo <strong>spirito pi\u00f9 genuino di collaborazione e lealt\u00e0<\/strong>. Questo \u00e8 il motivo per cui le pi\u00f9 prestigiose marche mondiali si affidano alla nostra opera. Per ambire al meglio necessita affidarsi a chi sa dare il meglio.<\/p>\n\n\n\n<h1 class=\"wp-block-heading\">Produzione di capispalla per uomo e donna<\/h1>\n\n\n\n<p>Hoplites si occupa da anni di vestire con successo, stile e qualit\u00e0 centinaia di uomini e donne con i migliori capi di abbigliamento presenti sul mercato. In particolare, il laboratorio sartoriale dell&#8217;azienda \u00e8 in grado di <strong>produrre capispalla da uomo e donna<\/strong> mischiando sapientemente una ricerca estetica raffinata, perfetta per ogni tipo di occasioni o per tutti i giorni, alle necessit\u00e0 produttive odierni, mantenendo alti i ritmi produttivi senza dimenticarsi di ridurre il suo impatto ambientale senza alterare la sua visione e ricerca del Made in Italy, esaudendo in pieno le aspettative degli acquirenti. Non c&#8217;\u00e8 niente di meglio di Hoplites per acquistare un capo di abbigliamento.<\/p>\n\n\n\n<p>Il capospalla per uomo o per donna \u00e8 un elemento fondamentale per diverse ragioni: il suo utilizzo, prettamente esterno e con persone a volte a noi sconosciute, trasmette nei confronti di chi ci osserva un\u2019immagine chiara e fornisce un biglietto da visita della personalit\u00e0.<\/p>\n\n\n\n<p>Per questo motivo, Hoplites investe moltissime risorse nella ricerca e nello sviluppo di nuove idee e opzioni per la realizzazione di capispalla, senza avere paura di sperimentare soluzioni innovative che rompano con il passato e con la tradizione. Il risultato \u00e8 quello di un vasto assortimento di capispalla per uomo e donna, fra i quali selezionare il pi\u00f9 confacente alle proprie esigenze, anche per quanto riguarda i colori, materiali e tipologie. L&#8217;ottima progettazione di ogni capo di abbigliamento e la lunga esperienza maturata nei processi produttivi, anche conto terzi, garantisce in ogni fase della creazione del vestiario la massima qualit\u00e0: tutto questo rende differente e irraggiungibile l&#8217;aziente, la quale \u00e8 dunque una vera e propria rivoluzione per il settore.<\/p>\n\n\n\n<p>Il laboratorio sartoriale dedicato alla produzione dei capispalla per uomo e donna permette la realizzazione di capi sia con tecniche industriali sia con tecniche artigianali, arrivando dove necessario anche alla realizzazione di prototipi di abbigliamento, oppure di piccoli campionari, senza dimenticarsi la formazione costante del suo parco di designer e stilisti italiani, facendoli crescere in un ambiente costruttivo e stimolante. La lavorazione di ogni singolo capo sartoriale di Hoplites &#8211; oppure di quelli realizzati sotto il loro supporto e consulenza &#8211; rispetta gli standard di produzione altissimi imposti in fase di progettazione in modo da soddisfare le garanzie di qualit\u00e0 tipiche dei prodotti.<\/p>\n\n\n\n<p>Da queste informazioni, \u00e8 chiaro che scegliere Hoplites \u00e8 la scelta migliore per ogni acquirente, perch\u00e9 il marchio \u00e8 in grado di sintetizzare ed esaudire le richieste tanto dei produttori che vogliono richiedere una consulenza, che dei consumatori che pretendono dei capi di qualit\u00e0 per fare la miglior figura possibile durante le loro occasioni eleganti o le giornate di tutti i giorni. I capispalla per uomo o donna di Hoplites sono, in tal senso, sia una vetrina esplicativa che la conferma di quello che fanno e della qualit\u00e0 che raggiungono: capi resistenti e di ottima fattura, presenti sul mercato in diversi stili e colori, pronti ad appagare in pieno le necessit\u00e0 e i desideri di ogni persona, comprendendo al meglio la necessit\u00e0 di possedere un vestiario di eccellenza, mantenendo sostenibili i costi.<\/p>\n\n\n\n<h3 class=\"wp-block-heading\"><strong>Come vengono calcolati i COSTI?<\/strong><\/h3>\n\n\n\n<p>come da nostra consuetudine forniamo sempre un&nbsp;<strong>preventivo gratuito<\/strong>, sia per la realizzazione dei&nbsp;<strong>campioni<\/strong>&nbsp;che della successiva&nbsp;<strong>produzione seriale<\/strong>; se ci vengono fornite anche indicazioni circa il budget che si ha a disposizione o il prezzo di produzione entro cui si desideri rientrare, sar\u00f2 felice di darti s<strong>uggerimenti circa il materiale pi\u00f9 adatto<\/strong>&nbsp;da usare e le quantit\u00e0 da produrre&nbsp;<strong>per soddisfare le esigenze di mercato<\/strong>.<\/p>\n\n\n\n<p><strong>Sostenibilit\u00e0 Ambientale<\/strong><\/p>\n\n\n\n<p>Oggigiorno \u00e8 fondamentale per qualsiasi produzione attenersi a criteri rigorosi di sostenibilit\u00e0 ambientale e Hoplites S.r.l. \u00e8 sempre estremamente attenta nel vigilare affinch\u00e9 tutto avvenga nel rispetto della&nbsp;<strong>eco-sostenibilit\u00e0<\/strong>.<\/p>\n\n\n\n<p><strong>Come contattare Hoplites S.r.l. per chiedere una collaborazione?<\/strong><\/p>\n\n\n\n<p>Scrivici a&nbsp;<strong>info@hoplites.it<\/strong>&nbsp;illustrandoci&nbsp;<strong>il tuo progetto di produzione seriale o di campionario<\/strong>, e la nostra responsabile di produzione sar\u00e0 felice di risponderti.<\/p>\n\n\n\n<figure class=\"wp-block-gallery has-nested-images columns-default is-cropped wp-block-gallery-1 is-layout-flex wp-block-gallery-is-layout-flex\">\n<figure class=\"wp-block-image size-large\"><img decoding=\"async\" width=\"640\" height=\"800\" data-id=\"3595\" src=\"https:\/\/cdn.hoplites.eu\/wp-content\/uploads\/118123783_311562716564446_4111116525667132776_n-1.jpg?strip=all&sharp=1\" alt=\"\" class=\"wp-image-3595\" srcset=\"https:\/\/cdn.hoplites.eu\/wp-content\/uploads\/118123783_311562716564446_4111116525667132776_n-1.jpg?strip=all&amp;sharp=1 640w, https:\/\/cdn.hoplites.eu\/wp-content\/uploads\/118123783_311562716564446_4111116525667132776_n-1-240x300.jpg?strip=all&amp;sharp=1 240w, https:\/\/cdn.hoplites.eu\/wp-content\/uploads\/118123783_311562716564446_4111116525667132776_n-1.jpg?strip=all&amp;sharp=1&amp;w=128 128w, https:\/\/cdn.hoplites.eu\/wp-content\/uploads\/118123783_311562716564446_4111116525667132776_n-1.jpg?strip=all&amp;sharp=1&amp;w=384 384w, https:\/\/cdn.hoplites.eu\/wp-content\/uploads\/118123783_311562716564446_4111116525667132776_n-1.jpg?strip=all&amp;sharp=1&amp;w=512 512w, https:\/\/cdn.hoplites.eu\/wp-content\/uploads\/118123783_311562716564446_4111116525667132776_n-1.jpg?strip=all&amp;sharp=1&amp;w=450 450w\" sizes=\"(max-width: 640px) 100vw, 640px\" \/><\/figure>\n\n\n\n<figure class=\"wp-block-image size-large\"><img decoding=\"async\" width=\"533\" height=\"800\" data-id=\"3596\" src=\"https:\/\/cdn.hoplites.eu\/wp-content\/uploads\/10712843_753336311369630_8498920001761517100_n.jpg?strip=all&sharp=1\" alt=\"\" class=\"wp-image-3596\" srcset=\"https:\/\/cdn.hoplites.eu\/wp-content\/uploads\/10712843_753336311369630_8498920001761517100_n.jpg?strip=all&amp;sharp=1 533w, https:\/\/cdn.hoplites.eu\/wp-content\/uploads\/10712843_753336311369630_8498920001761517100_n-200x300.jpg?strip=all&amp;sharp=1 200w, https:\/\/cdn.hoplites.eu\/wp-content\/uploads\/10712843_753336311369630_8498920001761517100_n.jpg?strip=all&amp;sharp=1&amp;w=106 106w, https:\/\/cdn.hoplites.eu\/wp-content\/uploads\/10712843_753336311369630_8498920001761517100_n.jpg?strip=all&amp;sharp=1&amp;w=319 319w, https:\/\/cdn.hoplites.eu\/wp-content\/uploads\/10712843_753336311369630_8498920001761517100_n.jpg?strip=all&amp;sharp=1&amp;w=426 426w\" sizes=\"(max-width: 533px) 100vw, 533px\" \/><\/figure>\n\n\n\n<figure class=\"wp-block-image size-large\"><img decoding=\"async\" width=\"640\" height=\"800\" data-id=\"3597\" src=\"https:\/\/cdn.hoplites.eu\/wp-content\/uploads\/44869054_373530893216244_5096751457025106790_n.jpg?strip=all&sharp=1\" alt=\"\" class=\"wp-image-3597\" srcset=\"https:\/\/cdn.hoplites.eu\/wp-content\/uploads\/44869054_373530893216244_5096751457025106790_n.jpg?strip=all&amp;sharp=1 640w, https:\/\/cdn.hoplites.eu\/wp-content\/uploads\/44869054_373530893216244_5096751457025106790_n-240x300.jpg?strip=all&amp;sharp=1 240w, https:\/\/cdn.hoplites.eu\/wp-content\/uploads\/44869054_373530893216244_5096751457025106790_n.jpg?strip=all&amp;sharp=1&amp;w=128 128w, https:\/\/cdn.hoplites.eu\/wp-content\/uploads\/44869054_373530893216244_5096751457025106790_n.jpg?strip=all&amp;sharp=1&amp;w=384 384w, https:\/\/cdn.hoplites.eu\/wp-content\/uploads\/44869054_373530893216244_5096751457025106790_n.jpg?strip=all&amp;sharp=1&amp;w=512 512w, https:\/\/cdn.hoplites.eu\/wp-content\/uploads\/44869054_373530893216244_5096751457025106790_n.jpg?strip=all&amp;sharp=1&amp;w=450 450w\" sizes=\"(max-width: 640px) 100vw, 640px\" \/><\/figure>\n<\/figure>\n\n<\/div><\/div>","protected":false},"excerpt":{"rendered":"<p>Il capospalla e il suo valore aggiunto Il capospalla, essendo prettamente un&nbsp;indumento esterno&nbsp;(giacca, cappotto, montgomery, ecc.), costituisce l\u2019elemento che forse pi\u00f9 contribuisce a&nbsp;comunicare&nbsp;immediatamente&nbsp;l\u2019immagine&nbsp;che noi abbiamo di&nbsp;noi stessi al mondo esterno.<\/p>\n","protected":false},"author":1,"featured_media":0,"parent":3666,"menu_order":0,"comment_status":"closed","ping_status":"closed","template":"","meta":{"_acf_changed":false,"inline_featured_image":false,"footnotes":""},"class_list":["post-3684","page","type-page","status-publish"],"acf":[],"_links":{"self":[{"href":"https:\/\/www.hoplites.eu\/it\/wp-json\/wp\/v2\/pages\/3684","targetHints":{"allow":["GET"]}}],"collection":[{"href":"https:\/\/www.hoplites.eu\/it\/wp-json\/wp\/v2\/pages"}],"about":[{"href":"https:\/\/www.hoplites.eu\/it\/wp-json\/wp\/v2\/types\/page"}],"author":[{"embeddable":true,"href":"https:\/\/www.hoplites.eu\/it\/wp-json\/wp\/v2\/users\/1"}],"replies":[{"embeddable":true,"href":"https:\/\/www.hoplites.eu\/it\/wp-json\/wp\/v2\/comments?post=3684"}],"version-history":[{"count":0,"href":"https:\/\/www.hoplites.eu\/it\/wp-json\/wp\/v2\/pages\/3684\/revisions"}],"up":[{"embeddable":true,"href":"https:\/\/www.hoplites.eu\/it\/wp-json\/wp\/v2\/pages\/3666"}],"wp:attachment":[{"href":"https:\/\/www.hoplites.eu\/it\/wp-json\/wp\/v2\/media?parent=3684"}],"curies":[{"name":"wp","href":"https:\/\/api.w.org\/{rel}","templated":true}]}}