{"id":3686,"date":"2022-05-10T11:15:13","date_gmt":"2022-05-10T09:15:13","guid":{"rendered":"https:\/\/www.hoplites.eu\/produzione-abbigliamento-conto-terzi\/polo-shirt\/"},"modified":"2022-09-15T09:11:23","modified_gmt":"2022-09-15T07:11:23","slug":"polo","status":"publish","type":"page","link":"https:\/\/www.hoplites.eu\/it\/produzione-abbigliamento-conto-terzi\/polo\/","title":{"rendered":"Produzione Polo made in Italy"},"content":{"rendered":"<div class=\"gb-container gb-container-6fac96ab\"><div class=\"gb-inside-container\">\n\n<figure class=\"wp-block-image size-full\"><img decoding=\"async\" width=\"920\" height=\"580\" src=\"https:\/\/cdn.hoplites.eu\/wp-content\/uploads\/polo-2-scaled-1.jpg?strip=all&sharp=1\" alt=\"\" class=\"wp-image-3291\" srcset=\"https:\/\/cdn.hoplites.eu\/wp-content\/uploads\/polo-2-scaled-1.jpg?strip=all&amp;sharp=1 920w, https:\/\/cdn.hoplites.eu\/wp-content\/uploads\/polo-2-scaled-1-300x189.jpg?strip=all&amp;sharp=1 300w, https:\/\/cdn.hoplites.eu\/wp-content\/uploads\/polo-2-scaled-1-768x484.jpg?strip=all&amp;sharp=1 768w, https:\/\/cdn.hoplites.eu\/wp-content\/uploads\/polo-2-scaled-1.jpg?strip=all&amp;sharp=1&amp;w=184 184w, https:\/\/cdn.hoplites.eu\/wp-content\/uploads\/polo-2-scaled-1.jpg?strip=all&amp;sharp=1&amp;w=368 368w, https:\/\/cdn.hoplites.eu\/wp-content\/uploads\/polo-2-scaled-1.jpg?strip=all&amp;sharp=1&amp;w=552 552w, https:\/\/cdn.hoplites.eu\/wp-content\/uploads\/polo-2-scaled-1.jpg?strip=all&amp;sharp=1&amp;w=450 450w\" sizes=\"(max-width: 920px) 100vw, 920px\" \/><\/figure>\n\n\n<div class=\"wp-block-image img-mobile\">\n<figure class=\"alignright size-medium\"><img decoding=\"async\" width=\"221\" height=\"300\" src=\"https:\/\/cdn.hoplites.eu\/wp-content\/uploads\/\/polo-1-221x300.jpg?strip=all&sharp=1\" alt=\"\" class=\"wp-image-3581\" srcset=\"https:\/\/cdn.hoplites.eu\/wp-content\/uploads\/polo-1-221x300.jpg?strip=all&amp;sharp=1 221w, https:\/\/cdn.hoplites.eu\/wp-content\/uploads\/polo-1.jpg?strip=all&amp;sharp=1 515w, https:\/\/cdn.hoplites.eu\/wp-content\/uploads\/polo-1.jpg?strip=all&amp;sharp=1&amp;w=103 103w, https:\/\/cdn.hoplites.eu\/wp-content\/uploads\/polo-1.jpg?strip=all&amp;sharp=1&amp;w=309 309w, https:\/\/cdn.hoplites.eu\/wp-content\/uploads\/polo-1.jpg?strip=all&amp;sharp=1&amp;w=412 412w\" sizes=\"(max-width: 221px) 100vw, 221px\" \/><\/figure>\n<\/div>\n\n\n<p><strong>Cenni storici<\/strong><\/p>\n\n\n\n<p>Lo sapevate com\u2019\u00e8 nato il capo d\u2019abbigliamento che tutti ora conosciamo come <strong>polo<\/strong>? In passato il <strong>tennis<\/strong> veniva giocato con indumenti che noi definiremmo totalmente inappropriati poich\u00e9 terribilmente scomodi <strong>per l\u2019attivit\u00e0 sportiva<\/strong> sia maschile che femminile. Ad un certo punto, nel 1926, un certo Lacoste (vi dice qualcosa questo cognome?) si pose l\u2019obiettivo di agevolare <strong>il confort<\/strong> durante le competizioni tennistiche e cre\u00f2 una <strong>strana t-shirt con colletto e bottoncini<\/strong>: aveva inventato <strong>la polo cos\u00ec come oggi la conosciamo<\/strong>. Un capo di abbigliamento che coniuga il <strong>comfort<\/strong> e la <strong>resistenza<\/strong> di una capo sportivo all\u2019<strong>eleganza delle linee<\/strong> (con o senza coccodrillino sul petto).<\/p>\n\n\n\n<h2 class=\"gb-headline gb-headline-ccb262bb gb-headline-text\">Produzione polo per uomo e donna<\/h2>\n\n\n\n<p>La<strong>&nbsp;polo<\/strong>&nbsp;\u00e8 un capo di abbigliamento che pu\u00f2 senza dubbio rientrare nella categoria degli evergreen, dal momento che si presenta come un indumento molto versatile adatto a chi non vuole rinunciare alla comodit\u00e0, ma comunque pi\u00f9 elegante di una comune t-shirt. Uomini e donne amano le polo, e proprio perch\u00e9 si tratta di un tipo di vestiario senza et\u00e0, \u00e8 fondamentale una scelta di qualit\u00e0. A tal proposito,<strong>&nbsp;Hoplites<\/strong>&nbsp;\u00e8 garanzia di ci\u00f2, dal momento che i laboratori di cui si avvale pongono tutta la qualit\u00e0 della&nbsp;<strong>sartoria artigianale industrializzata Made in Italy<\/strong>&nbsp;per rifornire sia importanti e affermati brand che stilisti emergenti. Di seguito scopriremo meglio questa realt\u00e0.<\/p>\n\n\n\n<p><\/p>\n\n\n\n<h3 class=\"gb-headline gb-headline-6ac7d67c gb-headline-text\">A chi si rivolge il laboratorio sartoriale Hoplites<\/h3>\n\n\n\n<p>Come accennavamo in precedenza, Hoplites affianca sia i marchi pi\u00f9 affermati che i fashion designer pi\u00f9 giovani, proponendo prodotti di qualit\u00e0 e sempre al passo con i tempi. L\u2019idea \u00e8 quella di esaudire i desideri di una fetta di pubblico sempre pi\u00f9 ampia, e cos\u00ec vengono realizzati prodotti molto innovativi, grazie anche a un continuo confronto con i clienti, che avviene durante le<strong>&nbsp;consulenze<\/strong>&nbsp;finalizzate a&nbsp;<strong>identificare le nuove tendenze<\/strong>&nbsp;per essere sempre un passo avanti rispetto alla concorrenza.<\/p>\n\n\n\n<p>Ma nemmeno chi ama lo stile classico viene deluso, dal momento che Hoplites, nei laboratori sartoriali industrializzati, produce anche&nbsp;<strong>indumenti pi\u00f9 tradizionali<\/strong>, e addirittura modelli di base che poi diventeranno dei veri capi di abbigliamento.<\/p>\n\n\n\n<p>Questo aspetto \u00e8 fondamentale se si sta cercando qualcosa come le classiche polo. Nel caso specifico, la&nbsp;<strong>qualit\u00e0 del tessuto<\/strong>&nbsp;impiegato rappresenta un elemento fondamentale, pertanto Hoplites si serve del meglio che ha a disposizione per fornire delle polo che risultino comode e fresche, e mantengano intatte le loro caratteristiche con il passare del tempo e gli utilizzi.<br><br><\/p>\n\n\n\n<h3 class=\"gb-headline gb-headline-f1da7598 gb-headline-text\">Caratteristiche dei prodotti Hoplites<\/h3>\n\n\n\n<p>Quando si tratta di un indumento come la polo, che pu\u00f2 essere indossata anche nelle occasioni mediamente formali senza sfigurare, la qualit\u00e0 \u00e8 tutto. <\/p>\n\n\n\n<p>Per questo nei laboratori sartoriali industrializzati, Hoplites lavoracon<strong> personale esperto<\/strong> seguendo ogni fase del processo produttivo artigianale industrializzato con una meticolosa attenzione ai dettagli, cos\u00ec da dare vita a un&nbsp;<strong>prodotto di fascia<\/strong>&nbsp;alta che trasmetta tutta la cura e la passione che chi lo ha realizzato \u00e8 riuscito a infondervi. Non solo i materiali vengono selezionati in modo rigido e attento in modo da avere sempre la prima scelta, ma anche gli strumenti di lavoro godono delle pi\u00f9&nbsp;<strong>moderne tecnologie<\/strong>, in modo da garantire estrema precisione e pulizia in ogni passaggio. Tra queste metodologie troviamo la realizzazione di cartamodelli non pi\u00f9 manuale, ma digitalizzata, in modo da rendere con maggiore versatilit\u00e0 e precisione il risultato finale; il loro sviluppo attraverso un modernissimo software di modellistica<strong>&nbsp;CAD<\/strong> consente un risultato sempre impeccabile.<br><\/p>\n\n\n\n<h3 class=\"gb-headline gb-headline-03e2cab2 gb-headline-text\"><br>Perch\u00e9 scegliere Hoplites?<\/h3>\n\n\n\n<p>Questo modus operandi e la filosofia che guida tutto il lavoro dei laboratori sartoriali industrializzati che Hoplites ha la capacit\u00e0 di mettere in campo, hanno portato la societ\u00e0 a occupare un posto importante all\u2019interno della produzione di capi sartoriali industrializzati in un panorama anche internazionale.<\/p>\n\n\n\n<p>Hoplites dimostra ogni giorno, grazie alla sua esperienza e ai&nbsp;<strong>prodotti di eccellenza<\/strong>&nbsp;che fornisce ai Brand clienti, di essere un punto di riferimento per la produzione sartoriale industrializzata, affidabile, stabile e sicuro. Oltre ai piccoli campionari, l\u2019azienda \u00e8 in grado di fornire sia <strong>modelli base<\/strong>&nbsp;per realizzare i propri capi di abbigliamento che, come nel caso delle&nbsp;<strong>polo per uomo e donna<\/strong>, non tramontano mai, sia <strong>modelli creati ex-novo<\/strong> sulla base degli schizzi del cliente. Gli indumenti creati tramite Hoplites rappresentano un&nbsp;<strong>perfetto compromesso tra qualit\u00e0 e prezzo con un\u2019assistenza di alto livello che garantisce al cliente un\u2019esperienza collaborativa serena e professionale<\/strong>.<\/p>\n\n\n\n<p><strong>La polo ai giorni nostri<\/strong><\/p>\n\n\n\n<p>Ma veniamo ai giorni nostri, in cui la polo \u00e8 un indumento utilizzato nella vita di tutti i giorni e in tutto il mondo: <strong>com\u2019\u00e8 fatta esattamente una polo?<\/strong><\/p>\n\n\n\n<ul class=\"wp-block-list\"><li><strong>Il tessuto<\/strong> utilizzato nella maggior parte dei casi \u00e8 il <strong>Piquet 100%CO<\/strong>, molto confortevole. Naturalmente ci sono un gran numero di <strong>varianti possibili<\/strong>, quali <strong>l\u2019aggiunta di elastan<\/strong> al Piquet, l\u2019utilizzo di <strong>tessuto jersey<\/strong>, ed altro.<\/li><li><strong>Il peso e le caratteristiche<\/strong> specifiche del tessuto stesso vengono decise in base alle esigenze di ciascun nostro cliente, a seconda che debba prevalere il lato elegante o quello sportivo, oppure un giusto mix tra essi.<\/li><\/ul>\n\n\n\n<p>In ogni caso, <strong>tutti i tessuti<\/strong> che noi utilizziamo per conto dei nostri clienti, sono<strong> italiani e dotati degli standard qualitativi pi\u00f9 alti<\/strong> (vedi <a href=\"\/it\/produzione-abbigliamento-conto-terzi\/produzione-t-shirts\/\">T-shirt<\/a>).<\/p>\n\n\n\n<h2 class=\"gb-headline gb-headline-4d6dd45a gb-headline-text\"><span style=\"font-family: georgia, palatino, serif; font-size: 12pt;\">Come vengono realizzate le nostre Polo?<\/span><\/h2>\n\n\n<div class=\"wp-block-image\">\n<figure class=\"alignright size-medium\"><img decoding=\"async\" width=\"196\" height=\"300\" src=\"https:\/\/cdn.hoplites.eu\/wp-content\/uploads\/\/polo-3-196x300.jpg?strip=all&sharp=1\" alt=\"\" class=\"wp-image-3582\" srcset=\"https:\/\/cdn.hoplites.eu\/wp-content\/uploads\/polo-3-196x300.jpg?strip=all&amp;sharp=1 196w, https:\/\/cdn.hoplites.eu\/wp-content\/uploads\/polo-3.jpg?strip=all&amp;sharp=1 523w, https:\/\/cdn.hoplites.eu\/wp-content\/uploads\/polo-3.jpg?strip=all&amp;sharp=1&amp;w=104 104w, https:\/\/cdn.hoplites.eu\/wp-content\/uploads\/polo-3.jpg?strip=all&amp;sharp=1&amp;w=313 313w, https:\/\/cdn.hoplites.eu\/wp-content\/uploads\/polo-3.jpg?strip=all&amp;sharp=1&amp;w=418 418w\" sizes=\"(max-width: 196px) 100vw, 196px\" \/><\/figure>\n<\/div>\n\n\n<p><span style=\"font-family: georgia, palatino, serif; font-size: 12pt;\">Uno dei primi passi consiste nella <strong>scelta delle caratteristiche specifiche del tessuto<\/strong> da utilizzare: <strong>composizione<\/strong>, <strong>peso<\/strong>, <strong>finissaggi<\/strong>. Solitamente, quando spediamo un prototipo inviamo assieme ad esso anche vari swatches di tessuto con differenti caratteristiche, al fine di dare al cliente la possibilit\u00e0 di scegliere il tessuto che lui giudichi pi\u00f9 adatto per il suo Marchio. Una volta fatto questo, si procede con la <strong>realizzazione del prototipo<\/strong>, mediante il quale si possono definire gli elementi principali dell\u2019indumento, quali <strong>vestibilit\u00e0<\/strong> e <strong>tipo di finiture<\/strong> che andranno a caratterizzare la polo stessa<\/span><\/p>\n\n\n\n<p><strong>I dettagli sono fondamentali:<\/strong><\/p>\n\n\n\n<p>Per esempio, se consideriamo il collo e il fondo manica, essi sono realizzati il pi\u00f9 delle volte in smacchinato e, naturalmente, la loro tonalit\u00e0 colore deve rispecchiare il pi\u00f9 possibile quella del Piquet usato. A tal fine, per raggiungere <strong>il massimo della precisione<\/strong> noi facciamo tingere insieme sia il tessuto Piquet che il filato dello smacchinato. Inoltre, <strong>riguardo allo smacchinato<\/strong>, vene sono varie tipologie: <strong>in tinta unita<\/strong>, <strong>con righe<\/strong> o <strong>con motivi decorativi<\/strong> in tinta, come Tom Ford, <strong>con lavorazione Jacquard<\/strong> come Versace, ecc. Queste sono tutte decisioni che, naturalmente, vengono prese in accordo con il cliente.<\/p>\n\n\n\n<p><strong>Ricami e stampe<\/strong>:<\/p>\n\n\n\n<p>andiamo da quelli pi\u00f9 piccoli, come <strong>il logo del Marchio<\/strong>, a quelli anche molto grandi che devono avere sia la giusta consistenza che il <strong>massimo livello di dettaglio<\/strong>.<\/p>\n\n\n<div class=\"wp-block-image\">\n<figure class=\"alignright size-medium\"><img decoding=\"async\" width=\"225\" height=\"300\" src=\"https:\/\/cdn.hoplites.eu\/wp-content\/uploads\/\/polo-2-225x300.jpg?strip=all&sharp=1\" alt=\"\" class=\"wp-image-3583\" srcset=\"https:\/\/cdn.hoplites.eu\/wp-content\/uploads\/polo-2-225x300.jpg?strip=all&amp;sharp=1 225w, https:\/\/cdn.hoplites.eu\/wp-content\/uploads\/polo-2.jpg?strip=all&amp;sharp=1 600w, https:\/\/cdn.hoplites.eu\/wp-content\/uploads\/polo-2.jpg?strip=all&amp;sharp=1&amp;w=120 120w, https:\/\/cdn.hoplites.eu\/wp-content\/uploads\/polo-2.jpg?strip=all&amp;sharp=1&amp;w=360 360w, https:\/\/cdn.hoplites.eu\/wp-content\/uploads\/polo-2.jpg?strip=all&amp;sharp=1&amp;w=480 480w\" sizes=\"(max-width: 225px) 100vw, 225px\" \/><\/figure>\n<\/div>\n\n\n<p><strong>Bottoni e zip<\/strong>:<\/p>\n\n\n\n<p>esiste un intero universo riguardo a questi accessori, e ovviamente tante possibilit\u00e0 e <strong>tecniche di personalizzazione<\/strong> e <strong>infinite forme e dimensioni<\/strong>, in relazione al risultato da raggiungere.<\/p>\n\n\n\n<p><strong>Consulenza<\/strong>:<\/p>\n\n\n\n<p>proprio a motivo della grande possibilit\u00e0 di scelta in tanti aspetti di una polo, il cliente gradisce molto <strong>la nostra capacit\u00e0 di consigliarlo per il meglio<\/strong>, in modo tale da <strong>concretizzare l\u2019idea<\/strong> che lui ha in mente.<\/p>\n\n\n\n<p><strong>Costi<\/strong>:<\/p>\n\n\n\n<p>come da nostra consuetudine forniamo sempre un <strong>preventivo gratuito<\/strong>, sia per la realizzazione dei <strong>campioni<\/strong> che della successiva <strong>produzione seriale<\/strong>; se ci vengono fornite anche indicazioni circa il budget che si ha a disposizione o il prezzo di produzione entro cui si desideri rientrare, sar\u00f2 felice di darti s<strong>uggerimenti circa il materiale pi\u00f9 adatto<\/strong> da usare e le quantit\u00e0 da produrre <strong>per soddisfare le esigenze di mercato<\/strong>.<\/p>\n\n\n\n<p><strong>Sostenibilit\u00e0 Ambientale<\/strong><\/p>\n\n\n\n<p>Oggigiorno \u00e8 fondamentale per qualsiasi produzione attenersi a criteri rigorosi di sostenibilit\u00e0 ambientale e Hoplites S.r.l. \u00e8 sempre estremamente attenta nel vigilare affinch\u00e9 tutto avvenga nel rispetto della&nbsp;<strong>eco-sostenibilit\u00e0<\/strong>.<\/p>\n\n\n\n<p><strong>Come contattare Hoplites S.r.l. per chiedere una collaborazione?<\/strong><\/p>\n\n\n\n<p>Scrivici a&nbsp;<strong>info@hoplites.it<\/strong>&nbsp;illustrandoci&nbsp;<strong>il tuo progetto di produzione seriale o di campionario<\/strong>, e la nostra responsabile di produzione sar\u00e0 felice di risponderti.<\/p>\n\n<\/div><\/div>","protected":false},"excerpt":{"rendered":"<p>Cenni storici Lo sapevate com\u2019\u00e8 nato il capo d\u2019abbigliamento che tutti ora conosciamo come polo? In passato il tennis veniva giocato con indumenti che noi definiremmo totalmente inappropriati poich\u00e9 terribilmente<\/p>\n","protected":false},"author":1,"featured_media":0,"parent":3666,"menu_order":0,"comment_status":"closed","ping_status":"closed","template":"","meta":{"_acf_changed":false,"inline_featured_image":false,"footnotes":""},"class_list":["post-3686","page","type-page","status-publish"],"acf":[],"_links":{"self":[{"href":"https:\/\/www.hoplites.eu\/it\/wp-json\/wp\/v2\/pages\/3686","targetHints":{"allow":["GET"]}}],"collection":[{"href":"https:\/\/www.hoplites.eu\/it\/wp-json\/wp\/v2\/pages"}],"about":[{"href":"https:\/\/www.hoplites.eu\/it\/wp-json\/wp\/v2\/types\/page"}],"author":[{"embeddable":true,"href":"https:\/\/www.hoplites.eu\/it\/wp-json\/wp\/v2\/users\/1"}],"replies":[{"embeddable":true,"href":"https:\/\/www.hoplites.eu\/it\/wp-json\/wp\/v2\/comments?post=3686"}],"version-history":[{"count":0,"href":"https:\/\/www.hoplites.eu\/it\/wp-json\/wp\/v2\/pages\/3686\/revisions"}],"up":[{"embeddable":true,"href":"https:\/\/www.hoplites.eu\/it\/wp-json\/wp\/v2\/pages\/3666"}],"wp:attachment":[{"href":"https:\/\/www.hoplites.eu\/it\/wp-json\/wp\/v2\/media?parent=3686"}],"curies":[{"name":"wp","href":"https:\/\/api.w.org\/{rel}","templated":true}]}}