{"id":3687,"date":"2022-05-10T11:10:50","date_gmt":"2022-05-10T09:10:50","guid":{"rendered":"https:\/\/www.hoplites.eu\/produzione-abbigliamento-conto-terzi\/shirts\/"},"modified":"2022-11-03T10:45:19","modified_gmt":"2022-11-03T09:45:19","slug":"camicia","status":"publish","type":"page","link":"https:\/\/www.hoplites.eu\/it\/produzione-abbigliamento-conto-terzi\/camicia\/","title":{"rendered":"Produzione Camicie Uomo e Donna Made in Italy Conto Terzi"},"content":{"rendered":"<div class=\"gb-container gb-container-6fac96ab\"><div class=\"gb-inside-container\">\n\n<figure class=\"wp-block-image size-full\"><img decoding=\"async\" width=\"920\" height=\"580\" src=\"https:\/\/cdn.hoplites.eu\/wp-content\/uploads\/65879487_154983842282350_2424056636978683916_n-1.jpg?strip=all&sharp=1\" alt=\"\" class=\"wp-image-3290\" srcset=\"https:\/\/cdn.hoplites.eu\/wp-content\/uploads\/65879487_154983842282350_2424056636978683916_n-1.jpg?strip=all&amp;sharp=1 920w, https:\/\/cdn.hoplites.eu\/wp-content\/uploads\/65879487_154983842282350_2424056636978683916_n-1-300x189.jpg?strip=all&amp;sharp=1 300w, https:\/\/cdn.hoplites.eu\/wp-content\/uploads\/65879487_154983842282350_2424056636978683916_n-1-768x484.jpg?strip=all&amp;sharp=1 768w, https:\/\/cdn.hoplites.eu\/wp-content\/uploads\/65879487_154983842282350_2424056636978683916_n-1.jpg?strip=all&amp;sharp=1&amp;w=184 184w, https:\/\/cdn.hoplites.eu\/wp-content\/uploads\/65879487_154983842282350_2424056636978683916_n-1.jpg?strip=all&amp;sharp=1&amp;w=368 368w, https:\/\/cdn.hoplites.eu\/wp-content\/uploads\/65879487_154983842282350_2424056636978683916_n-1.jpg?strip=all&amp;sharp=1&amp;w=552 552w, https:\/\/cdn.hoplites.eu\/wp-content\/uploads\/65879487_154983842282350_2424056636978683916_n-1.jpg?strip=all&amp;sharp=1&amp;w=450 450w\" sizes=\"(max-width: 920px) 100vw, 920px\" \/><\/figure>\n\n\n\n<h2 class=\"wp-block-heading\">Produzione di camicie di alta qualit\u00e0<\/h2>\n\n\n\n<p>Hoplites \u00e8 un&#8217;azienda italiana specializzata nella produzione conto terzi di camicie per uomo e donna. Dal 2009 ci dedichiamo ad aiutare i nostri clienti a creare collezioni di <strong>camicie di alta qualit\u00e0<\/strong>. Lavoriamo sia con grandi marchi che con giovani stilisti e designer, fornendo loro il supporto necessario per sviluppare le loro collezioni. Siamo orgogliosi di essere un&#8217;azienda Made in Italy e ci impegniamo a mantenere i pi\u00f9 alti standard di qualit\u00e0 e artigianalit\u00e0. Se siete alla ricerca di un partner che vi aiuti a creare una collezione di camicie di alta qualit\u00e0, Hoplites \u00e8 la scelta perfetta. Contattateci oggi stesso per saperne di pi\u00f9 sui nostri servizi.<\/p>\n\n\n\n<h2 class=\"wp-block-heading\"><strong>Che aspetto aveva la Camicia anticamente?<\/strong><\/h2>\n\n\n\n<p>La camicia ha una <strong>storia antichissima<\/strong>, parliamo almeno di <strong>due millenni<\/strong>: il suo aspetto era radicalmente diverso da quello attuale, tanto che oggi stenteremmo a riconoscerla per ci\u00f2 che era. Si presentava <strong>in forma di veste<\/strong>, lineare e abbastanza lunga; veniva indossata sotto alla tunica. In realt\u00e0, il suo scopo primario era quello di proteggere la pelle del corpo dal contatto con indumenti poco confortevoli e ruvidi, per cui aveva <strong>fini pratici piuttosto che estetici<\/strong>. Veniva anche utilizzata per coprire le nudit\u00e0 durante un bagno, fatto magari in una tinozza di legno.&nbsp;<\/p>\n\n\n\n<h2 class=\"wp-block-heading\"><strong>La camicia evolutasi sino ai giorni nostri<\/strong><\/h2>\n\n\n\n<p>Le sue caratteristiche strutturali ed estetiche sono <strong>mutate nel corso dei secoli<\/strong>, assumendo spesso una valenza di i<strong>ndicatore di appartenenza ad una specifica classe sociale<\/strong> in base alla forma di alcuni sui dettagli come il colletto e i polsi; per esempio, nel IXX secolo, quelli rigidi e inamidati erano indicativi di una classe agiata. Possiamo dire che nel XX secolo, questo capo di abbigliamento abbia cominciato ad assumere caratteristiche sempre pi\u00f9 varie e indirizzate verso ambiti d\u2019uso specifici: <strong>eleganti<\/strong>, <strong>classiche<\/strong>, <strong>sportive<\/strong>, <strong>lavorative<\/strong>, o quelle con una <strong>valenza in campo politico<\/strong> (camicie rosse, camicie nere, brune, e via dicendo). Tante cose sono cambiate negli anni.<\/p>\n\n\n\n<h2 class=\"wp-block-heading\"><strong>Cosa \u00e8 cambiato?<\/strong><\/h2>\n\n\n\n<p>Originariamente, come detto, la camicia non era visibile all\u2019esterno, poich\u00e9 indossata per lo pi\u00f9 sotto un altro indumento;<strong> a partire dal XVI secolo<\/strong> cominciano ad essere valorizzate le maniche. Ricordiamo l\u2019uso della camicia, in passato, <strong>come abito da notte<\/strong>, che doveva essere rigorosamente bianco, contrariamente a quelle <strong>da indossarsi durante il giorno<\/strong>, che potevano anche essere colorate. Le tipologie di tessuti utilizzati per la camicia sono anche cambiate nel tempo, sino a giungere all\u2019uso comune di <strong>cotone<\/strong>, <strong>seta<\/strong>, <strong>denim<\/strong>, <strong>flanella<\/strong>, o addirittura <strong>tessuti cosiddetti \u201ctecnici\u201d<\/strong>.<\/p>\n\n\n\n<h2 class=\"wp-block-heading\"><strong>Come scegliere il tessuto per una camicia?<\/strong><\/h2>\n\n\n\n<p>In questo caso andrebbero considerati <strong>almeno due grandi gruppi<\/strong>: Camicie da Uomo e Camicie da donna. Naturalmente, quelle che seguono sono indicazioni di massima, poich\u00e9 il mondo dei tessuti \u00e8 immenso.<\/p>\n\n\n\n<ul class=\"wp-block-list\">\n<li><strong>Camicie da uomo:<\/strong><\/li>\n<\/ul>\n\n\n\n<p>Il tuo marchio ha una <strong>linea classica<\/strong>? In tal caso la tua scelta potrebbe vertere su tessuti come: <strong>Popeline<\/strong>, <strong>Zephir<\/strong>,<strong> Oxford<\/strong>, <strong>Twill<\/strong>, <strong>Pin point<\/strong>, <strong>Seta<\/strong>.<\/p>\n\n\n\n<p>Il tuo marchio ha una <strong>linea sportiva<\/strong>? Potresti pensare di utilizzare questi tessuti: <strong>Denim<\/strong>, <strong>Flanella<\/strong>, <strong>Lino<\/strong>, <strong>Tessuto tecnico<\/strong>.<\/p>\n\n\n\n<ul class=\"wp-block-list\">\n<li><strong>Camicie da donna:<\/strong><\/li>\n<\/ul>\n\n\n\n<p>Il tuo marchio ha una <strong>linea elegante<\/strong>? Potresti scegliere <strong>Velluto<\/strong>, <strong>Lino<\/strong>, <strong>Tessuto Jacquard<\/strong>, <strong>Seta<\/strong> o anche <strong>Poliestere<\/strong> e in questi ultimi due casi, la scelta potrebbe spaziare tra: <strong>Chiffon<\/strong>, <strong>Crepon<\/strong>, <strong>Cr\u00eape de Chine<\/strong> (fisso o stretch), <strong>Cr\u00eape satin<\/strong>, <strong>Georgette<\/strong>, <strong>Organza<\/strong>, <strong>Raso stretch<\/strong>, <strong>Tessuto con paillettes<\/strong>. Il tutto eventualmente arricchito con <strong>Pizzi<\/strong> e <strong>Ricami<\/strong>.<\/p>\n\n\n\n<p>Il tuo marchio ha una linea <strong>sportiva<\/strong>? In tal caso il <strong>Cotone<\/strong> \u00e8 un must, possibilmente stretch, oppure potresti optare per<strong> Lino<\/strong> o <strong>Lyocell<\/strong>.<\/p>\n\n\n\n<h2 class=\"wp-block-heading\"><strong>Quali dettagli sono fondamentali in una camicia?<\/strong><\/h2>\n\n\n\n<p>Indipendentemente dalla linea o dal tessuto che deciderai di utilizzare, ci sono <strong>dettagli che vanno curati con grande attenzione<\/strong>: <strong>Bottoni<\/strong>, che possono essere in vari materiali anche preziosi (come la madreperla) e possono essere personalizzati; <strong>Loghi ricamati<\/strong>; impunture particolari; <strong>Etichette <\/strong>di alta qualit\u00e0; <strong>Packaging<\/strong> adeguato al livello della camicia. Sono tutti aspetti importanti per conferire alla camicia del tuo Marchio <strong>un valore aggiunto<\/strong> che, assieme ad una <strong>lavorazione made in Italy di alta qualit\u00e0<\/strong>, possono collocare il tuo prodotto al livello dei Marchi pi\u00f9 rinomati per <strong>qualit\u00e0<\/strong>, <strong>originalit\u00e0<\/strong> e <strong>ricercatezza<\/strong>.&nbsp;&nbsp;<\/p>\n\n\n\n<h2 class=\"wp-block-heading\">Produzione camicie uomo e donna<\/h2>\n\n\n\n<p>Hoplities \u00e8 in grado di produrre camicie uomo e donna per conto terzi attraverso processi innovativi senza trascurare il rispetto della tradizione, ricercando sempre il giusto compromesso fra nuovo e storico, al fine di soddisfare la pi\u00f9 ampia platea di consumatori sempre nel rispetto del prodotto, impiegando soltanto materiali d&#8217;eccellenza, dal marchio Made In Italy, che rispettino al contempo anche le nuove necessit\u00e0 ambientali e quindi forniti di apposita certificazione Eco-Friendly.<\/p>\n\n\n\n<p>La versatilit\u00e0 e le possibilit\u00e0 nella produzione di camicie uomo e donna conto terzi sono illimitate, a fermarle pu\u00f2 essere solo la fantasia del committente. Tutto questo \u00e8 possibile grazie alla perfetta ed elaborata stratificazione aziendale che, tra le altre cose, fonda nella peculiarit\u00e0 del suo laboratorio sartoriale, nel rispetto di rigorosi standard e procedure produttive oltre che in una filosofia consolidata, il segreto del suo successo: un&#8217;affermazione concretamente visibile nella quotidianit\u00e0 e nel numero di clienti pienamente soddisfatti.<\/p>\n\n\n\n<p>Il laboratorio sartoriale di Hoplites offre diversi servizi anche nel supporto e consulenza per la produzione di camicie conto terzi Made In Italy. Fra la innumerevole molteplicit\u00e0 dei servizi offerti spiccano le possibilit\u00e0 relative alla realizzazione di prototipi di abbigliamento e di piccoli campionari, senza dimenticarsi della fornitura di tessuti e accessori di altissima qualit\u00e0.<\/p>\n\n\n\n<p>Inoltre, qualora sia necessario, per la produzione di camicie conto terzi, Hoplites permette anche il ricorso ad un laboratorio di ricamo e di stampa, in modo da personalizzare in maniera corretta ogni capo d&#8217;abbigliamento. Tutto questo si svolge sotto attenta vigilanza e osservazione da parte di designer e stilisti esperti e di giovani che, invece, hanno cominciato il loro percorso di formazione. Lo scopo \u00e8 quello di mantenere la stessa filosofia e qualit\u00e0 anche nel ricambio generazionale. Per questo motivo, per la lavorazione del capo sartoriale o per la produzione di camicie conto terzi Made In Italy, Hoplites ha elaborato un teorema di qualit\u00e0, sintetizzabile in tecnologia, cultura del lavoro e organizzazione.<\/p>\n\n\n\n<p>Con la tecnologia, lo scopo \u00e8 quello di perseguire e raggiungere vari obiettivi di miglioramento della produzione senza per\u00f2 stravolgere i processi aziendali sostenibili e di qualit\u00e0. La cultura del lavoro, invece, \u00e8 relativa al personale e serve a stimolare in ogni momento la professionalit\u00e0 degli impiegati, in modo da portarli sempre di pi\u00f9 al miglioramento e alla qualit\u00e0.<\/p>\n\n\n\n<p>Infine, l&#8217;organizzazione \u00e8 innovativa e ha lo scopo di riuscire ad adattarsi sempre in ogni condizione e per ogni richiesta, fornendo sempre la qualit\u00e0 massima tipica di Hoplites. Per questo motivo, tutti i clienti convenzionati che hanno scelto l&#8217;azienda non sono pi\u00f9 tornati indietro. I motivi per cui sceglierci sono vari e hanno tutti la stessa radice: riuscire a creare prodotti nuovi per restare competitivi sul mercato, distinguendosi per qualit\u00e0 e innovazione, offrendo soluzioni di abbigliamento per ogni target. Cos\u00ec, la produzione di camicie conto terzi Made in Italy di Hoplites \u00e8 sempre la migliore del settore.<\/p>\n\n\n<div class=\"wp-block-image\">\n<figure class=\"alignright size-medium\"><img decoding=\"async\" width=\"300\" height=\"169\" src=\"https:\/\/cdn.hoplites.eu\/wp-content\/uploads\/\/WhatsApp-Image-2021-12-21-at-10.42.48-002-300x169.jpg?strip=all&sharp=1\" alt=\"\" class=\"wp-image-3580\" srcset=\"https:\/\/cdn.hoplites.eu\/wp-content\/uploads\/WhatsApp-Image-2021-12-21-at-10.42.48-002-300x169.jpg?strip=all&amp;sharp=1 300w, https:\/\/cdn.hoplites.eu\/wp-content\/uploads\/WhatsApp-Image-2021-12-21-at-10.42.48-002-768x432.jpg?strip=all&amp;sharp=1 768w, https:\/\/cdn.hoplites.eu\/wp-content\/uploads\/WhatsApp-Image-2021-12-21-at-10.42.48-002.jpg?strip=all&amp;sharp=1 800w, https:\/\/cdn.hoplites.eu\/wp-content\/uploads\/WhatsApp-Image-2021-12-21-at-10.42.48-002.jpg?strip=all&amp;sharp=1&amp;w=160 160w, https:\/\/cdn.hoplites.eu\/wp-content\/uploads\/WhatsApp-Image-2021-12-21-at-10.42.48-002.jpg?strip=all&amp;sharp=1&amp;w=480 480w, https:\/\/cdn.hoplites.eu\/wp-content\/uploads\/WhatsApp-Image-2021-12-21-at-10.42.48-002.jpg?strip=all&amp;sharp=1&amp;w=640 640w\" sizes=\"(max-width: 300px) 100vw, 300px\" \/><\/figure>\n<\/div>\n\n\n<h2 class=\"wp-block-heading\">Come fare per ottenere una produzione di alta qualit\u00e0?<\/h2>\n\n\n\n<p>Possiamo dire che oggigiorno non vi sono pi\u00f9 veri limiti n\u00e9 tecnici n\u00e9 estetici, per cui potrai decidere di inserire nel tuo Marchio <strong>qualsiasi tipologia di camicia tu desideri<\/strong>: Hoplites S.r.l. \u00e8 <strong>a disposizione per trasformare le tue idee in realt\u00e0<\/strong>, grazie ad un grande <strong>supporto tecnico<\/strong> sia in termini di realizzazione che di consulenza, derivati da <strong>lunga esperienza nel campo dell\u2019abbigliamento<\/strong>.<\/p>\n\n\n\n<h2 class=\"wp-block-heading\"><strong>Costi<\/strong><\/h2>\n\n\n\n<p>come da nostra consuetudine forniamo sempre un <strong>preventivo gratuito<\/strong>, sia per la realizzazione dei <strong>campioni<\/strong> che della successiva <strong>produzione seriale<\/strong>; se ci vengono fornite anche indicazioni circa il budget che si ha a disposizione o il prezzo di produzione entro cui si desideri rientrare, sar\u00f2 felice di darti s<strong>uggerimenti circa il materiale pi\u00f9 adatto<\/strong> da usare e le quantit\u00e0 da produrre <strong>per soddisfare le esigenze di mercato<\/strong>.<\/p>\n\n\n<div class=\"wp-block-image\">\n<figure class=\"alignright size-medium\"><img decoding=\"async\" width=\"240\" height=\"300\" src=\"https:\/\/cdn.hoplites.eu\/wp-content\/uploads\/\/83485622_496014417999939_643686310935482300_n-240x300.jpg?strip=all&sharp=1\" alt=\"\" class=\"wp-image-3579\" srcset=\"https:\/\/cdn.hoplites.eu\/wp-content\/uploads\/83485622_496014417999939_643686310935482300_n-240x300.jpg?strip=all&amp;sharp=1 240w, https:\/\/cdn.hoplites.eu\/wp-content\/uploads\/83485622_496014417999939_643686310935482300_n.jpg?strip=all&amp;sharp=1 641w, https:\/\/cdn.hoplites.eu\/wp-content\/uploads\/83485622_496014417999939_643686310935482300_n.jpg?strip=all&amp;sharp=1&amp;w=128 128w, https:\/\/cdn.hoplites.eu\/wp-content\/uploads\/83485622_496014417999939_643686310935482300_n.jpg?strip=all&amp;sharp=1&amp;w=384 384w, https:\/\/cdn.hoplites.eu\/wp-content\/uploads\/83485622_496014417999939_643686310935482300_n.jpg?strip=all&amp;sharp=1&amp;w=512 512w\" sizes=\"(max-width: 240px) 100vw, 240px\" \/><\/figure>\n<\/div>\n\n\n<h2 class=\"wp-block-heading\"><strong>Sostenibilit\u00e0 Ambientale<\/strong><\/h2>\n\n\n\n<p>Oggigiorno \u00e8 fondamentale per qualsiasi produzione attenersi a criteri rigorosi di sostenibilit\u00e0 ambientale e Hoplites S.r.l. \u00e8 sempre estremamente attenta nel vigilare affinch\u00e9 tutto avvenga nel rispetto della <strong>eco-sostenibilit\u00e0<\/strong>.<\/p>\n\n\n\n<h2 class=\"wp-block-heading\"><strong>Come contattare Hoplites S.r.l. per chiedere una collaborazione?<\/strong><\/h2>\n\n\n\n<p>Il vostro progetto di produzione in serie o di campioni \u00e8 importante per noi e vogliamo assicurarci che sia un successo. Il nostro responsabile della produzione sar\u00e0 lieto di rispondere a tutte le vostre domande sul processo. Lavoreremo con voi per garantire che il vostro progetto soddisfi le vostre esigenze e i vostri requisiti specifici. Vogliamo essere certi che siate soddisfatti del prodotto finale e faremo tutto il possibile per assicurarci che sia della massima qualit\u00e0. Contattateci oggi stesso per iniziare il vostro progetto. Non vediamo l&#8217;ora di lavorare con voi!<\/p>\n\n\n\n<p>Scrivici a <strong>info@hoplites.it<\/strong>\u00a0illustrandoci\u00a0<strong>il tuo progetto di produzione seriale o di campionario<\/strong>, e la nostra responsabile di produzione sar\u00e0 felice di risponderti.<\/p>\n\n<\/div><\/div>","protected":false},"excerpt":{"rendered":"<p>Produzione di camicie di alta qualit\u00e0 Hoplites \u00e8 un&#8217;azienda italiana specializzata nella produzione conto terzi di camicie per uomo e donna. Dal 2009 ci dedichiamo ad aiutare i nostri clienti<\/p>\n","protected":false},"author":1,"featured_media":0,"parent":3666,"menu_order":0,"comment_status":"closed","ping_status":"closed","template":"","meta":{"_acf_changed":false,"inline_featured_image":false,"footnotes":""},"class_list":["post-3687","page","type-page","status-publish"],"acf":[],"_links":{"self":[{"href":"https:\/\/www.hoplites.eu\/it\/wp-json\/wp\/v2\/pages\/3687","targetHints":{"allow":["GET"]}}],"collection":[{"href":"https:\/\/www.hoplites.eu\/it\/wp-json\/wp\/v2\/pages"}],"about":[{"href":"https:\/\/www.hoplites.eu\/it\/wp-json\/wp\/v2\/types\/page"}],"author":[{"embeddable":true,"href":"https:\/\/www.hoplites.eu\/it\/wp-json\/wp\/v2\/users\/1"}],"replies":[{"embeddable":true,"href":"https:\/\/www.hoplites.eu\/it\/wp-json\/wp\/v2\/comments?post=3687"}],"version-history":[{"count":0,"href":"https:\/\/www.hoplites.eu\/it\/wp-json\/wp\/v2\/pages\/3687\/revisions"}],"up":[{"embeddable":true,"href":"https:\/\/www.hoplites.eu\/it\/wp-json\/wp\/v2\/pages\/3666"}],"wp:attachment":[{"href":"https:\/\/www.hoplites.eu\/it\/wp-json\/wp\/v2\/media?parent=3687"}],"curies":[{"name":"wp","href":"https:\/\/api.w.org\/{rel}","templated":true}]}}