{"id":3689,"date":"2022-05-10T11:27:01","date_gmt":"2022-05-10T09:27:01","guid":{"rendered":"https:\/\/www.hoplites.eu\/produzione-abbigliamento-conto-terzi\/t-shirts-production\/"},"modified":"2022-09-14T14:14:16","modified_gmt":"2022-09-14T12:14:16","slug":"produzione-t-shirts","status":"publish","type":"page","link":"https:\/\/www.hoplites.eu\/it\/produzione-abbigliamento-conto-terzi\/produzione-t-shirts\/","title":{"rendered":"Produzione T-Shirts e Magliette Made in Italy Conto Terzi"},"content":{"rendered":"<div class=\"gb-container gb-container-6fac96ab\"><div class=\"gb-inside-container\">\n\n<figure class=\"wp-block-image size-full\"><img decoding=\"async\" width=\"920\" height=\"580\" src=\"https:\/\/cdn.hoplites.eu\/wp-content\/uploads\/T-SHIRT-1.jpg?strip=all&sharp=1\" alt=\"\" class=\"wp-image-3293\" srcset=\"https:\/\/cdn.hoplites.eu\/wp-content\/uploads\/T-SHIRT-1.jpg?strip=all&amp;sharp=1 920w, https:\/\/cdn.hoplites.eu\/wp-content\/uploads\/T-SHIRT-1-300x189.jpg?strip=all&amp;sharp=1 300w, https:\/\/cdn.hoplites.eu\/wp-content\/uploads\/T-SHIRT-1-768x484.jpg?strip=all&amp;sharp=1 768w, https:\/\/cdn.hoplites.eu\/wp-content\/uploads\/T-SHIRT-1.jpg?strip=all&amp;sharp=1&amp;w=184 184w, https:\/\/cdn.hoplites.eu\/wp-content\/uploads\/T-SHIRT-1.jpg?strip=all&amp;sharp=1&amp;w=368 368w, https:\/\/cdn.hoplites.eu\/wp-content\/uploads\/T-SHIRT-1.jpg?strip=all&amp;sharp=1&amp;w=552 552w, https:\/\/cdn.hoplites.eu\/wp-content\/uploads\/T-SHIRT-1.jpg?strip=all&amp;sharp=1&amp;w=450 450w\" sizes=\"(max-width: 920px) 100vw, 920px\" \/><\/figure>\n\n\n<div class=\"wp-block-image img-mobile\">\n<figure class=\"alignright size-medium\"><img decoding=\"async\" width=\"300\" height=\"300\" src=\"https:\/\/cdn.hoplites.eu\/wp-content\/uploads\/\/T-SHIRT-2-300x300.jpg?strip=all&sharp=1\" alt=\"\" class=\"wp-image-3587\" srcset=\"https:\/\/cdn.hoplites.eu\/wp-content\/uploads\/T-SHIRT-2-300x300.jpg?strip=all&amp;sharp=1 300w, https:\/\/cdn.hoplites.eu\/wp-content\/uploads\/T-SHIRT-2-150x150.jpg?strip=all&amp;sharp=1 150w, https:\/\/cdn.hoplites.eu\/wp-content\/uploads\/T-SHIRT-2.jpg?strip=all&amp;sharp=1 640w, https:\/\/cdn.hoplites.eu\/wp-content\/uploads\/T-SHIRT-2.jpg?strip=all&amp;sharp=1&amp;w=384 384w, https:\/\/cdn.hoplites.eu\/wp-content\/uploads\/T-SHIRT-2.jpg?strip=all&amp;sharp=1&amp;w=512 512w\" sizes=\"(max-width: 300px) 100vw, 300px\" \/><\/figure>\n<\/div>\n\n\n<p><strong>Produciamo T-Shirt Made in Italy Personalizzate e Conto Terzi, con tessuti di alta qualit\u00e0 e certificati.<\/strong><\/p>\n\n\n\n<p>La T-SHIRT \u00e8 il capo di abbigliamento pi\u00f9 usato al mondo, moltissimi giovani designers iniziano ad avviare il loro Marchio proprio da questa tipologia essendo esso un prodotto non dispendioso e pi\u00f9 facilmente vendibile anche sul web.<\/p>\n\n\n\n<p>L&#8217;alta qualit\u00e0 nella produzione di magliette si ottiene scegliendo il miglior tessuto e metodo di stampa. Pu\u00f2 sembrare semplice, ma personalizzare e stampare magliette \u00e8 un processo complicato. <\/p>\n\n\n\n<h2 class=\"wp-block-heading\">Quali Tessuti usare?<\/h2>\n\n\n\n<p>I tessuti utilizzabili per la realizzazione di T-Shirt e magliette forniscono un <strong>range di scelta molto ampio<\/strong>, come <strong>misto cotone\/elastane<\/strong>,<strong> misto lino<\/strong>, <strong>misto cashmere<\/strong>, <strong>modal<\/strong>, <strong>lyocell<\/strong>, <strong>viscosa<\/strong> etc. Tuttavia, nella maggior parte dei casi la tipologia pi\u00f9 richiesta \u00e8 <strong>Jersey 100%CO<\/strong> soprattutto per le T-Shirt da uomo ed unisex. Ma anche nel solo jersey 100%CO il range di scelta che possiamo offrirvi \u00e8 davvero ampia:<\/p>\n\n\n\n<ul class=\"wp-block-list\"><li><strong>Peso<\/strong>: leggero, medio, pesante<\/li><li><strong>Caratteristiche<\/strong>: <strong>jersey pima<\/strong>, <strong>compact<\/strong>, <strong>pettinato<\/strong>, <strong>bio<\/strong>, etc.<\/li><li><strong>Certificazioni<\/strong>: i tessuti da noi utilizzati sono <strong>italiani certificati<\/strong> secondo i pi\u00f9 alti standard qualitativi: OEKO-TEX Marchio Standard 100 by OEKO-TEX, Confidence in Textiles, Global Recycled Standard, Global Organic Textile Standard, Organic Content Standard, etc.<\/li><\/ul>\n\n\n<div class=\"wp-block-image\">\n<figure class=\"alignright size-medium\"><img decoding=\"async\" width=\"300\" height=\"300\" src=\"https:\/\/cdn.hoplites.eu\/wp-content\/uploads\/\/T-SHIRT-3-300x300.jpg?strip=all&sharp=1\" alt=\"\" class=\"wp-image-3588\" srcset=\"https:\/\/cdn.hoplites.eu\/wp-content\/uploads\/T-SHIRT-3-300x300.jpg?strip=all&amp;sharp=1 300w, https:\/\/cdn.hoplites.eu\/wp-content\/uploads\/T-SHIRT-3-150x150.jpg?strip=all&amp;sharp=1 150w, https:\/\/cdn.hoplites.eu\/wp-content\/uploads\/T-SHIRT-3-768x767.jpg?strip=all&amp;sharp=1 768w, https:\/\/cdn.hoplites.eu\/wp-content\/uploads\/T-SHIRT-3.jpg?strip=all&amp;sharp=1 801w, https:\/\/cdn.hoplites.eu\/wp-content\/uploads\/T-SHIRT-3.jpg?strip=all&amp;sharp=1&amp;w=480 480w, https:\/\/cdn.hoplites.eu\/wp-content\/uploads\/T-SHIRT-3.jpg?strip=all&amp;sharp=1&amp;w=640 640w\" sizes=\"(max-width: 300px) 100vw, 300px\" \/><\/figure>\n<\/div>\n\n\n<p>Il tessuto \u00e8 ovviamente la base del capo e deve essere un filato di altissima qualit\u00e0. Tanti passaggi sono necessari per la filatura del filo, la lavorazione del tessuto e anche le fasi di rifinitura. Nel nostro caso, questi passaggi sono tutti eseguiti in Italia.<\/p>\n\n\n\n<h2 class=\"gb-headline gb-headline-b054541a gb-headline-text\">Quali sono le FASI di lavorazione per le T-Shirt?<\/h2>\n\n\n\n<ol class=\"wp-block-list\"><li>Il primo aspetto coinvolge la <strong>scelta del tessuto<\/strong>:<strong> composizione<\/strong>, <strong>peso<\/strong>, <strong>finissaggi<\/strong>; solitamente, quando spedisco al cliente il prototipo, insieme ad esso invio anche vari swatches di tessuto aventi differenti caratteristiche al fine di <strong>dare la possibilit\u00e0 di scegliere<\/strong> quello pi\u00f9 adatto al suo Marchio in base ai gusti personali <\/li><li><strong>Realizzazione del prototipo<\/strong> seguendo le indicazioni circa la <strong>vestibilit\u00e0 richiesta<\/strong> dal cliente: <strong>slim<\/strong>, <strong>regular<\/strong>, <strong>oversize.<\/strong> <\/li><li>Nella maggior parte delle richieste che riceviamo dai clienti, le t-shirt sono <strong>personalizzate con stampe o ricami in base grafiche fornite da loro stessi<\/strong>; possiamo utilizzare <strong>qualsiasi tecnica di stampa<\/strong> (serigrafica, digitale, transfer, sublimatica); idem per quanto riguarda <strong>i ricami<\/strong> per i quali possiamo usare <strong>i migliori filati<\/strong> come quelli della Madeira, rinomata a livello internazionale, spaziando dai <strong>filati classici<\/strong>, <strong>lucidi oppure opachi<\/strong>, ai <strong>filati lana<\/strong>, <strong>lurex<\/strong>, <strong>metallici<\/strong>, etc.<\/li><\/ol>\n\n\n\n<h2 class=\"wp-block-heading\">Come vengono calcolati i COSTI?<\/h2>\n\n\n\n<p>come da nostra consuetudine forniamo sempre un&nbsp;<strong>preventivo gratuito<\/strong>, sia per la realizzazione dei&nbsp;<strong>campioni<\/strong>&nbsp;che della successiva&nbsp;<strong>produzione seriale<\/strong>; se ci vengono fornite anche indicazioni circa il budget che si ha a disposizione o il prezzo di produzione entro cui si desideri rientrare, sar\u00f2 felice di darti s<strong>uggerimenti circa il materiale pi\u00f9 adatto<\/strong>&nbsp;da usare e le quantit\u00e0 da produrre&nbsp;<strong>per soddisfare le esigenze di mercato<\/strong>.<\/p>\n\n\n<div class=\"wp-block-image\">\n<figure class=\"alignleft size-medium\"><img decoding=\"async\" width=\"225\" height=\"300\" src=\"https:\/\/cdn.hoplites.eu\/wp-content\/uploads\/\/T-SHIRT-4-225x300.jpg?strip=all&sharp=1\" alt=\"\" class=\"wp-image-3589\" srcset=\"https:\/\/cdn.hoplites.eu\/wp-content\/uploads\/T-SHIRT-4-225x300.jpg?strip=all&amp;sharp=1 225w, https:\/\/cdn.hoplites.eu\/wp-content\/uploads\/T-SHIRT-4.jpg?strip=all&amp;sharp=1 600w, https:\/\/cdn.hoplites.eu\/wp-content\/uploads\/T-SHIRT-4.jpg?strip=all&amp;sharp=1&amp;w=120 120w, https:\/\/cdn.hoplites.eu\/wp-content\/uploads\/T-SHIRT-4.jpg?strip=all&amp;sharp=1&amp;w=360 360w, https:\/\/cdn.hoplites.eu\/wp-content\/uploads\/T-SHIRT-4.jpg?strip=all&amp;sharp=1&amp;w=480 480w\" sizes=\"(max-width: 225px) 100vw, 225px\" \/><\/figure>\n<\/div>\n\n\n<h2 class=\"wp-block-heading\"><strong>Sostenibilit\u00e0 Ambientale<\/strong><\/h2>\n\n\n\n<p>Oggigiorno \u00e8 fondamentale per qualsiasi produzione attenersi a criteri rigorosi di sostenibilit\u00e0 ambientale e Hoplites S.r.l. \u00e8 sempre estremamente attenta nel vigilare affinch\u00e9 tutto avvenga nel rispetto della&nbsp;<strong>eco-sostenibilit\u00e0<\/strong>.<\/p>\n\n\n\n<p><strong>Come contattare Hoplites S.r.l. per chiedere una collaborazione?<\/strong><\/p>\n\n\n\n<p>Vuoi realizzare la tua collezione di T-Shirt e magliette? Scrivici a&nbsp;<strong>info@hoplites.it<\/strong>&nbsp;illustrandoci&nbsp;<strong>il tuo progetto di produzione seriale o di campionario<\/strong>, e la nostra responsabile di produzione sar\u00e0 felice di risponderti.<\/p>\n\n<\/div><\/div>","protected":false},"excerpt":{"rendered":"<p>Produciamo T-Shirt Made in Italy Personalizzate e Conto Terzi, con tessuti di alta qualit\u00e0 e certificati. La T-SHIRT \u00e8 il capo di abbigliamento pi\u00f9 usato al mondo, moltissimi giovani designers<\/p>\n","protected":false},"author":1,"featured_media":0,"parent":3666,"menu_order":0,"comment_status":"closed","ping_status":"closed","template":"","meta":{"_acf_changed":false,"inline_featured_image":false,"footnotes":""},"class_list":["post-3689","page","type-page","status-publish"],"acf":[],"_links":{"self":[{"href":"https:\/\/www.hoplites.eu\/it\/wp-json\/wp\/v2\/pages\/3689","targetHints":{"allow":["GET"]}}],"collection":[{"href":"https:\/\/www.hoplites.eu\/it\/wp-json\/wp\/v2\/pages"}],"about":[{"href":"https:\/\/www.hoplites.eu\/it\/wp-json\/wp\/v2\/types\/page"}],"author":[{"embeddable":true,"href":"https:\/\/www.hoplites.eu\/it\/wp-json\/wp\/v2\/users\/1"}],"replies":[{"embeddable":true,"href":"https:\/\/www.hoplites.eu\/it\/wp-json\/wp\/v2\/comments?post=3689"}],"version-history":[{"count":0,"href":"https:\/\/www.hoplites.eu\/it\/wp-json\/wp\/v2\/pages\/3689\/revisions"}],"up":[{"embeddable":true,"href":"https:\/\/www.hoplites.eu\/it\/wp-json\/wp\/v2\/pages\/3666"}],"wp:attachment":[{"href":"https:\/\/www.hoplites.eu\/it\/wp-json\/wp\/v2\/media?parent=3689"}],"curies":[{"name":"wp","href":"https:\/\/api.w.org\/{rel}","templated":true}]}}