{"id":3690,"date":"2022-05-10T11:23:14","date_gmt":"2022-05-10T09:23:14","guid":{"rendered":"https:\/\/www.hoplites.eu\/produzione-abbigliamento-conto-terzi\/sweatshirts-and-hoodies\/"},"modified":"2022-08-05T10:28:16","modified_gmt":"2022-08-05T08:28:16","slug":"felpe-con-e-senza-cappuccio","status":"publish","type":"page","link":"https:\/\/www.hoplites.eu\/it\/produzione-abbigliamento-conto-terzi\/felpe-con-e-senza-cappuccio\/","title":{"rendered":"Produzione Felpe con e senza cappuccio made in Italy"},"content":{"rendered":"<div class=\"gb-container gb-container-6fac96ab\"><div class=\"gb-inside-container\">\n\n<figure class=\"wp-block-image size-full\"><img decoding=\"async\" width=\"920\" height=\"580\" src=\"https:\/\/cdn.hoplites.eu\/wp-content\/uploads\/sweatshirts-and-hoodies-3-scaled-1.jpg?strip=all&sharp=1\" alt=\"\" class=\"wp-image-3292\" srcset=\"https:\/\/cdn.hoplites.eu\/wp-content\/uploads\/sweatshirts-and-hoodies-3-scaled-1.jpg?strip=all&amp;sharp=1 920w, https:\/\/cdn.hoplites.eu\/wp-content\/uploads\/sweatshirts-and-hoodies-3-scaled-1-300x189.jpg?strip=all&amp;sharp=1 300w, https:\/\/cdn.hoplites.eu\/wp-content\/uploads\/sweatshirts-and-hoodies-3-scaled-1-768x484.jpg?strip=all&amp;sharp=1 768w, https:\/\/cdn.hoplites.eu\/wp-content\/uploads\/sweatshirts-and-hoodies-3-scaled-1.jpg?strip=all&amp;sharp=1&amp;w=184 184w, https:\/\/cdn.hoplites.eu\/wp-content\/uploads\/sweatshirts-and-hoodies-3-scaled-1.jpg?strip=all&amp;sharp=1&amp;w=368 368w, https:\/\/cdn.hoplites.eu\/wp-content\/uploads\/sweatshirts-and-hoodies-3-scaled-1.jpg?strip=all&amp;sharp=1&amp;w=552 552w, https:\/\/cdn.hoplites.eu\/wp-content\/uploads\/sweatshirts-and-hoodies-3-scaled-1.jpg?strip=all&amp;sharp=1&amp;w=450 450w\" sizes=\"(max-width: 920px) 100vw, 920px\" \/><\/figure>\n\n\n<div class=\"wp-block-image img-mobile\">\n<figure class=\"alignright size-medium\"><img decoding=\"async\" width=\"300\" height=\"225\" src=\"https:\/\/cdn.hoplites.eu\/wp-content\/uploads\/\/sweatshirts-and-hoodies-4-300x225.jpg?strip=all&sharp=1\" alt=\"\" class=\"wp-image-3584\" srcset=\"https:\/\/cdn.hoplites.eu\/wp-content\/uploads\/sweatshirts-and-hoodies-4-300x225.jpg?strip=all&amp;sharp=1 300w, https:\/\/cdn.hoplites.eu\/wp-content\/uploads\/sweatshirts-and-hoodies-4-768x576.jpg?strip=all&amp;sharp=1 768w, https:\/\/cdn.hoplites.eu\/wp-content\/uploads\/sweatshirts-and-hoodies-4.jpg?strip=all&amp;sharp=1 800w, https:\/\/cdn.hoplites.eu\/wp-content\/uploads\/sweatshirts-and-hoodies-4.jpg?strip=all&amp;sharp=1&amp;w=160 160w, https:\/\/cdn.hoplites.eu\/wp-content\/uploads\/sweatshirts-and-hoodies-4.jpg?strip=all&amp;sharp=1&amp;w=480 480w, https:\/\/cdn.hoplites.eu\/wp-content\/uploads\/sweatshirts-and-hoodies-4.jpg?strip=all&amp;sharp=1&amp;w=640 640w\" sizes=\"(max-width: 300px) 100vw, 300px\" \/><\/figure>\n<\/div>\n\n\n<p><span style=\"font-family: georgia, palatino, serif; font-size: 12pt;\"><strong><strong>Perch\u00e9 includere le felpe nella tua collezione?<\/strong><\/strong><\/span><\/p>\n\n\n\n<p><strong>HOPLITES s.r.l.<\/strong>&nbsp;\u00e8 una societ\u00e0 caratterizzata da forte stabilit\u00e0,&nbsp;<strong>una realt\u00e0 solida e specializzata&nbsp;<\/strong>e nota per la sua produzione sostenibile e di qualit\u00e0.<\/p>\n\n\n\n<p>Interagendo costantemente con i propri clienti, l&#8217;azienda \u00e8 in grado di&nbsp;<strong>creare delle&nbsp;collaborazioni<\/strong>&nbsp;che mirano a decentralizzare la produzione altrui al suo interno, condividendo competenze e alleggerendo le proprie alleate da oneri industriali.<\/p>\n\n\n\n<p>Se si \u00e8 ispirati e si vuole avviare una\u00a0<strong>produzione di felpe con e senza cappuccio made in Italy<\/strong>, le possibilit\u00e0 sono due: aggiornare la propria filiera produttiva assumendo personale specializzato e acquistando costosi e appositi macchinari, oppure\u00a0<strong>rivolgersi a un&#8217;azienda terzista<\/strong>\u00a0come HOPLITES.<\/p>\n\n\n\n<h2 class=\"wp-block-heading\"><br>Parola chiave: ottimizzazione delle risorse<\/h2>\n\n\n\n<p>Siamo leader nella produzione di capi di abbigliamento, incluse felpe con e senza cappuccio made in Italy. Ricerchiamo i migliori materiali e lavoriamo i capi nella maniera pi\u00f9 efficiente e con la massima\u00a0<strong>qualit\u00e0 del made in Italy<\/strong>, assicurando ai clienti un risultato pi\u00f9 che eccellente.<\/p>\n\n\n\n<p>La parola chiave dell&#8217;azienda \u00e8 l&#8217;ottimizzazione delle risorse: i nostri clienti possono concentrarsi sul marketing, commercializzazione e sponsorizzazione del prodotto, risparmiando tempo e denaro nella fase di produzione e di ricerca di materiali, tessuti, soluzioni innovative.<\/p>\n\n\n\n<p>Garantiamo dunque\u00a0<strong>un rapporto qualit\u00e0-prezzo eccellente<\/strong>\u00a0soddisfacendo persino le esigenze pi\u00f9 stringenti.<\/p>\n\n\n\n<h2 class=\"wp-block-heading\"><br>I vantaggi della nostra produzione di felpe<\/h2>\n\n\n\n<p>HOPLITES s.r.l. \u00e8 un&#8217;azienda sicura e ricca di competenze made in Italy: si rivolge prevalentemente ad altre aziende consolidate e brand affermati nel settore della moda nazionale e internazionale, ma non solo. La societ\u00e0 si interfaccia anche con giovani stilisti e fashion designer che si trovano agli inizi della propria carriera nella moda.<\/p>\n\n\n\n<p>Quali sono quindi i servizi e i vantaggi che una collaborazione con HOPLITES comporta?<\/p>\n\n\n\n<p>Eccone alcuni:<\/p>\n\n\n\n<ul class=\"wp-block-list\"><li><strong>Realizzazioni di prototipi d&#8217;abbigliamento.<\/strong>&nbsp;Un prototipo \u00e8 un elemento fondamentale per comprendere se le esigenze del cliente e la visione di HOPLITES corrispondono: una prima produzione materica e tridimensionale aiuta a concretizzare gli sketch e i rendering forniti inizialmente.<\/li><li><strong>Realizzazione anche di campionari ridotti.<\/strong>&nbsp;Brand agli esordi e start-up possono essere aiutati con produzioni di piccoli campionari a budget limitato, garantendo loro la medesima qualit\u00e0 produttiva e la stessa cura che viene dedicata ai marchi famosi e internazionali.<\/li><li><strong>Fornitura di tessuti e accessori d&#8217;abbigliamento<\/strong>. Oltre alla manifattura dei capi, siamo in grado anche di fornire sia i tessuti che tutti gli accessori necessari per completare al meglio i capi, avendo contatti con moltissimi fornitori, offrendo ai nostri clienti una scelta molto ampia in base alle loro esigenze specifiche.<\/li><li><strong>Laboratorio di ricamo.&nbsp;<\/strong>Il laboratorio di ricamo pu\u00f2 inserire semplici loghi o complesse decorazioni di ogni colore, dimensione e materiale. I ricami possono essere realizzati a mano da artigiani esperti oppure da robot all&#8217;avanguardia.<\/li><li><strong>Laboratorio di stampa.<\/strong>&nbsp;HOPLITES realizza stampe altamente curate e di qualit\u00e0 tramite serigrafia, stampa digitale, stampa sublimatica o stampa a rilievo, con risultati eccellenti e personalizzati da cliente a cliente.<\/li><\/ul>\n\n\n\n<p><strong>La praticit\u00e0<\/strong> di una felpa con o senza cappuccio <strong>\u00e8 unica<\/strong>; \u00e8 un capo utilizzato tantissimo e <strong>in tutte le fasce di et\u00e0<\/strong> sia nel <strong>tempo libero<\/strong> che per praticare varie <strong>attivit\u00e0 sportive<\/strong>. Spesso utilizzato anche <strong>per andare al lavoro<\/strong>. Le felpe spaziano liberamente dal <strong>look streetwear aggressivo<\/strong>, al <strong>confortevole<\/strong>, sino all\u2019<strong>elegante<\/strong>. Anche questa tipologia, come le <a href=\"\/it\/produzione-abbigliamento-conto-terzi\/produzione-t-shirts\/\">t-shirt<\/a> \u00e8 tra&nbsp;le pi\u00f9 richieste dagli stilisti, fin dalle fasi iniziali di lancio del loro marchio, poich\u00e9 molto richieste dagli utilizzatori finali.<\/p>\n\n\n\n<h2 class=\"wp-block-heading\"><strong>Come scegliere il giusto TESSUTO?<\/strong><\/h2>\n\n\n\n<p>I tessuti utilizzabili per la realizzazione delle felpe sono innumerevoli: dal <strong>100%CO<\/strong> ( il pi\u00f9 richiesto) al pi\u00f9 confortevole <strong>cotone\/elastan misto<\/strong>, e molte <strong>altre mescole di fibre<\/strong>: davvero non ci sono limiti!<\/p>\n\n\n\n<p><strong>Peso<\/strong>: i pesi dei tessuti per le felpe con e senza cappuccio possono essere molto leggeri per le stagioni calde (Primavera\/Estate) e via via pi\u00f9 pesanti per le stagioni fredde (Autunno\/Inverno).<\/p>\n\n\n\n<p><strong>Tipologie<\/strong>: le tipologie principali sono<\/p>\n\n\n\n<ul class=\"wp-block-list\"><li><strong>Garzate<\/strong>: usate per lo pi\u00f9 in periodo invernale<\/li><li><strong>Non garzate<\/strong>: per stagioni calde o intermedie a seconda del peso del tessuto<\/li><li><strong>In Poliestere, poliammide oppure misti:<\/strong>&nbsp;<\/li><\/ul>\n\n\n\n<p><strong>Certificazioni<\/strong>: i tessuti da noi utilizzati sono <strong>italiani certificati<\/strong> <strong>secondo<\/strong> <strong>i pi\u00f9 alti standard qualitativi<\/strong>: OEKO-TEX certifications Standard 100 by OEKO-TEX, Confidence in Textiles, Global Recycled Standard, Global Organic Textile Standard, Organic Content Standard, etc.<\/p>\n\n\n\n<h2 class=\"wp-block-heading\"><span style=\"font-family: georgia, palatino, serif; font-size: 12pt;\">Quali sono le FASI di lavorazione per le felpe?<\/span><\/h2>\n\n\n\n<p><strong>1.<\/strong> La prima fase \u00e8 sempre <strong>la scelta del tessuto<\/strong>: <strong>composizione<\/strong>, <strong>peso<\/strong>, <strong>finissaggi<\/strong>; solitamente quando spediamo il prototipo inviamo insieme anche vari swatches di tessuto con differenti caratteristiche al fine di dare al nostro cliente la possibilit\u00e0 di scegliere quello pi\u00f9 adatto al suo Marchio.<\/p>\n\n\n\n<p><strong>2.<\/strong> Realizzazione del prototipo seguendo le indicazioni circa la <strong>vestibilit\u00e0<\/strong> richiesta: <strong>slim<\/strong>, <strong>regular<\/strong>, <strong>oversized<\/strong>. Inoltre, per le felpe con cappuccio \u00e8 possibile averle con <strong>tasche<\/strong>, <strong>zip<\/strong>, <strong>laccetti<\/strong>, <strong>anelletti<\/strong> e tutti gli accessori richiesti per questo tipo di capo.<\/p>\n\n\n\n<p><strong>3.<\/strong> Come gi\u00e0 menzionato riguardo alle <a href=\"https:\/\/www.hoplites.eu\/produzione-t-shirts\">t-shirts<\/a>, di solito le felpe con o senza cappuccio sono personalizzate con<strong> stampe<\/strong> o <strong>ricami<\/strong> in base alle grafiche fornite dal cliente; <strong>possiamo realizzare qualsiasi tecnica di stampa<\/strong> ( serigrafica, digitale, transfer, sublimatica ), <strong>idem per quanto riguarda i ricami<\/strong> per i quali possiamo usare <strong>i migliori filati<\/strong> come quelli Madeira rinomati a livello internazionale, spaziando dai<strong> filati classici<\/strong>, <strong>lucidi<\/strong> oppure <strong>opachi<\/strong>, ai <strong>filati lana<\/strong>, <strong>lurex<\/strong>,<strong> metallici<\/strong>, etc.<\/p>\n\n\n<div class=\"wp-block-image\">\n<figure class=\"alignright size-medium\"><img decoding=\"async\" width=\"300\" height=\"300\" src=\"https:\/\/cdn.hoplites.eu\/wp-content\/uploads\/\/119891370_2616479515349222_3511785127913081673_n-300x300.jpg?strip=all&sharp=1\" alt=\"\" class=\"wp-image-3585\" srcset=\"https:\/\/cdn.hoplites.eu\/wp-content\/uploads\/119891370_2616479515349222_3511785127913081673_n-300x300.jpg?strip=all&amp;sharp=1 300w, https:\/\/cdn.hoplites.eu\/wp-content\/uploads\/119891370_2616479515349222_3511785127913081673_n-150x150.jpg?strip=all&amp;sharp=1 150w, https:\/\/cdn.hoplites.eu\/wp-content\/uploads\/119891370_2616479515349222_3511785127913081673_n-768x767.jpg?strip=all&amp;sharp=1 768w, https:\/\/cdn.hoplites.eu\/wp-content\/uploads\/119891370_2616479515349222_3511785127913081673_n.jpg?strip=all&amp;sharp=1 800w, https:\/\/cdn.hoplites.eu\/wp-content\/uploads\/119891370_2616479515349222_3511785127913081673_n.jpg?strip=all&amp;sharp=1&amp;w=480 480w, https:\/\/cdn.hoplites.eu\/wp-content\/uploads\/119891370_2616479515349222_3511785127913081673_n.jpg?strip=all&amp;sharp=1&amp;w=640 640w\" sizes=\"(max-width: 300px) 100vw, 300px\" \/><\/figure>\n<\/div>\n\n\n<p><span style=\"font-family: georgia, palatino, serif; font-size: 12pt;\"><strong><strong>Quali sono i COSTI?<\/strong><\/strong><\/span><\/p>\n\n\n\n<p><span style=\"font-family: georgia, palatino, serif; font-size: 12pt;\">Come nostra consuetudine forniamo sempre un preventivo gratuito sia per la realizzazione dei campioni che della successiva produzione; se mi fornisci indicazioni circa il budget che hai a disposizione o il prezzo di produzione entro cui desideri rientrare, sar\u00f2 felice di darti suggerimenti circa il tessuto pi\u00f9 adatto da usare e le quantit\u00e0 da produrre per soddisfare l<strong>e tue esigenze.<\/strong><\/span><\/p>\n\n\n\n<p><span style=\"font-family: georgia, palatino, serif; font-size: 12pt;\"><strong><strong>Sostenibilit\u00e0 Ambientale<\/strong><\/strong><\/span><\/p>\n\n\n<div class=\"wp-block-image\">\n<figure class=\"alignleft size-medium\"><img decoding=\"async\" width=\"225\" height=\"300\" src=\"https:\/\/cdn.hoplites.eu\/wp-content\/uploads\/\/sweatshirts-and-hoodies-1-225x300.jpg?strip=all&sharp=1\" alt=\"\" class=\"wp-image-3586\" srcset=\"https:\/\/cdn.hoplites.eu\/wp-content\/uploads\/sweatshirts-and-hoodies-1-225x300.jpg?strip=all&amp;sharp=1 225w, https:\/\/cdn.hoplites.eu\/wp-content\/uploads\/sweatshirts-and-hoodies-1.jpg?strip=all&amp;sharp=1 600w, https:\/\/cdn.hoplites.eu\/wp-content\/uploads\/sweatshirts-and-hoodies-1.jpg?strip=all&amp;sharp=1&amp;w=120 120w, https:\/\/cdn.hoplites.eu\/wp-content\/uploads\/sweatshirts-and-hoodies-1.jpg?strip=all&amp;sharp=1&amp;w=360 360w, https:\/\/cdn.hoplites.eu\/wp-content\/uploads\/sweatshirts-and-hoodies-1.jpg?strip=all&amp;sharp=1&amp;w=480 480w\" sizes=\"(max-width: 225px) 100vw, 225px\" \/><\/figure>\n<\/div>\n\n\n<p><span style=\"font-family: georgia, palatino, serif; font-size: 12pt;\">Oggigiorno \u00e8 fondamentale per qualsiasi produzione attenersi a criteri rigorosi di sostenibilit\u00e0 ambientale e Hoplites S.r.l. \u00e8 sempre estremament<strong>e attenta nel vigilare affinch\u00e9 tutto avvenga nel rispetto della&nbsp;eco-sostenibilit\u00e0.<\/strong><\/span><\/p>\n\n\n\n<p><span style=\"font-family: georgia, palatino, serif; font-size: 12pt;\"><strong><strong>Come contattare Hoplites S.r.l. per chiedere una collaborazione?<\/strong><\/strong><\/span><\/p>\n\n\n\n<p><span style=\"font-family: georgia, palatino, serif; font-size: 12pt;\">Scrivici a&nbsp;<strong>info@hoplites.it<\/strong>&nbsp;illustrandoci&nbsp;<strong>il tuo progetto di produzione seriale o di campionario<\/strong>, e la nostra responsabile di produzione sar\u00e0 felice di risponderti.<\/span><strong style=\"font-size: 1rem;\"><\/strong><\/p>\n\n<\/div><\/div>","protected":false},"excerpt":{"rendered":"<p>Perch\u00e9 includere le felpe nella tua collezione? HOPLITES s.r.l.&nbsp;\u00e8 una societ\u00e0 caratterizzata da forte stabilit\u00e0,&nbsp;una realt\u00e0 solida e specializzata&nbsp;e nota per la sua produzione sostenibile e di qualit\u00e0. Interagendo costantemente<\/p>\n","protected":false},"author":1,"featured_media":0,"parent":3666,"menu_order":0,"comment_status":"closed","ping_status":"closed","template":"","meta":{"_acf_changed":false,"inline_featured_image":false,"footnotes":""},"class_list":["post-3690","page","type-page","status-publish"],"acf":[],"_links":{"self":[{"href":"https:\/\/www.hoplites.eu\/it\/wp-json\/wp\/v2\/pages\/3690","targetHints":{"allow":["GET"]}}],"collection":[{"href":"https:\/\/www.hoplites.eu\/it\/wp-json\/wp\/v2\/pages"}],"about":[{"href":"https:\/\/www.hoplites.eu\/it\/wp-json\/wp\/v2\/types\/page"}],"author":[{"embeddable":true,"href":"https:\/\/www.hoplites.eu\/it\/wp-json\/wp\/v2\/users\/1"}],"replies":[{"embeddable":true,"href":"https:\/\/www.hoplites.eu\/it\/wp-json\/wp\/v2\/comments?post=3690"}],"version-history":[{"count":0,"href":"https:\/\/www.hoplites.eu\/it\/wp-json\/wp\/v2\/pages\/3690\/revisions"}],"up":[{"embeddable":true,"href":"https:\/\/www.hoplites.eu\/it\/wp-json\/wp\/v2\/pages\/3666"}],"wp:attachment":[{"href":"https:\/\/www.hoplites.eu\/it\/wp-json\/wp\/v2\/media?parent=3690"}],"curies":[{"name":"wp","href":"https:\/\/api.w.org\/{rel}","templated":true}]}}