{"id":3691,"date":"2022-05-10T10:20:31","date_gmt":"2022-05-10T08:20:31","guid":{"rendered":"https:\/\/www.hoplites.eu\/produzione-abbigliamento-conto-terzi\/jeans-production-server-made-in-italy\/"},"modified":"2022-09-14T15:14:52","modified_gmt":"2022-09-14T13:14:52","slug":"server-di-produzione-jeans-made-in-italy","status":"publish","type":"page","link":"https:\/\/www.hoplites.eu\/it\/produzione-abbigliamento-conto-terzi\/server-di-produzione-jeans-made-in-italy\/","title":{"rendered":"Produzione Jeans Made in Italy e Conto Terzi"},"content":{"rendered":"<div class=\"gb-container gb-container-6fac96ab\"><div class=\"gb-inside-container\">\n\n<figure class=\"wp-block-image size-full\"><img decoding=\"async\" width=\"920\" height=\"580\" src=\"https:\/\/cdn.hoplites.eu\/wp-content\/uploads\/Why-produce-Jeans-Made-in-Italy.jpg?strip=all&sharp=1\" alt=\"Why produce Jeans Made in Italy\" class=\"wp-image-3252\" srcset=\"https:\/\/cdn.hoplites.eu\/wp-content\/uploads\/Why-produce-Jeans-Made-in-Italy.jpg?strip=all&amp;sharp=1 920w, https:\/\/cdn.hoplites.eu\/wp-content\/uploads\/Why-produce-Jeans-Made-in-Italy-300x189.jpg?strip=all&amp;sharp=1 300w, https:\/\/cdn.hoplites.eu\/wp-content\/uploads\/Why-produce-Jeans-Made-in-Italy-768x484.jpg?strip=all&amp;sharp=1 768w, https:\/\/cdn.hoplites.eu\/wp-content\/uploads\/Why-produce-Jeans-Made-in-Italy.jpg?strip=all&amp;sharp=1&amp;w=184 184w, https:\/\/cdn.hoplites.eu\/wp-content\/uploads\/Why-produce-Jeans-Made-in-Italy.jpg?strip=all&amp;sharp=1&amp;w=368 368w, https:\/\/cdn.hoplites.eu\/wp-content\/uploads\/Why-produce-Jeans-Made-in-Italy.jpg?strip=all&amp;sharp=1&amp;w=552 552w, https:\/\/cdn.hoplites.eu\/wp-content\/uploads\/Why-produce-Jeans-Made-in-Italy.jpg?strip=all&amp;sharp=1&amp;w=450 450w\" sizes=\"(max-width: 920px) 100vw, 920px\" \/><\/figure>\n\n\n\n<p>Hoplites \u00e8 specializzata nella <strong>produzione Jeans Made in Italy e Conto Terzi<\/strong>. Realizziamo i prodotti in Italia, dai campioni per poi passare alla produzione seriale di Jeans con i migliori tessuti.<\/p>\n\n\n<div class=\"wp-block-image img-mobile\">\n<figure class=\"alignleft size-medium\"><img decoding=\"async\" width=\"300\" height=\"225\" src=\"https:\/\/cdn.hoplites.eu\/wp-content\/uploads\/\/1XGNF9H-300x225.jpg?strip=all&sharp=1\" alt=\"\" class=\"wp-image-3565\" srcset=\"https:\/\/cdn.hoplites.eu\/wp-content\/uploads\/1XGNF9H-300x225.jpg?strip=all&amp;sharp=1 300w, https:\/\/cdn.hoplites.eu\/wp-content\/uploads\/1XGNF9H-768x576.jpg?strip=all&amp;sharp=1 768w, https:\/\/cdn.hoplites.eu\/wp-content\/uploads\/1XGNF9H.jpg?strip=all&amp;sharp=1 800w, https:\/\/cdn.hoplites.eu\/wp-content\/uploads\/1XGNF9H.jpg?strip=all&amp;sharp=1&amp;w=160 160w, https:\/\/cdn.hoplites.eu\/wp-content\/uploads\/1XGNF9H.jpg?strip=all&amp;sharp=1&amp;w=480 480w, https:\/\/cdn.hoplites.eu\/wp-content\/uploads\/1XGNF9H.jpg?strip=all&amp;sharp=1&amp;w=640 640w\" sizes=\"(max-width: 300px) 100vw, 300px\" \/><\/figure>\n<\/div>\n\n\n<h2 class=\"wp-block-heading\"><strong><strong>Un po\u2019 di cenni storici<\/strong><\/strong><\/h2>\n\n\n\n<p>Se volessimo indicare quale sia il primo tipo di pantalone a cui ci viene istintivamente da pensare, non c\u2019\u00e8 alcun dubbio che al 99% si tratti di jeans. E\u2019 sempre affascinante scoprire le origini di un qualsiasi oggetto: nel nostro caso, il tessuto jeans cos\u00ec pratico e resistente comincia a fare la sua comparsa in ambito marinaro, intorno al XV secolo, utilizzato sia per costruire le vele, indispensabili per le imbarcazioni dell\u2019epoca, che per realizzare sacchi robusti da trasporto da gettare nelle stive delle stesse navi. Questo ci d\u00e0 un\u2019idea su quanto questo tessuto dovesse essere resistente gi\u00e0 sin dagli inizi: risultava essere un aiuto fondamentale per affrontare e vincere le tempeste che si scatenavano sugli oceani, cos\u00ec come oggi risulta altrettanto versatile nell\u2019accompagnarci attraverso le burrasche della nostra vita quotidiana.<\/p>\n\n\n\n<h2 class=\"gb-headline gb-headline-b17def14 gb-headline-text\"><strong>Origine della denominazione del Denim o Blue Jeans<\/strong><\/h2>\n\n\n\n<p>Le fonti storiche riportano due citt\u00e0 come originarie creatrici del tessuto in questione, si tratterebbe di Chieri (Italia) e di N\u00eemes (Francia). Infatti, la denominazione <strong>\u201cDenim\u201d<\/strong> deriverebbe dall\u2019indicazione di provenienza \u201cde N\u00eemes\u201d. In ogni caso questa tela particolare veniva venduta e veicolata ovunque da navi in partenza dal porto di Genova, e sembra che siano stati proprio i marinai Genovesi i primi a pensare di utilizzare questo tessuto per realizzare i propri pantaloni da lavoro, e questo ci spiega il perch\u00e9 del nome <strong>\u201cJeans\u201d<\/strong> mutuato dal nome della citt\u00e0 stessa Genova. Ma <strong>perch\u00e9 \u201cBlue Jeans\u201d?<\/strong> Perch\u00e9 veniva indicato specificamente il colore indaco? E\u2019 presto detto: il blu era il colore utilizzato nelle divise dei marinai genovesi.<\/p>\n\n\n<div class=\"wp-block-image\">\n<figure class=\"alignright size-medium\"><img decoding=\"async\" width=\"300\" height=\"138\" src=\"https:\/\/cdn.hoplites.eu\/wp-content\/uploads\/\/1KNPY2K-300x138.jpg?strip=all&sharp=1\" alt=\"\" class=\"wp-image-3566\" srcset=\"https:\/\/cdn.hoplites.eu\/wp-content\/uploads\/1KNPY2K-300x138.jpg?strip=all&amp;sharp=1 300w, https:\/\/cdn.hoplites.eu\/wp-content\/uploads\/1KNPY2K-768x354.jpg?strip=all&amp;sharp=1 768w, https:\/\/cdn.hoplites.eu\/wp-content\/uploads\/1KNPY2K.jpg?strip=all&amp;sharp=1 800w, https:\/\/cdn.hoplites.eu\/wp-content\/uploads\/1KNPY2K.jpg?strip=all&amp;sharp=1&amp;w=160 160w, https:\/\/cdn.hoplites.eu\/wp-content\/uploads\/1KNPY2K.jpg?strip=all&amp;sharp=1&amp;w=480 480w, https:\/\/cdn.hoplites.eu\/wp-content\/uploads\/1KNPY2K.jpg?strip=all&amp;sharp=1&amp;w=640 640w\" sizes=\"(max-width: 300px) 100vw, 300px\" \/><\/figure>\n<\/div>\n\n\n<h2 class=\"gb-headline gb-headline-0d3ea044 gb-headline-text\"><strong>Diffusione del jeans nel mondo<\/strong><\/h2>\n\n\n\n<p>Da allora, probabilmente anche grazie all\u2019esportazione per via marittima da un porto attivissimo come quello Genovese, questo tessuto \u00e8 giunto ovunque e si \u00e8 affermato per le sue grandi doti di <strong>robustezza<\/strong>, <strong>praticit\u00e0<\/strong> e <strong>buon prezzo<\/strong>.<\/p>\n\n\n\n<p>Ma ci\u00f2 che ha influito come punto di svolta \u00e8 stata la sua diffusione, nella seconda met\u00e0 del\u2019800, negli Stati Uniti dove, trasformato in pantaloni e grembiuli da lavoro, ha finito per essere adottato come indumento di base per tutte le classi di lavoratori che necessitavano della robustezza del jeans.<\/p>\n\n\n\n<h2 class=\"gb-headline gb-headline-823181ea gb-headline-text\">Chi ha inventato il jeans?<\/h2>\n\n\n\n<p>&#8220;Voglio morire con il mio jeans addosso &#8221; Questa citazione appartenente al grande artista Andy Warhol, ben racchiude tutta l&#8217;importanza posseduta da questo semplice, intramontabile e iconico tessuto di tela.<\/p>\n\n\n\n<p>La sua origine risale al XV secolo, epoca in cui veniva utilizzato per la costruzione di vele perfette per le imbarcazioni e per costruire dei sacchi resistenti da trasporto che venivano sistemati nelle stive delle navi.<\/p>\n\n\n\n<p>Contrariamente a quanto si pensa, il jeans non \u00e8 nato in America, bens\u00ec in Italia e pi\u00f9 precisamente a Genova ed \u00e8 proprio nel porto della citt\u00e0 che \u00e8 stato impiegato per la prima volta.<\/p>\n\n\n\n<p>Un tessuto resistente e versatile che ben si presta per essere indossato tutto i giorni. \u00c8 proprio dal termine Blue de Genes, cio\u00e8 blu di Genova che deriva il termine blue jeans. Nel 1873 fu ideato il primo modello di jeans trasformandolo in pantaloni e grembiuli utili per il lavoro, un indumento necessario per tutti i lavoratori che avevano necessit\u00e0 di indossare qualcosa di robusto. In seguito furono i cowboys a diffondere maggiormente la moda del jeans dai cui chiunque rimase affascinato, dai militari ai cercatori d&#8217;oro ad attori del calibro di Marlon Brando e James Dean per i quali \u00e8 diventato un vero e proprio simbolo di ribellione.<\/p>\n\n\n\n<h2 class=\"gb-headline gb-headline-ddbeb6cf gb-headline-text\">Come vengono fatti i jeans?<strong><br><\/strong><\/h2>\n\n\n\n<p>Si pu\u00f2 affermare con assoluta certezza che il jeans non ha conosciuto mai un momento di crisi, tutt&#8217;altro, nel tempo la sua produzione si \u00e8 evoluta e grazie alla tecnologia, attualmente si possono realizzare jeans di tutti i tipi, comodi e resistenti, ma anche morbidi e di vario spessore, adattare ad ogni tipo di outfit, da quello pi\u00f9 sportivo e aggressivo a quello pi\u00f9 elegante. Anche il colore non \u00e8 solo quello classico indaco, ma adesso si possono realizzare capi di ogni sfumatura cromatica. Per confezionare un paio di jeans sono necessari alcuni elementi fondamentali: il cotone che solitamente proviene dal Mali, il rame per i bottoni che arriva dalla Namibia, lo zinco dall&#8217;Australia, il blu utile alla tintura che proviene dalla Germania e la cerniera dal Giappone.<\/p>\n\n\n\n<h2 class=\"wp-block-heading\"><strong>Cercatori d\u2019oro<\/strong><\/h2>\n\n\n\n<p>Questa diffusione capillare negli USA deve tutto alla famosa \u201ccorsa all\u2019oro\u201d e ad un imprenditore con il fiuto per gli affari, mr. Levi Strauss. Egli intu\u00ec che il jeans aveva tutte le caratteristiche ideali per esser venduto ai cercatori d\u2019oro, che in quel periodo giungevano in California in grandi masse e avevano necessit\u00e0 di pantaloni sia robusti che economici. Una curiosit\u00e0: i rivetti metallici furono aggiunti, con tanto di brevetto, per rinforzare le tasche che i cercatori riempivano con tutto ci\u00f2 che ritenevano potesse contenere oro. In pratica erano nati i jeans \u201cLevi\u2019s 501\u201d, modello che potete acquistare ancora oggi\u2026anche se non siete cercatori d\u2019oro ????<\/p>\n\n\n\n<h2 class=\"wp-block-heading\"><strong>Ferrovie e Cowboys<\/strong><\/h2>\n\n\n\n<p>Ma al di l\u00e0 dei cercatori d\u2019oro, i pantaloni jeans si diffusero anche in altri settori, sia presso i lavoratori che stavano costruendo le lunghissime e leggendarie ferrovie Americane che presso i mandriani, i famosi \u201cCow boys\u201d, che guidavano immense mandrie attraverso praterie sconfinate e polverose. L\u2019avanzata trionfale del jeans non si \u00e8 pi\u00f9 arrestata da allora, tanto da giungere sino ai nostri tempi, in grandissima salute e senza accennare alcuna flessione nella relativa produzione o utilizzo.<\/p>\n\n\n\n<h2 class=\"gb-headline gb-headline-d3a28ae3 gb-headline-text\"><strong>Come ottenere i Jeans pi\u00f9 adatti al proprio Brand?<\/strong><\/h2>\n\n\n\n<p>Nel tempo sono state fatte parecchie migliorie grazie alla tecnologia evolutasi di pari passo con le mode, sia sul piano della <strong>comodit\u00e0<\/strong> (possiamo produrre jeans nello stesso tempo resistenti ma morbidi come seta, e di vario peso e spessore) che sul piano estetico (siamo in grado di effettuare trattamenti di tutti i tipi per ottenere look moderni e aggressivi, o conferire al capo un aspetto elegante). Ovviamente, oggigiorno, i pantaloni jeans non sono pi\u00f9 disponibili solo nel tradizionale colore indaco: attraverso cartelle colori e pantoni possiamo produrre jeans nell\u2019intero spettro cromatico dell\u2019arcobaleno. I vari marchi, che si affidano a Hoplites S.r.l. per le loro <strong>produzioni made in Italy<\/strong>, lo sanno benissimo.<br><\/p>\n\n\n\n<h2 class=\"gb-headline gb-headline-170bd45c gb-headline-text\">Abbigliamento conto terzi<\/h2>\n\n\n\n<p>La produzione di qualsiasi tipo di abbigliamento conto terzi come&nbsp;<strong>Hoplites S.r.l&nbsp;<\/strong>\u00e8 composto da tanti servizi che richiedono competenza e seriet\u00e0 al fine di ottenere un risultato sempre all&#8217;altezza delle aspettative.<\/p>\n\n\n\n<p>L&#8217;azienda produce tutti i Jeans in Italia per un prodotto finale che sia al <strong>100% Made in Italy<\/strong>, garanzia di elevata qualit\u00e0.<\/p>\n\n\n\n<p>La prerogativa aziendale \u00e8 quella di fornire sempre ad ogni cliente, dopo analisi del progetto, un preventivo gratuito sia per il campione iniziale che per il seguito delle produzioni ed \u00e8 in grado di offrire le soluzioni e i suggerimenti circa il materiale pi\u00f9 indicato da utilizzare e anche la quantit\u00e0 necessaria.<\/p>\n\n\n\n<p>Un importante obbiettivo di Hoplites di S.r.l \u00e8 quello di attenersi ai criteri di sostenibilit\u00e0 ambientale. In un mercato sempre pi\u00f9 attento alle problematiche relative all&#8217;ambiente, l&#8217;azienda si prefigge la massima attenzione affinch\u00e9 ogni fase di lavorazione si svolga prestando la massima cura nel rispetto dell\u2019ambiente.<\/p>\n\n\n\n<p>Il jeans, infatti, \u00e8 un capo sottoposto a tanti trattamenti, ma l&#8217;intento \u00e8 quello di gestire tutto con l&#8217;attenzione necessaria ad ogni dettaglio, non solo riguardo alle tematiche ambientali, ma anche in merito alla salute di chi lavora nei laboratori manufatturieri.<\/p>\n\n\n\n<h2 class=\"wp-block-heading\"><strong>Costi <\/strong><\/h2>\n\n\n\n<p>Vorresti maggiori informazioni per produrre la tua collezione di Jeans in Italia? Come da nostra consuetudine forniamo sempre un <strong>preventivo gratuito<\/strong>, sia per la realizzazione dei <strong>campioni<\/strong> che della successiva <strong>produzione seriale<\/strong>; se ci vengono fornite anche indicazioni circa il budget che si ha a disposizione o il prezzo di produzione entro cui si desideri rientrare, sar\u00f2 felice di darti s<strong>uggerimenti circa il materiale pi\u00f9 adatto<\/strong> da usare e le quantit\u00e0 da produrre <strong>per soddisfare le esigenze di mercato<\/strong>.<\/p>\n\n\n\n<h2 class=\"gb-headline gb-headline-72a7d17a gb-headline-text\">Il cotone: elemento fondamentale<\/h2>\n\n\n\n<p>Il cotone usato per produrre il tessuto denim \u00e8 probabilmente il fattore pi\u00f9 importante di tutti. Un po&#8217; come in cucina, se inizi con buoni ingredienti il \u200b\u200brisultato finale sar\u00e0 buono, non importa quanto semplice sia fatto.<\/p>\n\n\n\n<p>Con il cotone l&#8217;importante \u00e8 avere un fiocco lungo, che normalmente viene fornito di serie quando si acquista da un&#8217;area particolare, come il cotone dello Zimbabwe. Significa che il denim \u00e8 pi\u00f9 forte, ma si ammorbidisce anche meglio nel tempo &#8211; ecco perch\u00e9 quei vecchi Levi&#8217;s degli anni &#8217;60 sono cos\u00ec morbidi dopo cos\u00ec tanto tempo.<\/p>\n\n\n\n<p>Il fiocco lungo crea anche maggiore carattere: ottieni variazioni pi\u00f9 evidenti nel denim. Il cotone economico \u00e8 composto da fibre pi\u00f9 corte e di conseguenza sembra pi\u00f9 uniforme. Il denim premium ha un carattere pi\u00f9 naturale, mentre altri sono pi\u00f9 lisci e pi\u00f9 uniformi.<\/p>\n\n\n\n<h2 class=\"gb-headline gb-headline-edbc6334 gb-headline-text\"><strong>Produzione di Jeans e Sostenibilit\u00e0 Ambientale<\/strong><\/h2>\n\n\n\n<p>Oggigiorno \u00e8 fondamentale per qualsiasi produzione attenersi a criteri rigorosi di sostenibilit\u00e0 ambientale: il Jeans \u00e8 un capo sottoposto spesso a molti trattamenti, e Hoplites S.r.l. \u00e8 sempre estremamente attenta nel vigilare affinch\u00e9 tutto avvenga nel rispetto della <strong>eco-sostenibilit\u00e0<\/strong>.<\/p>\n\n\n\n<p>Altri aspetti del cotone non contano tanto quanto la lunghezza del fiocco. Il cotone pregiato non \u00e8 una priorit\u00e0, a differenza degli <a href=\"https:\/\/www.hoplites.eu\/it\/produzione-abbigliamento-conto-terzi\/vestiti-da-donna\/\">abiti<\/a> o delle <a href=\"https:\/\/www.hoplites.eu\/it\/produzione-abbigliamento-conto-terzi\/camicia\/\">camicie<\/a> di lusso, e mentre il denim organico \u00e8 bello, i cotoni di fascia alta sono generalmente prodotti comunque in modo pi\u00f9 sostenibile. \u00c8 necessario utilizzare meno pesticidi e prendersi pi\u00f9 cura del terreno per produrre quel tipo di pianta.<\/p>\n\n\n\n<h2 class=\"gb-headline gb-headline-11e78e71 gb-headline-text\"><strong>Come contattare Hoplites S.r.l. per chiedere una collaborazione?<\/strong><\/h2>\n\n\n\n<p>Scrivici a <strong>info@hoplites.it<\/strong> illustrandoci <strong>il tuo progetto di produzione seriale o di campionario<\/strong>, e la nostra responsabile di produzione sar\u00e0 felice di risponderti.<\/p>\n\n\n\n<figure class=\"wp-block-gallery has-nested-images columns-4 wp-block-gallery-1 is-layout-flex wp-block-gallery-is-layout-flex\">\n<figure class=\"wp-block-image size-thumbnail\"><a href=\"https:\/\/cdn.hoplites.eu\/wp-content\/uploads\/2397NT2.jpg?strip=all&sharp=1&w=2560\" target=\"_blank\" rel=\"noopener\"><img decoding=\"async\" width=\"150\" height=\"150\" data-id=\"3568\" src=\"https:\/\/cdn.hoplites.eu\/wp-content\/uploads\/\/2397NT2-150x150.jpg?strip=all&sharp=1\" alt=\"\" class=\"wp-image-3568\" srcset=\"https:\/\/cdn.hoplites.eu\/wp-content\/uploads\/2397NT2-150x150.jpg?strip=all&amp;sharp=1 150w, https:\/\/cdn.hoplites.eu\/wp-content\/uploads\/2397NT2.jpg?strip=all&amp;sharp=1&amp;zoom=0.4&amp;resize=150%2C150 60w, https:\/\/cdn.hoplites.eu\/wp-content\/uploads\/2397NT2.jpg?strip=all&amp;sharp=1&amp;zoom=2&amp;resize=150%2C150 300w, https:\/\/cdn.hoplites.eu\/wp-content\/uploads\/2397NT2.jpg?strip=all&amp;sharp=1&amp;zoom=3&amp;resize=150%2C150 450w\" sizes=\"(max-width: 150px) 100vw, 150px\" \/><\/a><\/figure>\n\n\n\n<figure class=\"wp-block-image size-thumbnail\"><a href=\"https:\/\/cdn.hoplites.eu\/wp-content\/uploads\/379S8T5.jpg?strip=all&sharp=1&w=2560\" target=\"_blank\" rel=\"noopener\"><img decoding=\"async\" width=\"150\" height=\"150\" data-id=\"3567\" src=\"https:\/\/cdn.hoplites.eu\/wp-content\/uploads\/\/379S8T5-150x150.jpg?strip=all&sharp=1\" alt=\"\" class=\"wp-image-3567\" srcset=\"https:\/\/cdn.hoplites.eu\/wp-content\/uploads\/379S8T5-150x150.jpg?strip=all&amp;sharp=1 150w, https:\/\/cdn.hoplites.eu\/wp-content\/uploads\/379S8T5.jpg?strip=all&amp;sharp=1&amp;zoom=0.4&amp;resize=150%2C150 60w, https:\/\/cdn.hoplites.eu\/wp-content\/uploads\/379S8T5.jpg?strip=all&amp;sharp=1&amp;zoom=2&amp;resize=150%2C150 300w, https:\/\/cdn.hoplites.eu\/wp-content\/uploads\/379S8T5.jpg?strip=all&amp;sharp=1&amp;zoom=3&amp;resize=150%2C150 450w\" sizes=\"(max-width: 150px) 100vw, 150px\" \/><\/a><\/figure>\n\n\n\n<figure class=\"wp-block-image size-thumbnail\"><a href=\"https:\/\/cdn.hoplites.eu\/wp-content\/uploads\/1KRKWIW.jpg?strip=all&sharp=1&w=2560\" target=\"_blank\" rel=\"noopener\"><img decoding=\"async\" width=\"150\" height=\"150\" data-id=\"3569\" src=\"https:\/\/cdn.hoplites.eu\/wp-content\/uploads\/\/1KRKWIW-150x150.jpg?strip=all&sharp=1\" alt=\"\" class=\"wp-image-3569\" srcset=\"https:\/\/cdn.hoplites.eu\/wp-content\/uploads\/1KRKWIW-150x150.jpg?strip=all&amp;sharp=1 150w, https:\/\/cdn.hoplites.eu\/wp-content\/uploads\/1KRKWIW.jpg?strip=all&amp;sharp=1&amp;zoom=0.4&amp;resize=150%2C150 60w\" sizes=\"(max-width: 150px) 100vw, 150px\" \/><\/a><\/figure>\n\n\n\n<figure class=\"wp-block-image size-thumbnail\"><a href=\"https:\/\/cdn.hoplites.eu\/wp-content\/uploads\/18OEUNT.jpg?strip=all&sharp=1&w=2560\" target=\"_blank\" rel=\"noopener\"><img decoding=\"async\" width=\"150\" height=\"150\" data-id=\"3570\" src=\"https:\/\/cdn.hoplites.eu\/wp-content\/uploads\/\/18OEUNT-150x150.jpg?strip=all&sharp=1\" alt=\"\" class=\"wp-image-3570\" srcset=\"https:\/\/cdn.hoplites.eu\/wp-content\/uploads\/18OEUNT-150x150.jpg?strip=all&amp;sharp=1 150w, https:\/\/cdn.hoplites.eu\/wp-content\/uploads\/18OEUNT.jpg?strip=all&amp;sharp=1&amp;zoom=0.4&amp;resize=150%2C150 60w, https:\/\/cdn.hoplites.eu\/wp-content\/uploads\/18OEUNT.jpg?strip=all&amp;sharp=1&amp;zoom=2&amp;resize=150%2C150 300w, https:\/\/cdn.hoplites.eu\/wp-content\/uploads\/18OEUNT.jpg?strip=all&amp;sharp=1&amp;zoom=3&amp;resize=150%2C150 450w\" sizes=\"(max-width: 150px) 100vw, 150px\" \/><\/a><\/figure>\n<\/figure>\n\n<\/div><\/div>","protected":false},"excerpt":{"rendered":"<p>Hoplites \u00e8 specializzata nella produzione Jeans Made in Italy e Conto Terzi. Realizziamo i prodotti in Italia, dai campioni per poi passare alla produzione seriale di Jeans con i migliori<\/p>\n","protected":false},"author":1,"featured_media":0,"parent":3666,"menu_order":0,"comment_status":"closed","ping_status":"closed","template":"","meta":{"_acf_changed":false,"inline_featured_image":false,"footnotes":""},"class_list":["post-3691","page","type-page","status-publish"],"acf":[],"_links":{"self":[{"href":"https:\/\/www.hoplites.eu\/it\/wp-json\/wp\/v2\/pages\/3691","targetHints":{"allow":["GET"]}}],"collection":[{"href":"https:\/\/www.hoplites.eu\/it\/wp-json\/wp\/v2\/pages"}],"about":[{"href":"https:\/\/www.hoplites.eu\/it\/wp-json\/wp\/v2\/types\/page"}],"author":[{"embeddable":true,"href":"https:\/\/www.hoplites.eu\/it\/wp-json\/wp\/v2\/users\/1"}],"replies":[{"embeddable":true,"href":"https:\/\/www.hoplites.eu\/it\/wp-json\/wp\/v2\/comments?post=3691"}],"version-history":[{"count":0,"href":"https:\/\/www.hoplites.eu\/it\/wp-json\/wp\/v2\/pages\/3691\/revisions"}],"up":[{"embeddable":true,"href":"https:\/\/www.hoplites.eu\/it\/wp-json\/wp\/v2\/pages\/3666"}],"wp:attachment":[{"href":"https:\/\/www.hoplites.eu\/it\/wp-json\/wp\/v2\/media?parent=3691"}],"curies":[{"name":"wp","href":"https:\/\/api.w.org\/{rel}","templated":true}]}}