{"id":3692,"date":"2022-05-10T10:39:40","date_gmt":"2022-05-10T08:39:40","guid":{"rendered":"https:\/\/www.hoplites.eu\/produzione-abbigliamento-conto-terzi\/silk-pajamas\/"},"modified":"2022-07-26T12:53:06","modified_gmt":"2022-07-26T10:53:06","slug":"pigiami-in-seta","status":"publish","type":"page","link":"https:\/\/www.hoplites.eu\/it\/produzione-abbigliamento-conto-terzi\/pigiami-in-seta\/","title":{"rendered":"Perch\u00e8 produrre Pigiami e accessori in seta made in Italy"},"content":{"rendered":"<div class=\"gb-container gb-container-6fac96ab\"><div class=\"gb-inside-container\">\n\n<figure class=\"wp-block-image size-full\"><img decoding=\"async\" width=\"920\" height=\"580\" src=\"https:\/\/cdn.hoplites.eu\/wp-content\/uploads\/Why-produce-Silk-Pajamas-and-accessories-made-in-Italy.jpg?strip=all&sharp=1\" alt=\"Why produce Silk Pajamas and accessories made in Italy\" class=\"wp-image-3253\" srcset=\"https:\/\/cdn.hoplites.eu\/wp-content\/uploads\/Why-produce-Silk-Pajamas-and-accessories-made-in-Italy.jpg?strip=all&amp;sharp=1 920w, https:\/\/cdn.hoplites.eu\/wp-content\/uploads\/Why-produce-Silk-Pajamas-and-accessories-made-in-Italy-300x189.jpg?strip=all&amp;sharp=1 300w, https:\/\/cdn.hoplites.eu\/wp-content\/uploads\/Why-produce-Silk-Pajamas-and-accessories-made-in-Italy-768x484.jpg?strip=all&amp;sharp=1 768w, https:\/\/cdn.hoplites.eu\/wp-content\/uploads\/Why-produce-Silk-Pajamas-and-accessories-made-in-Italy.jpg?strip=all&amp;sharp=1&amp;w=184 184w, https:\/\/cdn.hoplites.eu\/wp-content\/uploads\/Why-produce-Silk-Pajamas-and-accessories-made-in-Italy.jpg?strip=all&amp;sharp=1&amp;w=368 368w, https:\/\/cdn.hoplites.eu\/wp-content\/uploads\/Why-produce-Silk-Pajamas-and-accessories-made-in-Italy.jpg?strip=all&amp;sharp=1&amp;w=552 552w, https:\/\/cdn.hoplites.eu\/wp-content\/uploads\/Why-produce-Silk-Pajamas-and-accessories-made-in-Italy.jpg?strip=all&amp;sharp=1&amp;w=450 450w\" sizes=\"(max-width: 920px) 100vw, 920px\" \/><\/figure>\n\n\n\n<p><span style=\"font-size: 12pt; font-family: georgia, palatino, serif;\"><strong>Comfort<\/strong><\/span><\/p>\n\n\n\n<p><span style=\"font-size: 12pt; font-family: georgia, palatino, serif;\">Si potrebbe dire sicuramente che, quando si va a letto, una delle cose fondamentali sia la comodit\u00e0 del <strong>pigiama<\/strong> che si indossa. In realt\u00e0, molti preferiscono non indossare nulla, \u00e8 nota l\u2019osservazione di Marilyn\u00a0Monroe che asseriva di indossare a letto solo alcune gocce del suo profumo preferito. Ognuno ha il proprio parere ed \u00e8 giusto cos\u00ec.<\/span><\/p>\n\n\n\n<p><strong>Vibrazioni positive<\/strong><\/p>\n\n\n\n<p>Per\u00f2 va anche detto che alla semplice <strong>comodit\u00e0<\/strong> pu\u00f2 far piacere accostare altre sensazioni estremamente gradevoli, in grado di aumentare le \u201cvibrazioni positive\u201d percepibili stando a letto, sia stando soli che in compagnia di qualcuno.<\/p>\n\n\n\n<p>E queste sono sensazioni che un buon <strong>pigiama in seta (completato da accessori in abbinamento)<\/strong>, realizzato con gli elevati standard del <strong>vero made in Italy<\/strong>, \u00e8 sicuramente in grado di offrire, garantendo alla pelle il costante contatto con una superficie estremamente piacevole, liscia e avvolgente, che amplifica tutte le buone sensazioni derivanti dallo stare a letto, uno dei luoghi pi\u00f9 evocativi e iconici di una casa. In fin dei conti essa \u00e8 la <strong>comfort zone<\/strong> per antonomasia: giusto?<\/p>\n\n\n\n<p><\/p>\n\n\n\n<h2 class=\"wp-block-heading\">Vantaggi e benefici della seta nei pigiami<\/h2>\n\n\n\n<p>Un pigiama in seta non \u00e8 solo una soluzione ideale per il comfort, le vibrazioni positive, la sostenibilit\u00e0 e un costo accessibile a tutti, ma estende le proprie qualit\u00e0 anche a fattori che influenzano la nostra salute quotidianamente.<\/p>\n\n\n\n<p>Non tutti sanno che questo meraviglioso materiale ha delle propriet\u00e0 benefiche, che applicate a un pigiama di qualit\u00e0 possono garantire benessere nel corso degli anni. Diamo uno sguardo ai benefici della seta nei pigiami.<\/p>\n\n\n\n<h3 class=\"wp-block-heading\">Qualit\u00e0 del sonno<\/h3>\n\n\n\n<p>Tra i vantaggi pi\u00f9 significativi nello scegliere un pigiama in seta figura sicuramente un incremento della qualit\u00e0 del sonno. Tantissime persone non riescono a addormentarsi nel modo migliore, nel corso del tempo tale problematica influisce non solo sull&#8217;energia del proprio corpo, ma anche sull&#8217;emotivit\u00e0 e l&#8217;ansia.<\/p>\n\n\n\n<p>Un pigiama in seta \u00e8 un vero toccasana per la pelle poich\u00e9 ha delle propriet\u00e0 termoregolatrici che possono coniugare nel migliore dei modi il sonno. La seta si regola autonomamente alle temperature ambientali, donando freschezza nelle notti pi\u00f9 calde e soprattutto caldo quando le temperature tendono a calare.<\/p>\n\n\n\n<p>Come \u00e8 facile dedurre, un pigiama costruito con questo materiale aiuta a conciliare il sonno nel modo migliore possibile, evitando tantissime problematiche legate al riposo, quest&#8217;ultimo essenziale per una vita sana e ricca di energie.<\/p>\n\n\n\n<h3 class=\"wp-block-heading\">La seta pu\u00f2 prevenire la sclerosi vascolare<\/h3>\n\n\n\n<p>Tra le motivazioni che spingono sempre pi\u00f9 persone ad acquistare un pigiama in seta figura la sua capacit\u00e0 di prevenire la sclerosi vascolare.<\/p>\n\n\n\n<p>Con questo termine si identifica quella funzione anti-invecchiamento che consente di avere una pelle sempre liscia e levigata, anche nei periodi di stress intenso dovuti da lavoro e attivit\u00e0 familiari.<\/p>\n\n\n\n<p>Grazie alle sue fibre, la seta ha la capacit\u00e0 di mantenere la pelle liscia e umida, donando al corpo una sensazione molto piacevole. Non \u00e8 un caso che l&#8217;utilizzo di un pigiama in seta venga accompagnato da fodere per il cuscino dello stesso materiale. Farsi avvolgere dalla seta regala una sensazione piacevole e garantisce un miglioramento della qualit\u00e0 sulla pelle.<\/p>\n\n\n\n<h3 class=\"wp-block-heading\">Estetica<\/h3>\n\n\n\n<p>Per quanto possa essere un beneficio puramente visivo, indossare un pigiama in seta garantisce un&#8217;estetica sicuramente di valore rispetto al tradizionale pigiama in cotone o in lana. La qualit\u00e0 costruttiva si lega perfettamente a colori e linee eleganti che consentono di indossarlo anche nella quotidianit\u00e0, senza risultare fuori contesto.<\/p>\n\n\n\n<p>La bellezza della seta \u00e8 evidente, bisogna valorizzarla con colori accesi volti ad abbracciare le forme del proprio corpo, senza mai essere invadenti.<\/p>\n\n\n\n<h3 class=\"wp-block-heading\">Resistenza<\/h3>\n\n\n\n<p>Scegliere un pigiama in seta non garantisce solo un&#8217;estetica eccellente e un benessere per la pelle del nostro corpo, ma aggiunge anche un aspetto molto importante per chi guarda al futuro: la resistenza.<\/p>\n\n\n\n<p>Un filo di seta \u00e8 estremamente resistente, tanto quanto l&#8217;acciaio con lo stesso spessore, ci\u00f2 rende evidente come sia un materiale dalla longevit\u00e0 eccezionale. Optare per un pigiama in seta significa affidarsi a un prodotto che duri nel tempo, consentendo di utilizzarlo quotidianamente senza avere paura di rovinarlo.<\/p>\n\n\n\n<p>Il cotone oppure la lana sono materiali che hanno propriet\u00e0 diverse, ma non saranno mai resistenti quanto la seta.<\/p>\n\n\n\n<h3 class=\"wp-block-heading\">Antiallergica e antibatterica<\/h3>\n\n\n\n<p>Negli ultimi anni sempre pi\u00f9 persone sono particolarmente sensibili ad allergeni e batteri, affinch\u00e9 si possano evitare rossori e irritazioni \u00e8 indispensabile scegliere dei prodotti che siano antiallergici e antibatterici.<\/p>\n\n\n\n<p>Da questo punto di vista la seta \u00e8 il materiale perfetto per chi non vuole problemi per fronteggiare allergie e batteri. Il pigiama in seta \u00e8 indicato per tutti coloro che vogliono la massima sicurezza mentre dormono, volta non solo agli adulti, ma soprattutto ai bambini che non hanno ancora manifestato i primi sintomi di irritazione.<\/p>\n\n\n\n<p>Proteggere i pi\u00f9 piccoli con un pigiama in seta \u00e8 la soluzione ideale se si presentassero dubbi su potenziali allergie.<\/p>\n\n\n\n<h3 class=\"wp-block-heading\">Traspirante e assorbente<\/h3>\n\n\n\n<p>Vantaggi da non sottovalutare della seta nei pigiami sono sicuramente le sue capacit\u00e0 traspiranti e assorbenti.<\/p>\n\n\n\n<p>Queste due caratteristiche permettono di lasciare la pelle fresca e asciutta, soprattutto quando il caldo comincia a farsi intenso. Come \u00e8 facile intuire, scegliere un pigiama traspirante in seta permette di gestire al meglio anche l&#8217;aspetto di regolazione termica notturna, lasciando alle spalle tutte quelle problematiche di abbinare l&#8217;intimo perfetto.<\/p>\n\n\n\n<p>Un pigiama realizzato in seta permette di gestire meglio anche il proprio outfit notturno, abbassando notevolmente lo stress legato alla scelta dell&#8217;intimo e di materiali conformi.<\/p>\n\n\n\n<h3 class=\"wp-block-heading\">Adatta a tutte le stagioni<\/h3>\n\n\n\n<p>Un pigiama in seta, oltre a essere pi\u00f9 leggero, morbido e a racchiudere i benefici precedentemente elencati, si caratterizza per essere la soluzione perfetta in tutte le stagioni.<\/p>\n\n\n\n<p>Abbiamo gi\u00e0 evidenziato le propriet\u00e0 termoregolatrici, ma non abbiamo sottolineato come questo materiale consenta di assorbire i raggi ultravioletti, proteggendo la pelle da scottature e problematiche annesse.<\/p>\n\n\n\n<p>Prendere il sole sul proprio terrazzo senza scottarsi in estate con un pigiama in seta, non \u00e8 solo una fantasia ma una piacevole realt\u00e0.<\/p>\n\n\n\n<p><strong>Costi<\/strong>:<\/p>\n\n\n\n<p>Come da nostra consuetudine forniamo sempre un <strong>preventivo gratuito<\/strong>, sia per la realizzazione dei <strong>campioni<\/strong> che della successiva <strong>produzione seriale<\/strong>; se ci vengono fornite anche indicazioni circa il budget che si ha a disposizione o il prezzo di produzione entro cui si desideri rientrare, sar\u00f2 felice di darti s<strong>uggerimenti circa il materiale pi\u00f9 adatto<\/strong> da usare e le quantit\u00e0 da produrre <strong>per soddisfare le esigenze di mercato<\/strong>.<\/p>\n\n\n\n<p><strong>Sostenibilit\u00e0 Ambientale<\/strong><\/p>\n\n\n\n<p>Oggigiorno \u00e8 fondamentale per qualsiasi produzione attenersi a criteri rigorosi di sostenibilit\u00e0 ambientale e Hoplites S.r.l. \u00e8 sempre estremamente attenta nel vigilare affinch\u00e8 tutto avvenga nel rispetto della <strong>eco-sostenibilit\u00e0<\/strong>.<\/p>\n\n\n\n<p><strong>Come contattare Hoplites S.r.l. per chiedere una collaborazione?<\/strong><\/p>\n\n\n\n<p>Scrivici a&nbsp;<strong>info@hoplites.it<\/strong>&nbsp;illustrandoci&nbsp;<strong>il tuo progetto di produzione seriale o di campionario<\/strong>, e la nostra responsabile di produzione sar\u00e0 felice di risponderti.<\/p>\n\n\n\n<p>Foto: Collezione Gelso Milano<\/p>\n\n\n\n<figure class=\"wp-block-gallery has-nested-images columns-default is-cropped wp-block-gallery-1 is-layout-flex wp-block-gallery-is-layout-flex\">\n<figure class=\"wp-block-image size-large\"><a href=\"https:\/\/cdn.hoplites.eu\/wp-content\/uploads\/pigiamini-in-seta-pitonato.jpg?strip=all&sharp=1&w=2560\"><img decoding=\"async\" width=\"665\" height=\"800\" data-id=\"3571\" src=\"https:\/\/cdn.hoplites.eu\/wp-content\/uploads\/pigiamini-in-seta-pitonato.jpg?strip=all&sharp=1\" alt=\"\" class=\"wp-image-3571\" srcset=\"https:\/\/cdn.hoplites.eu\/wp-content\/uploads\/pigiamini-in-seta-pitonato.jpg?strip=all&amp;sharp=1 665w, https:\/\/cdn.hoplites.eu\/wp-content\/uploads\/pigiamini-in-seta-pitonato-249x300.jpg?strip=all&amp;sharp=1 249w, https:\/\/cdn.hoplites.eu\/wp-content\/uploads\/pigiamini-in-seta-pitonato.jpg?strip=all&amp;sharp=1&amp;w=133 133w, https:\/\/cdn.hoplites.eu\/wp-content\/uploads\/pigiamini-in-seta-pitonato.jpg?strip=all&amp;sharp=1&amp;w=399 399w, https:\/\/cdn.hoplites.eu\/wp-content\/uploads\/pigiamini-in-seta-pitonato.jpg?strip=all&amp;sharp=1&amp;w=532 532w, https:\/\/cdn.hoplites.eu\/wp-content\/uploads\/pigiamini-in-seta-pitonato.jpg?strip=all&amp;sharp=1&amp;w=450 450w\" sizes=\"(max-width: 665px) 100vw, 665px\" \/><\/a><\/figure>\n\n\n\n<figure class=\"wp-block-image size-large\"><a href=\"https:\/\/cdn.hoplites.eu\/wp-content\/uploads\/pigiamini-in-seta-zebra.jpg?strip=all&sharp=1&w=2560\"><img decoding=\"async\" width=\"665\" height=\"800\" data-id=\"3572\" src=\"https:\/\/cdn.hoplites.eu\/wp-content\/uploads\/pigiamini-in-seta-zebra.jpg?strip=all&sharp=1\" alt=\"\" class=\"wp-image-3572\" srcset=\"https:\/\/cdn.hoplites.eu\/wp-content\/uploads\/pigiamini-in-seta-zebra.jpg?strip=all&amp;sharp=1 665w, https:\/\/cdn.hoplites.eu\/wp-content\/uploads\/pigiamini-in-seta-zebra-249x300.jpg?strip=all&amp;sharp=1 249w, https:\/\/cdn.hoplites.eu\/wp-content\/uploads\/pigiamini-in-seta-zebra.jpg?strip=all&amp;sharp=1&amp;w=133 133w, https:\/\/cdn.hoplites.eu\/wp-content\/uploads\/pigiamini-in-seta-zebra.jpg?strip=all&amp;sharp=1&amp;w=399 399w, https:\/\/cdn.hoplites.eu\/wp-content\/uploads\/pigiamini-in-seta-zebra.jpg?strip=all&amp;sharp=1&amp;w=532 532w, https:\/\/cdn.hoplites.eu\/wp-content\/uploads\/pigiamini-in-seta-zebra.jpg?strip=all&amp;sharp=1&amp;w=450 450w\" sizes=\"(max-width: 665px) 100vw, 665px\" \/><\/a><\/figure>\n\n\n\n<figure class=\"wp-block-image size-large\"><a href=\"https:\/\/cdn.hoplites.eu\/wp-content\/uploads\/pigiamini-in-seta-aloe.jpg?strip=all&sharp=1&w=2560\"><img decoding=\"async\" width=\"800\" height=\"800\" data-id=\"3573\" src=\"https:\/\/cdn.hoplites.eu\/wp-content\/uploads\/pigiamini-in-seta-aloe.jpg?strip=all&sharp=1\" alt=\"\" class=\"wp-image-3573\" srcset=\"https:\/\/cdn.hoplites.eu\/wp-content\/uploads\/pigiamini-in-seta-aloe.jpg?strip=all&amp;sharp=1 800w, https:\/\/cdn.hoplites.eu\/wp-content\/uploads\/pigiamini-in-seta-aloe-300x300.jpg?strip=all&amp;sharp=1 300w, https:\/\/cdn.hoplites.eu\/wp-content\/uploads\/pigiamini-in-seta-aloe-150x150.jpg?strip=all&amp;sharp=1 150w, https:\/\/cdn.hoplites.eu\/wp-content\/uploads\/pigiamini-in-seta-aloe-768x768.jpg?strip=all&amp;sharp=1 768w, https:\/\/cdn.hoplites.eu\/wp-content\/uploads\/pigiamini-in-seta-aloe.jpg?strip=all&amp;sharp=1&amp;w=480 480w, https:\/\/cdn.hoplites.eu\/wp-content\/uploads\/pigiamini-in-seta-aloe.jpg?strip=all&amp;sharp=1&amp;w=640 640w\" sizes=\"(max-width: 800px) 100vw, 800px\" \/><\/a><\/figure>\n<\/figure>\n\n<\/div><\/div>","protected":false},"excerpt":{"rendered":"<p>Comfort Si potrebbe dire sicuramente che, quando si va a letto, una delle cose fondamentali sia la comodit\u00e0 del pigiama che si indossa. In realt\u00e0, molti preferiscono non indossare nulla,<\/p>\n","protected":false},"author":1,"featured_media":0,"parent":3666,"menu_order":0,"comment_status":"closed","ping_status":"closed","template":"","meta":{"_acf_changed":false,"inline_featured_image":false,"footnotes":""},"class_list":["post-3692","page","type-page","status-publish"],"acf":[],"_links":{"self":[{"href":"https:\/\/www.hoplites.eu\/it\/wp-json\/wp\/v2\/pages\/3692","targetHints":{"allow":["GET"]}}],"collection":[{"href":"https:\/\/www.hoplites.eu\/it\/wp-json\/wp\/v2\/pages"}],"about":[{"href":"https:\/\/www.hoplites.eu\/it\/wp-json\/wp\/v2\/types\/page"}],"author":[{"embeddable":true,"href":"https:\/\/www.hoplites.eu\/it\/wp-json\/wp\/v2\/users\/1"}],"replies":[{"embeddable":true,"href":"https:\/\/www.hoplites.eu\/it\/wp-json\/wp\/v2\/comments?post=3692"}],"version-history":[{"count":0,"href":"https:\/\/www.hoplites.eu\/it\/wp-json\/wp\/v2\/pages\/3692\/revisions"}],"up":[{"embeddable":true,"href":"https:\/\/www.hoplites.eu\/it\/wp-json\/wp\/v2\/pages\/3666"}],"wp:attachment":[{"href":"https:\/\/www.hoplites.eu\/it\/wp-json\/wp\/v2\/media?parent=3692"}],"curies":[{"name":"wp","href":"https:\/\/api.w.org\/{rel}","templated":true}]}}