{"id":3693,"date":"2022-04-14T12:43:19","date_gmt":"2022-04-14T10:43:19","guid":{"rendered":"https:\/\/www.hoplites.eu\/privacy-policy\/"},"modified":"2022-05-11T16:51:56","modified_gmt":"2022-05-11T14:51:56","slug":"privacy-policy","status":"publish","type":"page","link":"https:\/\/www.hoplites.eu\/it\/privacy-policy\/","title":{"rendered":"Privacy Policy"},"content":{"rendered":"\n<p><strong>TITOLARE:<\/strong> <strong>Hoplites srl<\/strong><br>Via Catullo,52 76123 Andria BT | ITALY<\/p>\n\n\n\n<p><strong>EMAIL<\/strong> :&nbsp;<strong>giuseppe.dinanni@hoplites.it<\/strong><\/p>\n\n\n\n<p><strong>RIFERIMENTI NORMATIVI<\/strong><\/p>\n\n\n\n<ul class=\"wp-block-list\"><li>Direttiva 2002\/58\/CE \u2013 relativa al \u201ctrattamento dei dati personali e alla tutela della vita privata nel settore delle comunicazioni elettroniche\u201d<\/li><li>Regolamento (UE) 2016\/679 del parlamento europeo e del consiglio del 27 aprile 2016 relativo alla protezione delle persone fisiche con riguardo al trattamento dei dati personali, nonch\u00e9 alla libera circolazione di tali dati e che abroga la direttiva 95\/46\/ce (Regolamento Generale sulla Protezione dei Dati).<\/li><\/ul>\n\n\n\n<p><strong>IL TITOLARE DEL TRATTAMENTO<br><\/strong>A seguito della consultazione di questo sito possono essere trattati dati relativi a persone identificate o identificabili. Il \u201cTitolare\u201d del loro trattamento \u00e8 <strong>Hoplites srl<\/strong> (P.IVA 06934630721), con sede legale in Via Catullo,52 76123 Andria BT | Italia.<\/p>\n\n\n\n<p><strong>LUOGO DI TRATTAMENTO DEI DATI E TEMPI DI CONSERVAZIONE<br><\/strong>I trattamenti connessi ai servizi web di questo sito hanno luogo presso la predetta sede del Titolare e sono curati solo da personale da questo espressamente autorizzato, oppure da eventuali fornitori terzi incaricati di occasionali operazioni di manutenzione, nominati Responsabili del trattamento ai sensi dell\u2019articolo 28 del GDPR. I dati raccolti saranno conservati \u2013 per ciascuna tipologia di dati trattati \u2013 esclusivamente per il tempo necessario ad adempiere alle specifiche finalit\u00e0 indicate nelle specifiche informative di sintesi visualizzate nelle pagine del sito e predisposte per particolari servizi.<\/p>\n\n\n\n<p><strong>TIPI DI DATI TRATTATI<\/strong><br><strong>Dati di navigazione<\/strong><br>I sistemi informatici e le procedure software preposte al funzionamento di questo sito web acquisiscono, nel corso del loro normale esercizio, alcuni dati personali la cui trasmissione \u00e8 implicita nell\u2019uso dei protocolli di comunicazione di Internet.&nbsp;Si tratta di informazioni che non sono raccolte per essere associate a interessati identificati, ma che per loro stessa natura potrebbero, attraverso elaborazioni ed associazioni con dati detenuti da terzi, permettere di identificare gli utenti.&nbsp;In questa categoria di dati rientrano gli indirizzi IP o i nomi a dominio dei computer utilizzati dagli utenti che si connettono al sito, gli indirizzi in notazione URI (Uniform Resource Identifier) delle risorse richieste, l\u2019orario della richiesta, il metodo utilizzato nel sottoporre la richiesta al server, la dimensione del file ottenuto in risposta, il codice numerico indicante lo stato della risposta data dal server (buon fine, errore, ecc.) ed altri parametri relativi al sistema operativo e all\u2019ambiente informatico dell\u2019utente.&nbsp;Questi dati vengono utilizzati al solo fine di ricavare informazioni statistiche anonime sull\u2019uso del sito e per controllarne il corretto funzionamento e vengono cancellati immediatamente dopo l\u2019elaborazione. I dati potrebbero essere utilizzati per l\u2019accertamento di responsabilit\u00e0 in caso di ipotetici reati informatici ai danni del sito.<\/p>\n\n\n\n<p><strong>Dati forniti volontariamente dall\u2019utente<br><\/strong>L\u2019invio facoltativo, esplicito e volontario di dati personali da parte dell\u2019utente nei form di registrazione presenti su questo sito comporta la successiva acquisizione dei dati forniti dal mittente, necessari per l\u2019erogazione del servizio richiesto. Specifiche informative di sintesi verranno progressivamente riportate o visualizzate nelle pagine del sito predisposte per particolari servizi a richiesta.<\/p>\n\n\n\n<p><strong>MODALIT\u00c0 DEL TRATTAMENTO E TEMPI DI CONSERVAZIONE<br><\/strong>I dati personali sono trattati, anche mediante l\u2019ausilio di strumenti automatizzati, per il tempo strettamente necessario a conseguire gli scopi per cui sono stati raccolti.&nbsp;Specifiche misure di sicurezza sono osservate per prevenire la perdita dei dati, usi illeciti o non corretti ed accessi non autorizzati. Il Titolare ha adottato tutte le misure minime di sicurezza previste dalla legge ed ispirandosi ai principali standard internazionali, ha inoltre adottato misure di sicurezza ulteriori per ridurre al minimo i rischi afferenti la riservatezza, la disponibilit\u00e0 e l\u2019integrit\u00e0 dei dati personali raccolti e trattati.<\/p>\n\n\n\n<p><strong>CONDIVISIONE, COMUNICAZIONE E DIFFUSIONE DEI DATI<br><\/strong>I dati raccolti potranno essere trasferiti o comunicati ad altre societ\u00e0 per attivit\u00e0 strettamente connesse e strumentali all\u2019operativit\u00e0 del servizio, come la gestione del sistema informatico. I dati personali forniti dagli utenti che inoltrano richieste di invio di materiale informativo (brochure, materiale informativo, ecc.) sono utilizzati al solo fine di eseguire il servizio o la prestazione richiesta e sono comunicati a terzi nel solo caso in cui ci\u00f2 sia a tal fine necessario (societ\u00e0 che forniscono servizi di imbustamento, etichettatura, spedizione). Al di fuori di questi casi, i dati personali non saranno comunicati salvo previsione contrattuale o di legge, ovvero salvo specifico consenso richiesto all\u2019interessato.<\/p>\n\n\n\n<p>In questo senso, i dati personali potrebbero essere trasmessi a terze parti, ma solo ed esclusivamente nel caso in cui:<\/p>\n\n\n\n<p>1. vi sia consenso esplicito a condividere i dati con terze parti;<\/p>\n\n\n\n<p>2. vi sia la necessit\u00e0 di condividere con terzi le informazioni al fine di prestare il servizio richiesto;<\/p>\n\n\n\n<p>3. ci\u00f2 sia necessario per adempiere a richieste dell\u2019Autorit\u00e0 Giudiziaria o di Pubblica Sicurezza.<\/p>\n\n\n\n<p>Nessun dato derivante dal servizio web viene diffuso.<\/p>\n\n\n\n<p><strong>DIRITTI DEGLI INTERESSATI<br><\/strong>La normativa a protezione dei dati personali prevede espressamente alcuni diritti in capo ai soggetti cui dati si riferiscono (c.d. interessato). In particolare, ai sensi degli articoli 15 e ss. del Regolamento (UE) 2016\/679, ciascun interessato ha il diritto di ottenere la conferma dell\u2019esistenza o meno di dati che lo riguardano, di ottenere l\u2019indicazione dell\u2019origine e delle finalit\u00e0 e modalit\u00e0 del trattamento, l\u2019aggiornamento, la rettificazione, l\u2019integrazione dei dati nonch\u00e9 la loro cancellazione qualora trattati in violazione di legge o qualora sussista uno dei motivi specificati dall\u2019articolo 17 del Regolamento (UE) 2016\/679.&nbsp;L\u2019interessato ha, altres\u00ec, il diritto di proporre reclamo a un\u2019autorit\u00e0 di controllo qualora ritenesse che i diritti qui indicati non le siano stati riconosciuti.<\/p>\n\n\n\n<p><strong>MODIFICHE ALLE PRESENTI POLITICHE SULLA PRIVACY<\/strong><br>Il Titolare verifica periodicamente la propria politica relativa alla privacy e alla sicurezza e, se del caso, la rivede in relazione alle modifiche normative, organizzative o dettate dall\u2019evoluzione tecnologica. In caso di modifica delle politiche, la nuova versione sar\u00e0 pubblicata in questa pagina del sito.<\/p>\n\n\n\n<p><strong>DOMANDE, RECLAMI, SUGGERIMENTI E ESERCIZIO DEI DIRITTI<br><\/strong>Chiunque fosse interessato a maggiori informazioni, a contribuire con propri suggerimenti o avanzare reclami o contestazioni in merito alle politiche privacy, sul modo in cui la nostra Societ\u00e0 tratta i dati personali, nonch\u00e9 per far valere i propri diritti previsti dalla normativa in materia di protezione dei dati personali, pu\u00f2 rivolgersi al Titolare del trattamento scrivendo a <strong>Hoplites srl<\/strong> (P.IVA 06934630721), con sede legale in Via Catullo, 52 76123 Andria BT | Italia,&nbsp;oppure inviando una e-mail a&nbsp;<strong>giuseppe.dinanni@hoplites.it<\/strong>.<\/p>\n\n\n\n<p><strong>LEGGE E GIURISDIZIONE<\/strong><br>L\u2019interpretazione e l\u2019esecuzione di queste condizioni sono regolate dalla legge italiana. Il Titolare si riserva di ottenere rimedi urgenti, per proteggere i propri interessi e far rispettare i propri diritti.<\/p>\n","protected":false},"excerpt":{"rendered":"<p>TITOLARE: Hoplites srlVia Catullo,52 76123 Andria BT | ITALY EMAIL :&nbsp;giuseppe.dinanni@hoplites.it RIFERIMENTI NORMATIVI Direttiva 2002\/58\/CE \u2013 relativa al \u201ctrattamento dei dati personali e alla tutela della vita privata nel settore<\/p>\n","protected":false},"author":1,"featured_media":0,"parent":0,"menu_order":0,"comment_status":"closed","ping_status":"closed","template":"","meta":{"_acf_changed":false,"inline_featured_image":false,"footnotes":""},"class_list":["post-3693","page","type-page","status-publish"],"acf":[],"_links":{"self":[{"href":"https:\/\/www.hoplites.eu\/it\/wp-json\/wp\/v2\/pages\/3693","targetHints":{"allow":["GET"]}}],"collection":[{"href":"https:\/\/www.hoplites.eu\/it\/wp-json\/wp\/v2\/pages"}],"about":[{"href":"https:\/\/www.hoplites.eu\/it\/wp-json\/wp\/v2\/types\/page"}],"author":[{"embeddable":true,"href":"https:\/\/www.hoplites.eu\/it\/wp-json\/wp\/v2\/users\/1"}],"replies":[{"embeddable":true,"href":"https:\/\/www.hoplites.eu\/it\/wp-json\/wp\/v2\/comments?post=3693"}],"version-history":[{"count":0,"href":"https:\/\/www.hoplites.eu\/it\/wp-json\/wp\/v2\/pages\/3693\/revisions"}],"wp:attachment":[{"href":"https:\/\/www.hoplites.eu\/it\/wp-json\/wp\/v2\/media?parent=3693"}],"curies":[{"name":"wp","href":"https:\/\/api.w.org\/{rel}","templated":true}]}}