{"id":3708,"date":"2022-05-03T11:41:04","date_gmt":"2022-05-03T09:41:04","guid":{"rendered":"https:\/\/www.hoplites.eu\/startup-fashion\/"},"modified":"2022-05-11T17:55:12","modified_gmt":"2022-05-11T15:55:12","slug":"come-avviare-una-linea-di-abbigliamento","status":"publish","type":"page","link":"https:\/\/www.hoplites.eu\/it\/come-avviare-una-linea-di-abbigliamento\/","title":{"rendered":"Come avviare una linea di abbigliamento"},"content":{"rendered":"<div class=\"gb-container gb-container-6fac96ab\"><div class=\"gb-inside-container\">\n\n<figure class=\"wp-block-image size-full\"><img decoding=\"async\" width=\"920\" height=\"580\" src=\"https:\/\/cdn.hoplites.eu\/wp-content\/uploads\/startup-fashion.jpg?strip=all&sharp=1\" alt=\"\" class=\"wp-image-3258\" srcset=\"https:\/\/cdn.hoplites.eu\/wp-content\/uploads\/startup-fashion.jpg?strip=all&amp;sharp=1 920w, https:\/\/cdn.hoplites.eu\/wp-content\/uploads\/startup-fashion-300x189.jpg?strip=all&amp;sharp=1 300w, https:\/\/cdn.hoplites.eu\/wp-content\/uploads\/startup-fashion-768x484.jpg?strip=all&amp;sharp=1 768w, https:\/\/cdn.hoplites.eu\/wp-content\/uploads\/startup-fashion.jpg?strip=all&amp;sharp=1&amp;w=184 184w, https:\/\/cdn.hoplites.eu\/wp-content\/uploads\/startup-fashion.jpg?strip=all&amp;sharp=1&amp;w=368 368w, https:\/\/cdn.hoplites.eu\/wp-content\/uploads\/startup-fashion.jpg?strip=all&amp;sharp=1&amp;w=552 552w, https:\/\/cdn.hoplites.eu\/wp-content\/uploads\/startup-fashion.jpg?strip=all&amp;sharp=1&amp;w=450 450w\" sizes=\"(max-width: 920px) 100vw, 920px\" \/><\/figure>\n\n\n\n<p><strong>Creare<\/strong>&nbsp;e lanciare una propria&nbsp;<strong>linea di moda<\/strong>&nbsp;sul mercato non \u00e8 semplice,<\/p>\n\n\n\n<p>soprattutto nella scelta dei giusti passi.<\/p>\n\n\n\n<p>Gli elementi di cui tener conto sono innumerevoli e tutti molto importanti: spesso vengono sottovalutati o ignorati.<\/p>\n\n\n\n<p>Se si decide di partecipare ad una&nbsp;<strong>sfilata<\/strong>&nbsp;con una propria linea, alcuni passaggi sono obbligati, come ad esempio, la conoscenza della fascia di mercato in cui ci si propone, lo studio della concorrenza, la valutazione del prezzo e poi a seguire i canali distributivi e la promozione.<\/p>\n\n\n\n<p>Vi sarebbe tanto altro da aggiungere, ma noi ci occuperemo delle fasi che ci coinvolgono direttamente: siamo un server di&nbsp;<strong>produzione di abbigliamento<\/strong>, ed il suo rilevante know-how trova modo di esprimersi al suo meglio in due attivit\u00e0 ben specifiche<\/p>\n\n\n\n<ul class=\"wp-block-list\"><li><strong>Produzioni per conto dei brand dei nostri clienti.<\/strong><\/li><li><strong>Realizzazioni di campionari di assoluta eccellenza.<\/strong><\/li><\/ul>\n\n\n\n<p>La fase relativa alla produzione dell\u2019abbigliamento, spesso non viene valutata con la giusta ottica, accorgendosi di quanto sia&nbsp;<strong>complessa e delicata<\/strong>&nbsp;solo nel momento di difficolt\u00e0, o nel caso in cui il prodotto finale sia qualitativamente inferiore rispetto alle aspettative.<\/p>\n\n\n\n<p>Indice di superficialit\u00e0 da parte di chi ha affidato la&nbsp;<strong>gestione<\/strong>&nbsp;di questa fase; quest\u2019ultima viene spesso posta in secondo piano, e solo nel momento in cui dovessero venir fuori seri problemi o nel caso il prodotto finale, sia qualitativamente inferiore rispetto alle aspettative, ci si rende conto della approssimazione nella gestione di questa fase delicata.<\/p>\n\n\n\n<p>Possiamo affermare che spesso ci capita di incontrare clienti delusi da traumatiche esperienze di produzione, ecco perch\u00e9 bisogna prevenire. Inoltre, le richieste di collaborazione provengono anche da coloro che hanno deciso di imporre il proprio&nbsp;<strong>brand<\/strong>&nbsp;in fasce di mercato di alto livello, irraggiungibili senza un prodotto eseguito con standard di assoluta eccellenza.<\/p>\n\n\n\n<p>La nostra collaborazione non solo dispensa il cliente da compiti impegnativi, quali il costante&nbsp;<strong>controllo<\/strong>&nbsp;di ogni singolo&nbsp;<strong>laboratorio<\/strong>&nbsp;impegnato nella produzione, nonch\u00e9 la necessit\u00e0 di trovare rapidamente soluzioni ideali per tutte le problematiche relative, che quotidianamente si presentano. Ma anche gli permette di potersi concentrare sull\u2019aspetto commerciale, quindi curare al meglio le&nbsp;<strong>fiere<\/strong>, le&nbsp;<strong>sfilate<\/strong>&nbsp;e la successiva&nbsp;<strong>vendita<\/strong>.<\/p>\n\n\n\n<p>Se siete d\u2019accordo sull\u2019importanza di tali argomenti, continuate a leggerci perch\u00e9 cercheremo di spiegare meglio quanto sia determinante nella buona riuscita del Vostro progetto, &nbsp;la seriet\u00e0 e la professionalit\u00e0 con la quale devono essere gestite fasi delicate come la&nbsp;<strong>produzione dei capi di abbigliamento<\/strong>&nbsp;o la&nbsp;<strong>realizzazione di campionari.<\/strong><\/p>\n\n<\/div><\/div>\n\n<div class=\"gb-container gb-container-7a02aacf\"><div class=\"gb-inside-container\">\n\n<h3 class=\"gb-headline gb-headline-e02f7c9f gb-headline-text\">Argomenti correlati<\/h3>\n\n\n<div class=\"list-post\"><\/div>\n\n<\/div><\/div>","protected":false},"excerpt":{"rendered":"<p>Creare&nbsp;e lanciare una propria&nbsp;linea di moda&nbsp;sul mercato non \u00e8 semplice, soprattutto nella scelta dei giusti passi. Gli elementi di cui tener conto sono innumerevoli e tutti molto importanti: spesso vengono<\/p>\n","protected":false},"author":1,"featured_media":0,"parent":0,"menu_order":0,"comment_status":"closed","ping_status":"closed","template":"","meta":{"_acf_changed":false,"inline_featured_image":false,"footnotes":""},"class_list":["post-3708","page","type-page","status-publish"],"acf":[],"_links":{"self":[{"href":"https:\/\/www.hoplites.eu\/it\/wp-json\/wp\/v2\/pages\/3708","targetHints":{"allow":["GET"]}}],"collection":[{"href":"https:\/\/www.hoplites.eu\/it\/wp-json\/wp\/v2\/pages"}],"about":[{"href":"https:\/\/www.hoplites.eu\/it\/wp-json\/wp\/v2\/types\/page"}],"author":[{"embeddable":true,"href":"https:\/\/www.hoplites.eu\/it\/wp-json\/wp\/v2\/users\/1"}],"replies":[{"embeddable":true,"href":"https:\/\/www.hoplites.eu\/it\/wp-json\/wp\/v2\/comments?post=3708"}],"version-history":[{"count":0,"href":"https:\/\/www.hoplites.eu\/it\/wp-json\/wp\/v2\/pages\/3708\/revisions"}],"wp:attachment":[{"href":"https:\/\/www.hoplites.eu\/it\/wp-json\/wp\/v2\/media?parent=3708"}],"curies":[{"name":"wp","href":"https:\/\/api.w.org\/{rel}","templated":true}]}}