{"id":3718,"date":"2022-05-03T13:05:41","date_gmt":"2022-05-03T11:05:41","guid":{"rendered":"https:\/\/www.hoplites.eu\/working-procedures-and-timing\/"},"modified":"2022-10-06T14:43:46","modified_gmt":"2022-10-06T12:43:46","slug":"procedure-lavorative-e-tempistiche","status":"publish","type":"page","link":"https:\/\/www.hoplites.eu\/it\/procedure-lavorative-e-tempistiche\/","title":{"rendered":"Tempistiche per la realizzazione di una collezione di abbigliamento"},"content":{"rendered":"<div class=\"gb-container gb-container-6fac96ab\"><div class=\"gb-inside-container\">\n\n<figure class=\"wp-block-image size-full\"><img decoding=\"async\" width=\"920\" height=\"580\" src=\"https:\/\/cdn.hoplites.eu\/wp-content\/uploads\/Scelta-materiali.jpg?strip=all&sharp=1\" alt=\"\" class=\"wp-image-3259\" srcset=\"https:\/\/cdn.hoplites.eu\/wp-content\/uploads\/Scelta-materiali.jpg?strip=all&amp;sharp=1 920w, https:\/\/cdn.hoplites.eu\/wp-content\/uploads\/Scelta-materiali-300x189.jpg?strip=all&amp;sharp=1 300w, https:\/\/cdn.hoplites.eu\/wp-content\/uploads\/Scelta-materiali-768x484.jpg?strip=all&amp;sharp=1 768w, https:\/\/cdn.hoplites.eu\/wp-content\/uploads\/Scelta-materiali.jpg?strip=all&amp;sharp=1&amp;w=184 184w, https:\/\/cdn.hoplites.eu\/wp-content\/uploads\/Scelta-materiali.jpg?strip=all&amp;sharp=1&amp;w=368 368w, https:\/\/cdn.hoplites.eu\/wp-content\/uploads\/Scelta-materiali.jpg?strip=all&amp;sharp=1&amp;w=552 552w, https:\/\/cdn.hoplites.eu\/wp-content\/uploads\/Scelta-materiali.jpg?strip=all&amp;sharp=1&amp;w=450 450w\" sizes=\"(max-width: 920px) 100vw, 920px\" \/><\/figure>\n\n\n\n<h2 class=\"gb-headline gb-headline-54f9717d gb-headline-text\">Nuova collezione (campionario)<\/h2>\n\n\n\n<p>A partire dal momento in cui accettiamo l\u2019incarico, le tempistiche necessarie per la consegna dei campioni definitivi dipendono sostanzialmente dalla complessit\u00e0 del progetto: di seguito potete vedere i passaggi che seguiamo sin dal primo contatto con un nuovo potenziale cliente:<\/p>\n\n\n\n<ul class=\"wp-block-list\"><li>Chiediamo di inoltrarci schizzi insieme a dettagli tecnici su tutti gli articoli che il cliente vorrebbe affidarci.<\/li><li>Elaboriamo un preventivo indicativo per verificare se i nostri prezzi sono compatibili con quelli richiesti dal cliente. In caso di feedback positivo si va avanti.<\/li><li>Se il cliente desidera che realizziamo i modelli, possiamo occuparci di farlo presso i nostri modellisti convenzionati basandoci sugli schizzi e le indicazioni del cliente.<\/li><\/ul>\n\n\n\n<div style=\"height:40px\" aria-hidden=\"true\" class=\"wp-block-spacer\"><\/div>\n\n\n<div class=\"gb-grid-wrapper gb-grid-wrapper-6a8e7436\">\n<div class=\"gb-grid-column gb-grid-column-56919908\"><div class=\"gb-container gb-container-56919908\"><div class=\"gb-inside-container\">\n\n<figure class=\"wp-block-image size-full\"><img decoding=\"async\" width=\"450\" height=\"338\" src=\"https:\/\/cdn.hoplites.eu\/wp-content\/uploads\/Taglio.jpg?strip=all&sharp=1\" alt=\"\" class=\"wp-image-3260\" srcset=\"https:\/\/cdn.hoplites.eu\/wp-content\/uploads\/Taglio.jpg?strip=all&amp;sharp=1 450w, https:\/\/cdn.hoplites.eu\/wp-content\/uploads\/Taglio-300x225.jpg?strip=all&amp;sharp=1 300w, https:\/\/cdn.hoplites.eu\/wp-content\/uploads\/Taglio.jpg?strip=all&amp;sharp=1&amp;w=90 90w, https:\/\/cdn.hoplites.eu\/wp-content\/uploads\/Taglio.jpg?strip=all&amp;sharp=1&amp;w=180 180w, https:\/\/cdn.hoplites.eu\/wp-content\/uploads\/Taglio.jpg?strip=all&amp;sharp=1&amp;w=360 360w\" sizes=\"(max-width: 450px) 100vw, 450px\" \/><\/figure>\n\n<\/div><\/div><\/div>\n\n<div class=\"gb-grid-column gb-grid-column-7e525458\"><div class=\"gb-container gb-container-7e525458\"><div class=\"gb-inside-container\">\n\n<figure class=\"wp-block-image size-full\"><img decoding=\"async\" width=\"450\" height=\"338\" src=\"https:\/\/cdn.hoplites.eu\/wp-content\/uploads\/img-working-procedures.jpg?strip=all&sharp=1\" alt=\"\" class=\"wp-image-3262\" srcset=\"https:\/\/cdn.hoplites.eu\/wp-content\/uploads\/img-working-procedures.jpg?strip=all&amp;sharp=1 450w, https:\/\/cdn.hoplites.eu\/wp-content\/uploads\/img-working-procedures-300x225.jpg?strip=all&amp;sharp=1 300w, https:\/\/cdn.hoplites.eu\/wp-content\/uploads\/img-working-procedures.jpg?strip=all&amp;sharp=1&amp;w=90 90w, https:\/\/cdn.hoplites.eu\/wp-content\/uploads\/img-working-procedures.jpg?strip=all&amp;sharp=1&amp;w=180 180w, https:\/\/cdn.hoplites.eu\/wp-content\/uploads\/img-working-procedures.jpg?strip=all&amp;sharp=1&amp;w=360 360w\" sizes=\"(max-width: 450px) 100vw, 450px\" \/><\/figure>\n\n<\/div><\/div><\/div>\n<\/div>\n\n\n<div style=\"height:40px\" aria-hidden=\"true\" class=\"wp-block-spacer\"><\/div>\n\n\n\n<ul class=\"wp-block-list\"><li>Quando modelli e tessuti sono disponibili, facciamo realizzare un prototipo per ogni articolo della collezione: quando saranno pronti se ne dovr\u00e0 testare la vestibilit\u00e0. Possiamo spedirli al cliente che proceder\u00e0 alla prova di vestibilit\u00e0, oppure il cliente pu\u00f2 venire qui e la prova di vestibilit\u00e0 potr\u00e0 essere effettuata in nostra presenza. Questo Test \u00e8 un momento cruciale perch\u00e9 \u00e8 quando verr\u00e0 analizzato non solo il modo in cui i capi si adattano al corpo, ma anche se le prestazioni del tessuto e le rifiniture corrispondono alle aspettative del designer. Quindi, se ci dovesse essere qualche modifica da fare, quello \u00e8 il momento in cui questo dovrebbe essere deciso prima di andare avanti. Se il cliente \u00e8 impossibilitato a venire da noi e quindi gli abbiamo spedito i prototipi, in tal caso sar\u00e0 essenziale che riceviamo indietro i prototipi con tutti i commenti dettagliati scritti dal cliente riguardo eventuali modifiche da applicare.<\/li><li>Dopo aver deciso tutte le modifiche, lasciamo realizzare i campioni definitivi che verranno utilizzati dal designer per la sfilata, la passerella, il servizio fotografico, lo showroom o gli incontri con i buyer.<\/li><li>Per quanto riguarda i prezzi per la realizzazione della collezione, in accordo con il design degli stili da sviluppare, diamo un preventivo indicativo del costo di realizzazione di ogni articolo, come scritto sopra. Tale preventivo verr\u00e0 eventualmente confermato dopo la realizzazione del prototipo.<\/li><\/ul>\n\n\n<div class=\"gb-container gb-container-7aab3aac\"><div class=\"gb-inside-container\">\n\n<div style=\"height:40px\" aria-hidden=\"true\" class=\"wp-block-spacer\"><\/div>\n\n<\/div><\/div>\n\n\n<h2 class=\"gb-headline gb-headline-5b9d23c6 gb-headline-text\">Produzione<\/h2>\n\n\n\n<p>Se abbiamo realizzato noi quella collezione, sappiamo gi\u00e0 quanto coster\u00e0 ogni articolo e avremo tutti i dati di cui abbiamo bisogno, inclusi i loro modelli e le relative modifiche. Viceversa, se il cliente ci affida direttamente una produzione la cui campionatura \u00e8 stata realizzata da altri, chiediamo di spedirci i campioni di tutti gli articoli per poterli quotare (confermando il preventivo solo dopo la realizzazione del campione di pre-produzione) e stimiamo i tempi di consegna. In tal caso avremmo bisogno di ricevere tutti i modelli e tutti i dati e i materiali necessari.<\/p>\n\n\n\n<p>Quanto ai tempi, dipende sempre dalla quantit\u00e0 e dalla complessit\u00e0 della produzione e ovviamente va valutata caso per caso.<\/p>\n\n\n<div class=\"wp-block-image\">\n<figure class=\"alignleft size-full\"><img decoding=\"async\" width=\"450\" height=\"338\" src=\"https:\/\/cdn.hoplites.eu\/wp-content\/uploads\/Stiro-imbusto-1.jpg?strip=all&sharp=1\" alt=\"\" class=\"wp-image-3261\" srcset=\"https:\/\/cdn.hoplites.eu\/wp-content\/uploads\/Stiro-imbusto-1.jpg?strip=all&amp;sharp=1 450w, https:\/\/cdn.hoplites.eu\/wp-content\/uploads\/Stiro-imbusto-1-300x225.jpg?strip=all&amp;sharp=1 300w, https:\/\/cdn.hoplites.eu\/wp-content\/uploads\/Stiro-imbusto-1.jpg?strip=all&amp;sharp=1&amp;w=90 90w, https:\/\/cdn.hoplites.eu\/wp-content\/uploads\/Stiro-imbusto-1.jpg?strip=all&amp;sharp=1&amp;w=180 180w, https:\/\/cdn.hoplites.eu\/wp-content\/uploads\/Stiro-imbusto-1.jpg?strip=all&amp;sharp=1&amp;w=360 360w\" sizes=\"(max-width: 450px) 100vw, 450px\" \/><\/figure>\n<\/div>\n\n\n<p>Per quanto riguarda il servizio che possiamo offrire, riassumendo: siamo in grado di curare tutte le fasi di realizzazione (sia di campionatura che di produzione in serie). Sulla base di schizzi (o immagini dettagliate )e dati tecnici fornitici dal cliente, siamo in grado di occuparci di tutto ci\u00f2 che segue: creazione modelli e relativo sviluppo taglie, ricerca e fornitura tessuti, ricerca e fornitura accessori (zip, bottoni, ecc.), produzione (taglio + manifattura + stiro + imbusto); stampa; ricamo; etichette (etichette marchio, etichette di composizione, etichette taglia) e cartellini, imballaggi. Tutte le fasi sono coordinate direttamente da noi.<\/p>\n\n\n\n<p><\/p>\n\n\n\n<p>Hoplites S.r.l., mediante tutte le aziende che collaborano con noi: siamo l\u2019unico riferimento per i nostri clienti e li aggiorniamo costantemente sullo stato di avanzamento della produzione, tramite email e messaggi whatsapp, inviando anche foto ove necessario. Partendo dagli schizzi del cliente, siamo in grado di occuparci di tutto il resto di una produzione fino alla realizzazione del progetto. Tutto 100% made in Italy.<\/p>\n\n\n\n<p><\/p>\n\n\n<div class=\"gb-grid-wrapper gb-grid-wrapper-8a3e5093\"><\/div>\n<\/div><\/div>","protected":false},"excerpt":{"rendered":"<p>Nuova collezione (campionario) A partire dal momento in cui accettiamo l\u2019incarico, le tempistiche necessarie per la consegna dei campioni definitivi dipendono sostanzialmente dalla complessit\u00e0 del progetto: di seguito potete vedere<\/p>\n","protected":false},"author":1,"featured_media":0,"parent":0,"menu_order":0,"comment_status":"closed","ping_status":"closed","template":"","meta":{"_acf_changed":false,"inline_featured_image":false,"footnotes":""},"class_list":["post-3718","page","type-page","status-publish"],"acf":[],"_links":{"self":[{"href":"https:\/\/www.hoplites.eu\/it\/wp-json\/wp\/v2\/pages\/3718","targetHints":{"allow":["GET"]}}],"collection":[{"href":"https:\/\/www.hoplites.eu\/it\/wp-json\/wp\/v2\/pages"}],"about":[{"href":"https:\/\/www.hoplites.eu\/it\/wp-json\/wp\/v2\/types\/page"}],"author":[{"embeddable":true,"href":"https:\/\/www.hoplites.eu\/it\/wp-json\/wp\/v2\/users\/1"}],"replies":[{"embeddable":true,"href":"https:\/\/www.hoplites.eu\/it\/wp-json\/wp\/v2\/comments?post=3718"}],"version-history":[{"count":0,"href":"https:\/\/www.hoplites.eu\/it\/wp-json\/wp\/v2\/pages\/3718\/revisions"}],"wp:attachment":[{"href":"https:\/\/www.hoplites.eu\/it\/wp-json\/wp\/v2\/media?parent=3718"}],"curies":[{"name":"wp","href":"https:\/\/api.w.org\/{rel}","templated":true}]}}